{"id":1779,"date":"2019-10-30T13:10:18","date_gmt":"2019-10-30T12:10:18","guid":{"rendered":"https:\/\/zettransport.com\/rodo\/"},"modified":"2019-10-30T13:23:03","modified_gmt":"2019-10-30T12:23:03","slug":"rodo","status":"publish","type":"page","link":"https:\/\/zettransport.com\/de\/rodo\/","title":{"rendered":"RODO"},"content":{"rendered":"<h4 style=\"text-align: center;\"><strong>Informationsklausel f\u00fcr Kunden von Zet Transport sp. z o.o. [GmbH]<\/strong><\/h4>\n<p>Auf Grundlage von Art. 13, Abs. 1-2 der Verordnung (EU) 2016\/679 des Europ\u00e4ischen Parlaments und des Rates vom 27.04.2016 zum Schutz nat\u00fcrlicher Personen bei der Verarbeitung personenbezogener Daten, zum freien Datenverkehr und zur Aufhebung der Richtlinie 95\/46\/EG (Datenschutz-Grundverordnung) &#8211; im Weiteren genannt: DSGVO &#8211; teilen wir mit, dass:<\/p>\n<p><strong>1. Verarbeiter Ihrer personenbezogenen Daten ist: Zet Transport sp. z o.o. mit Sitz in Nowy S\u0105cz, Adresse: Flisak\u00f3w 1, 33-300 Nowy S\u0105cz, eingetragen in das Unternehmerregister, Wirtschaftsabteilung des Landesgerichtsregisters unter der Nummer KRS 0000254143<\/strong><\/p>\n<p><strong>2. Der Verarbeiter hat einen Datenschutzbeauftragten bestellt. In Fragen bez\u00fcglich des Schutzes von personenbezogenen Daten und zwecks Wahrnehmung Ihrer Rechte:<\/strong><\/p>\n<ol style=\"list-style-type: lower-alpha;\">\n<li>geben wir die Kontaktdaten zu der Person an, die die Funktion des Verarbeiters f\u00fcr Informationssicherheit wahrnimmt, den Sie in Fragen des Schutzes Ihrer personenbezogenen Daten kontaktieren k\u00f6nnen: Verarbeiter Ihrer personenbezogenen Daten ist ZET TRANSPORT SP z o.o. mit Sitz in Nowy S\u0105cz, ul. Flisak\u00f3w 1<\/li>\n<li>Den Datenschutzbeauftragten Norbert Bogucki k\u00f6nnen Sie per E-Mail kontaktieren: <a href=\"mailto:boguckin@bestwayconsulting.pl\">boguckin@bestwayconsulting.pl<\/a><\/li>\n<li>Ihre personenbezogenen Daten werden verarbeitetet, um den Kontakt zu erm\u00f6glichen, auf Grundlage von Art. 6, Abs. 1, Buchstabe a DSGVO.<\/li>\n<li>Ihre personenbezogenen Daten werden f\u00fcr die Dauer aufbewahrt, die notwendig ist, um den Vertrag, den sie betreffen, zu realisieren &#8211; Art. 6, Abs. 1, Buchstabe b DSGVO.<\/li>\n<li>Sie haben das Recht auf Folgendes: vom Verarbeiter Zugriff auf die personenbezogenen Daten zu fordern, das Recht, sie richtigstellen zu lassen, sie l\u00f6schen zu lassen bzw. die Verarbeitung beschr\u00e4nken zu lassen, das Recht, Widerspruch gegen die Verarbeitung einzulegen, aber auch das Recht, die Daten \u00fcbertragen zu lassen.<\/li>\n<li>Sie haben ebenfalls das Recht, eine Beschwerde beim Aufsichtsorgan einzureichen.<\/li>\n<li>Die Angabe der personenbezogenen Daten ist freiwillig.<\/li>\n<\/ol>\n<p><strong>3. Ihre personenbezogenen Daten werden zu folgendem Zweck verarbeitet:<\/strong><\/p>\n<ol style=\"list-style-type: lower-alpha;\">\n<li>der f\u00fcr die Ausf\u00fchrung des Vertrags notwendig ist, deren Vertragspartei Sie sind, auf Grundlage von Art. 6, Abs. 1, Buchstabe b DSGVO;<\/li>\n<li>der f\u00fcr den Abschluss des Vertrags notwendig ist, basierend auf Ihrem Interesse an einem Angebot, auf Grundlage von Art. 6, Abs. 1, Buchstabe b DSGVO;<\/li>\n<li>Untersuchung der Kundenzufriedenheit als Realisierung des rechtlich begr\u00fcndeten Interesses des Verarbeiters und zur Feststellung der Servicequalit\u00e4t, aber auch der Kundenzufriedenheit mit den von uns erbrachten Produkten und Leistungen, auf Grundlage von Art. 6, Abs. 1, Buchstabe f DSGVO;<\/li>\n<li>eventuelle Geltendmachung von Anspr\u00fcchen bzw. Schutz gegen Anspr\u00fcche, als Realisierung unseres rechtlich begr\u00fcndeten Interesses, auf Grundlage von Art. 6, Abs. 1, Buchstabe f DSGVO;<\/li>\n<\/ol>\n<p><strong>4. Dauer der Aufbewahrung der Daten.<\/strong><\/p>\n<ol style=\"list-style-type: lower-alpha;\">\n<li>falls Ihre personenbezogenen Daten zu einem Zweck verarbeitet werden, der f\u00fcr die Ausf\u00fchrung des Vertrags notwendig ist, deren Vertragspartei Sie sind, teilen wir mit, dass sie \u00fcber den Zeitraum verarbeitet werden, in dem Anspr\u00fcche in Verbindung mit dem Vertrag offenbar werden k\u00f6nnen, die aus den Vorschriften des polnischen Zivilgesetzbuchs und\/oder des polnischen Steuerrechts resultieren, aber auch \u00fcber 5 Jahre, gerechnet ab dem Ende des Kalenderjahrs, in dem die Steuerpflicht entstanden ist.<\/li>\n<li>Daten, die f\u00fcr das Direktmarketing unserer Produkte und Leistungen verarbeitet werden, verarbeiten wir bis zu dem Zeitraum, an dem Sie Ihren Widerspruch gegen die Verarbeitung zu diesem Zweck einlegen.<\/li>\n<\/ol>\n<p><strong>5. Zug\u00e4nglichmachung der personenbezogenen Daten:<\/strong><br \/>\nIhre personenbezogenen Daten k\u00f6nnen folgenden Empf\u00e4ngern zug\u00e4nglich gemacht werden: Unternehmen aus unserer Kapitalgruppe sowie unseren Partnern, mit denen wir bei der Verbindung von Produkten bzw. Leistungen kooperieren. Zu Ihren Daten k\u00f6nnen auch unsere Subunternehmer (Verarbeiter) Zugriff haben, wie zum Beispiel: Buchhaltungsfirmen, Rechtsanwaltskanzleien.<\/p>\n<p><strong>6. Als Subjekt der Daten haben Sie folgende Rechte:<\/strong><\/p>\n<ol style=\"list-style-type: lower-alpha;\">\n<li>Recht auf Zugriff auf Ihre Daten sowie auf Erhalt einer Kopien von ihnen;<\/li>\n<li>Recht auf \u00dcbertragung der Daten;<\/li>\n<li>Recht auf Widerspruch gegen Verarbeitung der Daten;<\/li>\n<li>Recht auf Richtigstellung (Korrektur) Ihrer Daten;<\/li>\n<li>Recht auf L\u00f6schung der Daten, Beschr\u00e4nkung der Verarbeitung der Daten;<\/li>\n<li>Recht auf Beschwerde bei der Aufsichtsbeh\u00f6rde &#8211; dem Pr\u00e4sidenten des Amts f\u00fcr Datenschutz.<\/li>\n<\/ol>\n<p><strong>7. Information \u00fcber die Freiwilligkeit der Angabe von Daten:<\/strong><br \/>\nDie Angabe Ihrer personenbezogenen Daten ist freiwillig, aber notwendig, um Leistungen auf Grundlage der abgeschlossenen Vertr\u00e4ge und\/oder Auftr\u00e4ge\/ Bestellungen \/ Proforma zu erbringen; Angebote vorzubereiten und einen Vertrag \u00fcber die Erbringung anderer Leistungen des Verarbeiters abzuschlie\u00dfen.<\/p>\n<p>Wir stehen Ihren gerne zur Verf\u00fcgung!<\/p>\n<p><strong>Gesch\u00e4ftsf\u00fchrung von Zet Transport Sp. z o.o.<\/strong><\/p>\n","protected":false},"excerpt":{"rendered":"<p>Informationsklausel f\u00fcr Kunden von Zet Transport sp. z o.o. [GmbH] Auf Grundlage von Art. 13, Abs. 1-2 der Verordnung (EU) 2016\/679 des Europ\u00e4ischen Parlaments und des Rates vom 27.04.2016 zum Schutz nat\u00fcrlicher Personen bei der Verarbeitung personenbezogener Daten, zum freien Datenverkehr und zur Aufhebung der Richtlinie 95\/46\/EG (Datenschutz-Grundverordnung) &#8211; im Weiteren genannt: DSGVO &#8211; teilen [&hellip;]<\/p>\n","protected":false},"author":1,"featured_media":0,"parent":0,"menu_order":45,"comment_status":"closed","ping_status":"closed","template":"","meta":{"inline_featured_image":false,"_mi_skip_tracking":false},"acf":[],"yoast_head":"<!-- This site is optimized with the Yoast SEO plugin v19.7.1 - https:\/\/yoast.com\/wordpress\/plugins\/seo\/ -->\n<title>RODO - Zettransport %<\/title>\n<meta name=\"robots\" content=\"index, follow, max-snippet:-1, max-image-preview:large, max-video-preview:-1\" \/>\n<link rel=\"canonical\" href=\"https:\/\/zettransport.com\/de\/rodo\/\" \/>\n<meta property=\"og:locale\" content=\"de_DE\" \/>\n<meta property=\"og:type\" content=\"article\" \/>\n<meta property=\"og:title\" content=\"RODO - Zettransport %\" \/>\n<meta property=\"og:description\" content=\"Informationsklausel f\u00fcr Kunden von Zet Transport sp. z o.o. [GmbH] Auf Grundlage von Art. 13, Abs. 1-2 der Verordnung (EU) 2016\/679 des Europ\u00e4ischen Parlaments und des Rates vom 27.04.2016 zum Schutz nat\u00fcrlicher Personen bei der Verarbeitung personenbezogener Daten, zum freien Datenverkehr und zur Aufhebung der Richtlinie 95\/46\/EG (Datenschutz-Grundverordnung) &#8211; im Weiteren genannt: DSGVO &#8211; teilen [&hellip;]\" \/>\n<meta property=\"og:url\" content=\"https:\/\/zettransport.com\/de\/rodo\/\" \/>\n<meta property=\"og:site_name\" content=\"Zettransport\" \/>\n<meta property=\"article:modified_time\" content=\"2019-10-30T12:23:03+00:00\" \/>\n<meta name=\"twitter:card\" content=\"summary\" \/>\n<meta name=\"twitter:label1\" content=\"Gesch\u00e4tzte Lesezeit\" \/>\n\t<meta name=\"twitter:data1\" content=\"3\u00a0Minuten\" \/>\n<script type=\"application\/ld+json\" class=\"yoast-schema-graph\">{\"@context\":\"https:\/\/schema.org\",\"@graph\":[{\"@type\":\"WebPage\",\"@id\":\"https:\/\/zettransport.com\/de\/rodo\/\",\"url\":\"https:\/\/zettransport.com\/de\/rodo\/\",\"name\":\"RODO - Zettransport %\",\"isPartOf\":{\"@id\":\"https:\/\/zettransport.com\/#website\"},\"datePublished\":\"2019-10-30T12:10:18+00:00\",\"dateModified\":\"2019-10-30T12:23:03+00:00\",\"breadcrumb\":{\"@id\":\"https:\/\/zettransport.com\/de\/rodo\/#breadcrumb\"},\"inLanguage\":\"de\",\"potentialAction\":[{\"@type\":\"ReadAction\",\"target\":[\"https:\/\/zettransport.com\/de\/rodo\/\"]}]},{\"@type\":\"BreadcrumbList\",\"@id\":\"https:\/\/zettransport.com\/de\/rodo\/#breadcrumb\",\"itemListElement\":[{\"@type\":\"ListItem\",\"position\":1,\"name\":\"Strona g\u0142\u00f3wna\",\"item\":\"https:\/\/zettransport.com\/de\/\"},{\"@type\":\"ListItem\",\"position\":2,\"name\":\"RODO\"}]},{\"@type\":\"WebSite\",\"@id\":\"https:\/\/zettransport.com\/#website\",\"url\":\"https:\/\/zettransport.com\/\",\"name\":\"Zettransport\",\"description\":\"Your logistic partner\",\"potentialAction\":[{\"@type\":\"SearchAction\",\"target\":{\"@type\":\"EntryPoint\",\"urlTemplate\":\"https:\/\/zettransport.com\/?s={search_term_string}\"},\"query-input\":\"required name=search_term_string\"}],\"inLanguage\":\"de\"}]}<\/script>\n<!-- \/ Yoast SEO plugin. -->","yoast_head_json":{"title":"RODO - Zettransport %","robots":{"index":"index","follow":"follow","max-snippet":"max-snippet:-1","max-image-preview":"max-image-preview:large","max-video-preview":"max-video-preview:-1"},"canonical":"https:\/\/zettransport.com\/de\/rodo\/","og_locale":"de_DE","og_type":"article","og_title":"RODO - Zettransport %","og_description":"Informationsklausel f\u00fcr Kunden von Zet Transport sp. z o.o. [GmbH] Auf Grundlage von Art. 13, Abs. 1-2 der Verordnung (EU) 2016\/679 des Europ\u00e4ischen Parlaments und des Rates vom 27.04.2016 zum Schutz nat\u00fcrlicher Personen bei der Verarbeitung personenbezogener Daten, zum freien Datenverkehr und zur Aufhebung der Richtlinie 95\/46\/EG (Datenschutz-Grundverordnung) &#8211; im Weiteren genannt: DSGVO &#8211; teilen [&hellip;]","og_url":"https:\/\/zettransport.com\/de\/rodo\/","og_site_name":"Zettransport","article_modified_time":"2019-10-30T12:23:03+00:00","twitter_card":"summary","twitter_misc":{"Gesch\u00e4tzte Lesezeit":"3\u00a0Minuten"},"schema":{"@context":"https:\/\/schema.org","@graph":[{"@type":"WebPage","@id":"https:\/\/zettransport.com\/de\/rodo\/","url":"https:\/\/zettransport.com\/de\/rodo\/","name":"RODO - Zettransport %","isPartOf":{"@id":"https:\/\/zettransport.com\/#website"},"datePublished":"2019-10-30T12:10:18+00:00","dateModified":"2019-10-30T12:23:03+00:00","breadcrumb":{"@id":"https:\/\/zettransport.com\/de\/rodo\/#breadcrumb"},"inLanguage":"de","potentialAction":[{"@type":"ReadAction","target":["https:\/\/zettransport.com\/de\/rodo\/"]}]},{"@type":"BreadcrumbList","@id":"https:\/\/zettransport.com\/de\/rodo\/#breadcrumb","itemListElement":[{"@type":"ListItem","position":1,"name":"Strona g\u0142\u00f3wna","item":"https:\/\/zettransport.com\/de\/"},{"@type":"ListItem","position":2,"name":"RODO"}]},{"@type":"WebSite","@id":"https:\/\/zettransport.com\/#website","url":"https:\/\/zettransport.com\/","name":"Zettransport","description":"Your logistic partner","potentialAction":[{"@type":"SearchAction","target":{"@type":"EntryPoint","urlTemplate":"https:\/\/zettransport.com\/?s={search_term_string}"},"query-input":"required name=search_term_string"}],"inLanguage":"de"}]}},"_links":{"self":[{"href":"https:\/\/zettransport.com\/de\/wp-json\/wp\/v2\/pages\/1779"}],"collection":[{"href":"https:\/\/zettransport.com\/de\/wp-json\/wp\/v2\/pages"}],"about":[{"href":"https:\/\/zettransport.com\/de\/wp-json\/wp\/v2\/types\/page"}],"author":[{"embeddable":true,"href":"https:\/\/zettransport.com\/de\/wp-json\/wp\/v2\/users\/1"}],"replies":[{"embeddable":true,"href":"https:\/\/zettransport.com\/de\/wp-json\/wp\/v2\/comments?post=1779"}],"version-history":[{"count":1,"href":"https:\/\/zettransport.com\/de\/wp-json\/wp\/v2\/pages\/1779\/revisions"}],"predecessor-version":[{"id":1783,"href":"https:\/\/zettransport.com\/de\/wp-json\/wp\/v2\/pages\/1779\/revisions\/1783"}],"wp:attachment":[{"href":"https:\/\/zettransport.com\/de\/wp-json\/wp\/v2\/media?parent=1779"}],"curies":[{"name":"wp","href":"https:\/\/api.w.org\/{rel}","templated":true}]}}