{"id":1832,"date":"2020-02-17T16:06:34","date_gmt":"2020-02-17T15:06:34","guid":{"rendered":"https:\/\/zettransport.com\/?page_id=1832\/"},"modified":"2024-03-06T15:21:18","modified_gmt":"2024-03-06T14:21:18","slug":"intermodalitaet","status":"publish","type":"page","link":"https:\/\/zettransport.com\/de\/angebot\/intermodalitaet\/","title":{"rendered":"Intermodalit\u00e4t"},"content":{"rendered":"<h3>Um den Kundenerwartungen gerecht zu werden, bieten wir an:<\/h3>\n<ul>\n<li>intermodale Verbindung zwischen Polen und BeNeLux\/Frankreich<\/li>\n<li>st\u00e4rkere H\u00e4ufigkeit &#8211; st\u00e4ndiger Zeitplan mit 4 Abfahrten und Anlieferungen (w\u00f6chentlich)<\/li>\n<li>Universalit\u00e4t &#8211; Linien, die von Standard-Auflieger bedient werden<\/li>\n<\/ul>\n<div class=\"hr\"><\/div>\n<h4>Weitere Informationen:<\/h4>\n<div class=\"row\"><\/p>\n<p><!--&#091;col-3 type=\"circle\"&#093;\n\n<strong>Wejd\u017a na nasz\u0105 stron\u0119<\/strong>\n\n&#091;\/col-3&#093;--><\/p>\n<p><div class=\"tel col-3\"><\/p>\n<p><a href=\"mailto:marketing@zettransport.com\">marketing@zettransport.com<\/a><\/p>\n<p><a href=\"tel:+48 18 4496 825\">Telefon: +48 18 4496 825<\/a><\/p>\n<p><\/div><\/p>\n<p><!--&#091;col-3 type=\"point\"&#093;\n\n<strong>Odwied\u017a nasz oddzia\u0142<\/strong>\n\nStara Iwiczna, ul. Nowa 17, 05-500 Piaseczno\n\n<a href=\"tel:+ 48 22 71 75 613\">Telefon: + 48 22 71 75 613<\/a>\n\n&#091;\/col-3&#093;--><\/p>\n<p><\/div>\n","protected":false},"excerpt":{"rendered":"<p>Um den Kundenerwartungen gerecht zu werden, bieten wir an: intermodale Verbindung zwischen Polen und BeNeLux\/Frankreich st\u00e4rkere H\u00e4ufigkeit &#8211; st\u00e4ndiger Zeitplan mit 4 Abfahrten und Anlieferungen (w\u00f6chentlich) Universalit\u00e4t &#8211; Linien, die von Standard-Auflieger bedient werden Weitere Informationen:<\/p>\n","protected":false},"author":2,"featured_media":2558,"parent":548,"menu_order":37,"comment_status":"closed","ping_status":"closed","template":"","meta":{"inline_featured_image":false,"_mi_skip_tracking":false},"acf":[],"yoast_head":"<!-- This site is optimized with the Yoast SEO plugin v19.7.1 - https:\/\/yoast.com\/wordpress\/plugins\/seo\/ -->\n<title>Intermodalit\u00e4t - Zettransport %<\/title>\n<meta name=\"robots\" content=\"index, follow, max-snippet:-1, max-image-preview:large, max-video-preview:-1\" \/>\n<link rel=\"canonical\" href=\"https:\/\/zettransport.com\/de\/angebot\/intermodalitaet\/\" \/>\n<meta property=\"og:locale\" content=\"de_DE\" \/>\n<meta property=\"og:type\" content=\"article\" \/>\n<meta property=\"og:title\" content=\"Intermodalit\u00e4t - Zettransport %\" \/>\n<meta property=\"og:description\" content=\"Um den Kundenerwartungen gerecht zu werden, bieten wir an: intermodale Verbindung zwischen Polen und BeNeLux\/Frankreich st\u00e4rkere H\u00e4ufigkeit &#8211; st\u00e4ndiger Zeitplan mit 4 Abfahrten und Anlieferungen (w\u00f6chentlich) Universalit\u00e4t &#8211; Linien, die von Standard-Auflieger bedient werden Weitere Informationen:\" \/>\n<meta property=\"og:url\" content=\"https:\/\/zettransport.com\/de\/angebot\/intermodalitaet\/\" \/>\n<meta property=\"og:site_name\" content=\"Zettransport\" \/>\n<meta property=\"article:modified_time\" content=\"2024-03-06T14:21:18+00:00\" \/>\n<meta property=\"og:image\" content=\"https:\/\/zettransport.com\/wp-content\/uploads\/2022\/03\/Intermodalm.jpg\" \/>\n\t<meta property=\"og:image:width\" content=\"1386\" \/>\n\t<meta property=\"og:image:height\" content=\"914\" \/>\n\t<meta property=\"og:image:type\" content=\"image\/jpeg\" \/>\n<meta name=\"twitter:card\" content=\"summary\" \/>\n<meta name=\"twitter:label1\" content=\"Gesch\u00e4tzte Lesezeit\" \/>\n\t<meta name=\"twitter:data1\" content=\"1\u00a0Minute\" \/>\n<script type=\"application\/ld+json\" class=\"yoast-schema-graph\">{\"@context\":\"https:\/\/schema.org\",\"@graph\":[{\"@type\":\"WebPage\",\"@id\":\"https:\/\/zettransport.com\/de\/angebot\/intermodalitaet\/\",\"url\":\"https:\/\/zettransport.com\/de\/angebot\/intermodalitaet\/\",\"name\":\"Intermodalit\u00e4t - Zettransport %\",\"isPartOf\":{\"@id\":\"https:\/\/zettransport.com\/#website\"},\"datePublished\":\"2020-02-17T15:06:34+00:00\",\"dateModified\":\"2024-03-06T14:21:18+00:00\",\"breadcrumb\":{\"@id\":\"https:\/\/zettransport.com\/de\/angebot\/intermodalitaet\/#breadcrumb\"},\"inLanguage\":\"de\",\"potentialAction\":[{\"@type\":\"ReadAction\",\"target\":[\"https:\/\/zettransport.com\/de\/angebot\/intermodalitaet\/\"]}]},{\"@type\":\"BreadcrumbList\",\"@id\":\"https:\/\/zettransport.com\/de\/angebot\/intermodalitaet\/#breadcrumb\",\"itemListElement\":[{\"@type\":\"ListItem\",\"position\":1,\"name\":\"Strona g\u0142\u00f3wna\",\"item\":\"https:\/\/zettransport.com\/de\/\"},{\"@type\":\"ListItem\",\"position\":2,\"name\":\"Angebot\",\"item\":\"https:\/\/zettransport.com\/de\/angebot\/\"},{\"@type\":\"ListItem\",\"position\":3,\"name\":\"Intermodalit\u00e4t\"}]},{\"@type\":\"WebSite\",\"@id\":\"https:\/\/zettransport.com\/#website\",\"url\":\"https:\/\/zettransport.com\/\",\"name\":\"Zettransport\",\"description\":\"Your logistic partner\",\"potentialAction\":[{\"@type\":\"SearchAction\",\"target\":{\"@type\":\"EntryPoint\",\"urlTemplate\":\"https:\/\/zettransport.com\/?s={search_term_string}\"},\"query-input\":\"required name=search_term_string\"}],\"inLanguage\":\"de\"}]}<\/script>\n<!-- \/ Yoast SEO plugin. -->","yoast_head_json":{"title":"Intermodalit\u00e4t - Zettransport %","robots":{"index":"index","follow":"follow","max-snippet":"max-snippet:-1","max-image-preview":"max-image-preview:large","max-video-preview":"max-video-preview:-1"},"canonical":"https:\/\/zettransport.com\/de\/angebot\/intermodalitaet\/","og_locale":"de_DE","og_type":"article","og_title":"Intermodalit\u00e4t - Zettransport %","og_description":"Um den Kundenerwartungen gerecht zu werden, bieten wir an: intermodale Verbindung zwischen Polen und BeNeLux\/Frankreich st\u00e4rkere H\u00e4ufigkeit &#8211; st\u00e4ndiger Zeitplan mit 4 Abfahrten und Anlieferungen (w\u00f6chentlich) Universalit\u00e4t &#8211; Linien, die von Standard-Auflieger bedient werden Weitere Informationen:","og_url":"https:\/\/zettransport.com\/de\/angebot\/intermodalitaet\/","og_site_name":"Zettransport","article_modified_time":"2024-03-06T14:21:18+00:00","og_image":[{"width":1386,"height":914,"url":"https:\/\/zettransport.com\/wp-content\/uploads\/2022\/03\/Intermodalm.jpg","type":"image\/jpeg"}],"twitter_card":"summary","twitter_misc":{"Gesch\u00e4tzte Lesezeit":"1\u00a0Minute"},"schema":{"@context":"https:\/\/schema.org","@graph":[{"@type":"WebPage","@id":"https:\/\/zettransport.com\/de\/angebot\/intermodalitaet\/","url":"https:\/\/zettransport.com\/de\/angebot\/intermodalitaet\/","name":"Intermodalit\u00e4t - Zettransport %","isPartOf":{"@id":"https:\/\/zettransport.com\/#website"},"datePublished":"2020-02-17T15:06:34+00:00","dateModified":"2024-03-06T14:21:18+00:00","breadcrumb":{"@id":"https:\/\/zettransport.com\/de\/angebot\/intermodalitaet\/#breadcrumb"},"inLanguage":"de","potentialAction":[{"@type":"ReadAction","target":["https:\/\/zettransport.com\/de\/angebot\/intermodalitaet\/"]}]},{"@type":"BreadcrumbList","@id":"https:\/\/zettransport.com\/de\/angebot\/intermodalitaet\/#breadcrumb","itemListElement":[{"@type":"ListItem","position":1,"name":"Strona g\u0142\u00f3wna","item":"https:\/\/zettransport.com\/de\/"},{"@type":"ListItem","position":2,"name":"Angebot","item":"https:\/\/zettransport.com\/de\/angebot\/"},{"@type":"ListItem","position":3,"name":"Intermodalit\u00e4t"}]},{"@type":"WebSite","@id":"https:\/\/zettransport.com\/#website","url":"https:\/\/zettransport.com\/","name":"Zettransport","description":"Your logistic partner","potentialAction":[{"@type":"SearchAction","target":{"@type":"EntryPoint","urlTemplate":"https:\/\/zettransport.com\/?s={search_term_string}"},"query-input":"required name=search_term_string"}],"inLanguage":"de"}]}},"_links":{"self":[{"href":"https:\/\/zettransport.com\/de\/wp-json\/wp\/v2\/pages\/1832"}],"collection":[{"href":"https:\/\/zettransport.com\/de\/wp-json\/wp\/v2\/pages"}],"about":[{"href":"https:\/\/zettransport.com\/de\/wp-json\/wp\/v2\/types\/page"}],"author":[{"embeddable":true,"href":"https:\/\/zettransport.com\/de\/wp-json\/wp\/v2\/users\/2"}],"replies":[{"embeddable":true,"href":"https:\/\/zettransport.com\/de\/wp-json\/wp\/v2\/comments?post=1832"}],"version-history":[{"count":5,"href":"https:\/\/zettransport.com\/de\/wp-json\/wp\/v2\/pages\/1832\/revisions"}],"predecessor-version":[{"id":2963,"href":"https:\/\/zettransport.com\/de\/wp-json\/wp\/v2\/pages\/1832\/revisions\/2963"}],"up":[{"embeddable":true,"href":"https:\/\/zettransport.com\/de\/wp-json\/wp\/v2\/pages\/548"}],"wp:featuredmedia":[{"embeddable":true,"href":"https:\/\/zettransport.com\/de\/wp-json\/wp\/v2\/media\/2558"}],"wp:attachment":[{"href":"https:\/\/zettransport.com\/de\/wp-json\/wp\/v2\/media?parent=1832"}],"curies":[{"name":"wp","href":"https:\/\/api.w.org\/{rel}","templated":true}]}}