{"id":2591,"date":"2022-03-29T08:45:11","date_gmt":"2022-03-29T06:45:11","guid":{"rendered":"https:\/\/zettransport.com\/?page_id=2591\/"},"modified":"2024-03-06T15:10:47","modified_gmt":"2024-03-06T14:10:47","slug":"hochregallager","status":"publish","type":"page","link":"https:\/\/zettransport.com\/de\/angebot\/hochregallager\/","title":{"rendered":"Hochregallager"},"content":{"rendered":"<h1 class=\"h1_under_banner\">Hochregallager<\/h1>\n<p>Wir sind ein Logistikunternehmen mit langj\u00e4hriger Erfahrung und einer festen Position auf dem Markt. Durch sorgf\u00e4ltige Beobachtung der neuesten Markttrends haben wir festgestellt, dass die Nachfrage nicht nur nach Logistikdienstleistungen, sondern auch nach Lagerfl\u00e4chen steigt. Als Reaktion darauf haben wir unseren Kunden angeboten, Waren in einem modernen Hochregallager zu lagern. Unser Lager mit einer Fl\u00e4che von 2000 m2 und einer nutzbaren H\u00f6he von 10 m erm\u00f6glicht die Lagerung verschiedener Waren in erheblichen Mengen, auch solcher mit ungew\u00f6hnlichen Gr\u00f6\u00dfen und Abmessungen. Wir bieten einen umfassenden Service, der den Kundenbed\u00fcrfnissen entspricht und r\u00fcsten das Lager so aus, dass es ihren Anforderungen am besten entspricht.<\/p>\n<h2>Die wichtigsten Vorteile unseres Hochregallagers:<\/h2>\n<ul class=\"custom-list\">\n<li>Effiziente Nutzung verf\u00fcgbarer Fl\u00e4che durch den Einsatz von Regalen, die die Lagerung von Waren unterschiedlicher Gr\u00f6\u00dfen auf verschiedenen Ebenen erm\u00f6glichen.<\/li>\n<li>Minimierung der Lagerkosten.<\/li>\n<li>Verfolgung und Kontrolle des Lagerbestands in Echtzeit durch den Einsatz eines Warehouse-Management-Systems (WMS).<\/li>\n<li>Automatisierung des Warenflusses im Lager und Reduzierung der Bearbeitungszeit f\u00fcr Bestellungen.<\/li>\n<\/ul>\n<p><iframe loading=\"lazy\" title=\"YouTube video player\" src=\"https:\/\/www.youtube.com\/embed\/6c5xN-mneew?si=yVtGXymQn8cMWkH0\" width=\"560\" height=\"315\" frameborder=\"0\" allowfullscreen=\"allowfullscreen\"><\/iframe><\/p>\n<p>Bitte kontaktieren Sie uns<\/p>\n<p><img class=\"aligncenter\" src=\"https:\/\/zettransport.com\/wp-content\/uploads\/2022\/04\/ZET_baner-wroclaw_00-DE_s.png\" alt=\"\" \/><\/p>\n<h3>Download<\/h3>\n<p>&nbsp;<\/p>\n<div class=\"attachments_wrap \"><ul class=\"attachments\">\n<li class=\"attachment application pdf has-download\"><a download href=\"https:\/\/zettransport.com\/wp-content\/uploads\/2024\/03\/Prasentation.pdf\"><span class=\"title\">Pr\u00e4sentation<\/span><span class=\"extension\">pdf<\/span><span class=\"size\">5 MB<\/span><span class=\"download\"><span>Download file<\/span><\/span><\/a><\/li>\n<\/ul><\/div>\n<p>&nbsp;<\/p>\n","protected":false},"excerpt":{"rendered":"<p>Hochregallager Wir sind ein Logistikunternehmen mit langj\u00e4hriger Erfahrung und einer festen Position auf dem Markt. Durch sorgf\u00e4ltige Beobachtung der neuesten Markttrends haben wir festgestellt, dass die Nachfrage nicht nur nach Logistikdienstleistungen, sondern auch nach Lagerfl\u00e4chen steigt. Als Reaktion darauf haben wir unseren Kunden angeboten, Waren in einem modernen Hochregallager zu lagern. Unser Lager mit einer [&hellip;]<\/p>\n","protected":false},"author":2,"featured_media":0,"parent":548,"menu_order":144,"comment_status":"closed","ping_status":"closed","template":"","meta":{"inline_featured_image":false,"_mi_skip_tracking":false},"acf":[],"yoast_head":"<!-- This site is optimized with the Yoast SEO plugin v19.7.1 - https:\/\/yoast.com\/wordpress\/plugins\/seo\/ -->\n<title>Hochregallager - Zettransport %<\/title>\n<meta name=\"robots\" content=\"index, follow, max-snippet:-1, max-image-preview:large, max-video-preview:-1\" \/>\n<link rel=\"canonical\" href=\"https:\/\/zettransport.com\/de\/angebot\/hochregallager\/\" \/>\n<meta property=\"og:locale\" content=\"de_DE\" \/>\n<meta property=\"og:type\" content=\"article\" \/>\n<meta property=\"og:title\" content=\"Hochregallager - Zettransport %\" \/>\n<meta property=\"og:description\" content=\"Hochregallager Wir sind ein Logistikunternehmen mit langj\u00e4hriger Erfahrung und einer festen Position auf dem Markt. Durch sorgf\u00e4ltige Beobachtung der neuesten Markttrends haben wir festgestellt, dass die Nachfrage nicht nur nach Logistikdienstleistungen, sondern auch nach Lagerfl\u00e4chen steigt. Als Reaktion darauf haben wir unseren Kunden angeboten, Waren in einem modernen Hochregallager zu lagern. Unser Lager mit einer [&hellip;]\" \/>\n<meta property=\"og:url\" content=\"https:\/\/zettransport.com\/de\/angebot\/hochregallager\/\" \/>\n<meta property=\"og:site_name\" content=\"Zettransport\" \/>\n<meta property=\"article:modified_time\" content=\"2024-03-06T14:10:47+00:00\" \/>\n<meta property=\"og:image\" content=\"https:\/\/zettransport.com\/wp-content\/uploads\/2022\/04\/ZET_baner-wroclaw_00-DE_s.png\" \/>\n<meta name=\"twitter:card\" content=\"summary\" \/>\n<meta name=\"twitter:label1\" content=\"Gesch\u00e4tzte Lesezeit\" \/>\n\t<meta name=\"twitter:data1\" content=\"2\u00a0Minuten\" \/>\n<script type=\"application\/ld+json\" class=\"yoast-schema-graph\">{\"@context\":\"https:\/\/schema.org\",\"@graph\":[{\"@type\":\"WebPage\",\"@id\":\"https:\/\/zettransport.com\/de\/angebot\/hochregallager\/\",\"url\":\"https:\/\/zettransport.com\/de\/angebot\/hochregallager\/\",\"name\":\"Hochregallager - Zettransport %\",\"isPartOf\":{\"@id\":\"https:\/\/zettransport.com\/#website\"},\"datePublished\":\"2022-03-29T06:45:11+00:00\",\"dateModified\":\"2024-03-06T14:10:47+00:00\",\"breadcrumb\":{\"@id\":\"https:\/\/zettransport.com\/de\/angebot\/hochregallager\/#breadcrumb\"},\"inLanguage\":\"de\",\"potentialAction\":[{\"@type\":\"ReadAction\",\"target\":[\"https:\/\/zettransport.com\/de\/angebot\/hochregallager\/\"]}]},{\"@type\":\"BreadcrumbList\",\"@id\":\"https:\/\/zettransport.com\/de\/angebot\/hochregallager\/#breadcrumb\",\"itemListElement\":[{\"@type\":\"ListItem\",\"position\":1,\"name\":\"Strona g\u0142\u00f3wna\",\"item\":\"https:\/\/zettransport.com\/de\/\"},{\"@type\":\"ListItem\",\"position\":2,\"name\":\"Angebot\",\"item\":\"https:\/\/zettransport.com\/de\/angebot\/\"},{\"@type\":\"ListItem\",\"position\":3,\"name\":\"Hochregallager\"}]},{\"@type\":\"WebSite\",\"@id\":\"https:\/\/zettransport.com\/#website\",\"url\":\"https:\/\/zettransport.com\/\",\"name\":\"Zettransport\",\"description\":\"Your logistic partner\",\"potentialAction\":[{\"@type\":\"SearchAction\",\"target\":{\"@type\":\"EntryPoint\",\"urlTemplate\":\"https:\/\/zettransport.com\/?s={search_term_string}\"},\"query-input\":\"required name=search_term_string\"}],\"inLanguage\":\"de\"}]}<\/script>\n<!-- \/ Yoast SEO plugin. -->","yoast_head_json":{"title":"Hochregallager - Zettransport %","robots":{"index":"index","follow":"follow","max-snippet":"max-snippet:-1","max-image-preview":"max-image-preview:large","max-video-preview":"max-video-preview:-1"},"canonical":"https:\/\/zettransport.com\/de\/angebot\/hochregallager\/","og_locale":"de_DE","og_type":"article","og_title":"Hochregallager - Zettransport %","og_description":"Hochregallager Wir sind ein Logistikunternehmen mit langj\u00e4hriger Erfahrung und einer festen Position auf dem Markt. Durch sorgf\u00e4ltige Beobachtung der neuesten Markttrends haben wir festgestellt, dass die Nachfrage nicht nur nach Logistikdienstleistungen, sondern auch nach Lagerfl\u00e4chen steigt. Als Reaktion darauf haben wir unseren Kunden angeboten, Waren in einem modernen Hochregallager zu lagern. Unser Lager mit einer [&hellip;]","og_url":"https:\/\/zettransport.com\/de\/angebot\/hochregallager\/","og_site_name":"Zettransport","article_modified_time":"2024-03-06T14:10:47+00:00","og_image":[{"url":"https:\/\/zettransport.com\/wp-content\/uploads\/2022\/04\/ZET_baner-wroclaw_00-DE_s.png"}],"twitter_card":"summary","twitter_misc":{"Gesch\u00e4tzte Lesezeit":"2\u00a0Minuten"},"schema":{"@context":"https:\/\/schema.org","@graph":[{"@type":"WebPage","@id":"https:\/\/zettransport.com\/de\/angebot\/hochregallager\/","url":"https:\/\/zettransport.com\/de\/angebot\/hochregallager\/","name":"Hochregallager - Zettransport %","isPartOf":{"@id":"https:\/\/zettransport.com\/#website"},"datePublished":"2022-03-29T06:45:11+00:00","dateModified":"2024-03-06T14:10:47+00:00","breadcrumb":{"@id":"https:\/\/zettransport.com\/de\/angebot\/hochregallager\/#breadcrumb"},"inLanguage":"de","potentialAction":[{"@type":"ReadAction","target":["https:\/\/zettransport.com\/de\/angebot\/hochregallager\/"]}]},{"@type":"BreadcrumbList","@id":"https:\/\/zettransport.com\/de\/angebot\/hochregallager\/#breadcrumb","itemListElement":[{"@type":"ListItem","position":1,"name":"Strona g\u0142\u00f3wna","item":"https:\/\/zettransport.com\/de\/"},{"@type":"ListItem","position":2,"name":"Angebot","item":"https:\/\/zettransport.com\/de\/angebot\/"},{"@type":"ListItem","position":3,"name":"Hochregallager"}]},{"@type":"WebSite","@id":"https:\/\/zettransport.com\/#website","url":"https:\/\/zettransport.com\/","name":"Zettransport","description":"Your logistic partner","potentialAction":[{"@type":"SearchAction","target":{"@type":"EntryPoint","urlTemplate":"https:\/\/zettransport.com\/?s={search_term_string}"},"query-input":"required name=search_term_string"}],"inLanguage":"de"}]}},"_links":{"self":[{"href":"https:\/\/zettransport.com\/de\/wp-json\/wp\/v2\/pages\/2591"}],"collection":[{"href":"https:\/\/zettransport.com\/de\/wp-json\/wp\/v2\/pages"}],"about":[{"href":"https:\/\/zettransport.com\/de\/wp-json\/wp\/v2\/types\/page"}],"author":[{"embeddable":true,"href":"https:\/\/zettransport.com\/de\/wp-json\/wp\/v2\/users\/2"}],"replies":[{"embeddable":true,"href":"https:\/\/zettransport.com\/de\/wp-json\/wp\/v2\/comments?post=2591"}],"version-history":[{"count":6,"href":"https:\/\/zettransport.com\/de\/wp-json\/wp\/v2\/pages\/2591\/revisions"}],"predecessor-version":[{"id":2956,"href":"https:\/\/zettransport.com\/de\/wp-json\/wp\/v2\/pages\/2591\/revisions\/2956"}],"up":[{"embeddable":true,"href":"https:\/\/zettransport.com\/de\/wp-json\/wp\/v2\/pages\/548"}],"wp:attachment":[{"href":"https:\/\/zettransport.com\/de\/wp-json\/wp\/v2\/media?parent=2591"}],"curies":[{"name":"wp","href":"https:\/\/api.w.org\/{rel}","templated":true}]}}