{"id":552,"date":"2017-07-25T08:40:43","date_gmt":"2017-07-25T06:40:43","guid":{"rendered":"https:\/\/zettransport.com\/?page_id=552\/"},"modified":"2024-01-02T09:28:59","modified_gmt":"2024-01-02T08:28:59","slug":"unternehmen","status":"publish","type":"page","link":"https:\/\/zettransport.com\/de\/unternehmen\/","title":{"rendered":"Unternehmen"},"content":{"rendered":"<h2>Wie ver\u00e4nderte sich das Firmenbild im Laufe der Zeit?<\/h2>\n<div class=\"timeline\"><\/p>\n<p><div class=\"timeline-item\"><div class=\"timeline-empty\"><\/div><div class=\"timeline-clock\"><div class=\"timeline-clock_inner\"><h2>1993<\/h2><\/div><\/div><div class=\"timeline-text\"><\/p>\n<p>Firmengr\u00fcndung der \u201eJ\u00f3zef, Jan, J\u00f3zef jr Za\u0142ubscy ZET Transport GbR\u201d in \u017bbikowice durch J\u00f3zef sen., J\u00f3zef jun. und Jan Za\u0142ubski. Die Firma verf\u00fcgte \u00fcber 2 Sattelzugmaschinen und besch\u00e4ftigte 4 Mitarbeiter.<\/p>\n<p><\/div><\/div><\/p>\n<p><div class=\"timeline-item\"><div class=\"timeline-empty\"><\/div><div class=\"timeline-clock\"><div class=\"timeline-clock_inner\"><h2>1994<\/h2><\/div><\/div><div class=\"timeline-text\"><\/p>\n<p>erste Containertransporte f\u00fcr Bekleidungsindustrie in die Ukrain.<\/p>\n<p><\/div><\/div><\/p>\n<p><div class=\"timeline-item\"><div class=\"timeline-empty\"><\/div><div class=\"timeline-clock\"><div class=\"timeline-clock_inner\"><h2>1996<\/h2><\/div><\/div><div class=\"timeline-text\"><\/p>\n<p>Anmietung einer kleinen B\u00fcrofl\u00e4che von 25 m2 in Nowy S\u0105cz\u00a0 f\u00fcr 2 Mitarbeiter<\/p>\n<p><\/div><\/div><\/p>\n<p><div class=\"timeline-item\"><div class=\"timeline-empty\"><\/div><div class=\"timeline-clock\"><div class=\"timeline-clock_inner\"><h2>1999<\/h2><\/div><\/div><div class=\"timeline-text\"><\/p>\n<p>Gr\u00fcndung einer Service-Werkstatt, der Firma Truck Partner und des Handelsunternehmens International Truck&amp;Trailer Company GmbH f\u00fcr Verkauf von neuen und gebrauchten Transportmitteln.<\/p>\n<p><\/div><\/div><\/p>\n<p><div class=\"timeline-item\"><div class=\"timeline-empty\"><\/div><div class=\"timeline-clock\"><div class=\"timeline-clock_inner\"><h2>2001<\/h2><\/div><\/div><div class=\"timeline-text\"><\/p>\n<p>Ausweitung der T\u00e4tigkeitsfelder um Leistungen im Bereich Warenladung und Containerentladung im Rahmen der Zusammenarbeit mit dem internationalen Konzern SGL Carbon.<\/p>\n<p><\/div><\/div><\/p>\n<p><div class=\"timeline-item\"><div class=\"timeline-empty\"><\/div><div class=\"timeline-clock\"><div class=\"timeline-clock_inner\"><h2>2001<\/h2><\/div><\/div><div class=\"timeline-text\"><\/p>\n<p>Entwicklung der firmeneigenen ERP-L\u00f6sung SOFTRANS und stetige Optimierung der IT-Landschaft zur Anpassung an die wechselnden Marktbedingungen.<\/p>\n<p><\/div><\/div><\/p>\n<p><div class=\"timeline-item\"><div class=\"timeline-empty\"><\/div><div class=\"timeline-clock\"><div class=\"timeline-clock_inner\"><h2>2003<\/h2><\/div><\/div><div class=\"timeline-text\"><\/p>\n<p>Einf\u00fchrung und Weiterentwicklung eines Qualit\u00e4tsmanagementsystems nach ISO 9001:2015.<\/p>\n<p><\/div><\/div><\/p>\n<p><div class=\"timeline-item\"><div class=\"timeline-empty\"><\/div><div class=\"timeline-clock\"><div class=\"timeline-clock_inner\"><h2>2004<\/h2><\/div><\/div><div class=\"timeline-text\"><\/p>\n<p>Gr\u00fcndung der ZET Transport Zollagentur mit Niederlassungen in Nowy S\u0105cz und Racib\u00f3rz -Vollservice in einer Hand.<\/p>\n<p><\/div><\/div><\/p>\n<p><div class=\"timeline-item\"><div class=\"timeline-empty\"><\/div><div class=\"timeline-clock\"><div class=\"timeline-clock_inner\"><h2>2009<\/h2><\/div><\/div><div class=\"timeline-text\"><\/p>\n<p>Erweiterung des Leistungsangebots um Warenverpackung und Lieferung von Holzverpackungen.<\/p>\n<p><\/div><\/div><\/p>\n<p><div class=\"timeline-item\"><div class=\"timeline-empty\"><\/div><div class=\"timeline-clock\"><div class=\"timeline-clock_inner\"><h2>2011<\/h2><\/div><\/div><div class=\"timeline-text\"><\/p>\n<p>Gr\u00fcndung der Tischlerwerkstatt zur Fertigung von Verpackungen und Paletten.<\/p>\n<p><\/div><\/div><\/p>\n<p><div class=\"timeline-item\"><div class=\"timeline-empty\"><\/div><div class=\"timeline-clock\"><div class=\"timeline-clock_inner\"><h2>2012<\/h2><\/div><\/div><div class=\"timeline-text\"><\/p>\n<p>Zertifizierung zum AEO \u201eAuthorized Economic Operator\u201c der Europ\u00e4ischen Union zur Gew\u00e4hrleistung von Sicherheit in der Lieferkette und pr\u00e4ventiven Ma\u00dfnahmen zur Terrorismusbek\u00e4mpfung.<\/p>\n<p><\/div><\/div><\/p>\n<p><div class=\"timeline-item\"><div class=\"timeline-empty\"><\/div><div class=\"timeline-clock\"><div class=\"timeline-clock_inner\"><h2>2014<\/h2><\/div><\/div><div class=\"timeline-text\"><\/p>\n<p>Kauf der ersten BDF-Fahrzeuge und Entwicklung der BDF-Abteilung.<\/p>\n<p><\/div><\/div><\/p>\n<p><div class=\"timeline-item\"><div class=\"timeline-empty\"><\/div><div class=\"timeline-clock\"><div class=\"timeline-clock_inner\"><h2>2016<\/h2><\/div><\/div><div class=\"timeline-text\"><\/p>\n<p>Erlangung des Status \u201ezugelassener Wirtschaftsbeteiligter\u201d und Erweiterung des Leistungsspektrums um Luftfrachtersatztransporte.<\/p>\n<p><\/div><\/div><\/p>\n<p><div class=\"timeline-item\"><div class=\"timeline-empty\"><\/div><div class=\"timeline-clock\"><div class=\"timeline-clock_inner\"><h2>2021<\/h2><\/div><\/div><div class=\"timeline-text\"><\/p>\n<p>Er\u00f6ffnung der Abteilung See-, Luft- und Bahnfracht Spedition<\/p>\n<p><\/div><\/div><\/p>\n<p><div class=\"timeline-item\"><div class=\"timeline-empty\"><\/div><div class=\"timeline-clock\"><div class=\"timeline-clock_inner\"><h2>2022<\/h2><\/div><\/div><div class=\"timeline-text\"><\/p>\n<p>Einf\u00fchrung von Lagerdienstleistungen in einer neu gebauten Hochlagerhalle in Domas\u0142aw bei Wroc\u0142aw<\/p>\n<p><\/div><\/div><\/p>\n<p><div class=\"timeline-item\"><div class=\"timeline-empty\"><\/div><div class=\"timeline-clock\"><div class=\"timeline-clock_inner\"><h2>Bis heute<\/h2><\/div><\/div><div class=\"timeline-text\"><\/p>\n<p>stetiges Wachstum durch Diversifizierung des Gesch\u00e4ftsfeldportfolios, Weiterentwicklung von Personal und Technologien sowie Optimierung der Arbeitsorganisation.<\/p>\n<p><\/div><\/div><\/p>\n<p><\/div>\n<div class=\"numbers uniq\"><div class=\"container\"><\/p>\n<h2>ZET Transport in Zahlen<\/h2>\n<p><div class=\"number-item\"><div class=\"number-item_inner\"><div class=\"number-img\"><h2>1993<\/h2><p><\/p><\/div><p><\/p>\n<p>Gr\u00fcndungsjahr<\/p>\n<p><\/p><\/div><\/div><\/p>\n<p><div class=\"number-item\"><div class=\"number-item_inner\"><div class=\"number-img\"><h2>500<\/h2><p><\/p><\/div><p><\/p>\n<p>Mitarbeite<\/p>\n<p><\/p><\/div><\/div><\/p>\n<p><div class=\"number-item\"><div class=\"number-item_inner\"><div class=\"number-img\"><h2>320<\/h2><p><\/p><\/div><p><\/p>\n<p>Fahrzeuge<\/p>\n<p><\/p><\/div><\/div><\/p>\n<p><div class=\"number-item\"><div class=\"number-item_inner\"><div class=\"number-img\"><h2>49000<\/h2><p>\u00fcber<\/p><\/div><p><\/p>\n<p>durchgef\u00fchrte Transporte im Jahr 2018<\/p>\n<p><\/p><\/div><\/div><\/p>\n<p><\/div><\/div>\n","protected":false},"excerpt":{"rendered":"<p>Wie ver\u00e4nderte sich das Firmenbild im Laufe der Zeit?<\/p>\n","protected":false},"author":1,"featured_media":1362,"parent":0,"menu_order":92,"comment_status":"closed","ping_status":"closed","template":"","meta":{"inline_featured_image":false,"_mi_skip_tracking":false},"acf":[],"yoast_head":"<!-- This site is optimized with the Yoast SEO plugin v19.7.1 - https:\/\/yoast.com\/wordpress\/plugins\/seo\/ -->\n<title>Unternehmen - Zettransport %<\/title>\n<meta name=\"robots\" content=\"index, follow, max-snippet:-1, max-image-preview:large, max-video-preview:-1\" \/>\n<link rel=\"canonical\" href=\"https:\/\/zettransport.com\/de\/unternehmen\/\" \/>\n<meta property=\"og:locale\" content=\"de_DE\" \/>\n<meta property=\"og:type\" content=\"article\" \/>\n<meta property=\"og:title\" content=\"Unternehmen - Zettransport %\" \/>\n<meta property=\"og:description\" content=\"Wie ver\u00e4nderte sich das Firmenbild im Laufe der Zeit?\" \/>\n<meta property=\"og:url\" content=\"https:\/\/zettransport.com\/de\/unternehmen\/\" \/>\n<meta property=\"og:site_name\" content=\"Zettransport\" \/>\n<meta property=\"article:modified_time\" content=\"2024-01-02T08:28:59+00:00\" \/>\n<meta property=\"og:image\" content=\"https:\/\/zettransport.com\/wp-content\/uploads\/2017\/07\/firma.jpg\" \/>\n\t<meta property=\"og:image:width\" content=\"640\" \/>\n\t<meta property=\"og:image:height\" content=\"320\" \/>\n\t<meta property=\"og:image:type\" content=\"image\/jpeg\" \/>\n<meta name=\"twitter:card\" content=\"summary\" \/>\n<meta name=\"twitter:label1\" content=\"Gesch\u00e4tzte Lesezeit\" \/>\n\t<meta name=\"twitter:data1\" content=\"2\u00a0Minuten\" \/>\n<script type=\"application\/ld+json\" class=\"yoast-schema-graph\">{\"@context\":\"https:\/\/schema.org\",\"@graph\":[{\"@type\":\"WebPage\",\"@id\":\"https:\/\/zettransport.com\/de\/unternehmen\/\",\"url\":\"https:\/\/zettransport.com\/de\/unternehmen\/\",\"name\":\"Unternehmen - Zettransport %\",\"isPartOf\":{\"@id\":\"https:\/\/zettransport.com\/#website\"},\"datePublished\":\"2017-07-25T06:40:43+00:00\",\"dateModified\":\"2024-01-02T08:28:59+00:00\",\"breadcrumb\":{\"@id\":\"https:\/\/zettransport.com\/de\/unternehmen\/#breadcrumb\"},\"inLanguage\":\"de\",\"potentialAction\":[{\"@type\":\"ReadAction\",\"target\":[\"https:\/\/zettransport.com\/de\/unternehmen\/\"]}]},{\"@type\":\"BreadcrumbList\",\"@id\":\"https:\/\/zettransport.com\/de\/unternehmen\/#breadcrumb\",\"itemListElement\":[{\"@type\":\"ListItem\",\"position\":1,\"name\":\"Strona g\u0142\u00f3wna\",\"item\":\"https:\/\/zettransport.com\/de\/\"},{\"@type\":\"ListItem\",\"position\":2,\"name\":\"Unternehmen\"}]},{\"@type\":\"WebSite\",\"@id\":\"https:\/\/zettransport.com\/#website\",\"url\":\"https:\/\/zettransport.com\/\",\"name\":\"Zettransport\",\"description\":\"Your logistic partner\",\"potentialAction\":[{\"@type\":\"SearchAction\",\"target\":{\"@type\":\"EntryPoint\",\"urlTemplate\":\"https:\/\/zettransport.com\/?s={search_term_string}\"},\"query-input\":\"required name=search_term_string\"}],\"inLanguage\":\"de\"}]}<\/script>\n<!-- \/ Yoast SEO plugin. -->","yoast_head_json":{"title":"Unternehmen - Zettransport %","robots":{"index":"index","follow":"follow","max-snippet":"max-snippet:-1","max-image-preview":"max-image-preview:large","max-video-preview":"max-video-preview:-1"},"canonical":"https:\/\/zettransport.com\/de\/unternehmen\/","og_locale":"de_DE","og_type":"article","og_title":"Unternehmen - Zettransport %","og_description":"Wie ver\u00e4nderte sich das Firmenbild im Laufe der Zeit?","og_url":"https:\/\/zettransport.com\/de\/unternehmen\/","og_site_name":"Zettransport","article_modified_time":"2024-01-02T08:28:59+00:00","og_image":[{"width":640,"height":320,"url":"https:\/\/zettransport.com\/wp-content\/uploads\/2017\/07\/firma.jpg","type":"image\/jpeg"}],"twitter_card":"summary","twitter_misc":{"Gesch\u00e4tzte Lesezeit":"2\u00a0Minuten"},"schema":{"@context":"https:\/\/schema.org","@graph":[{"@type":"WebPage","@id":"https:\/\/zettransport.com\/de\/unternehmen\/","url":"https:\/\/zettransport.com\/de\/unternehmen\/","name":"Unternehmen - Zettransport %","isPartOf":{"@id":"https:\/\/zettransport.com\/#website"},"datePublished":"2017-07-25T06:40:43+00:00","dateModified":"2024-01-02T08:28:59+00:00","breadcrumb":{"@id":"https:\/\/zettransport.com\/de\/unternehmen\/#breadcrumb"},"inLanguage":"de","potentialAction":[{"@type":"ReadAction","target":["https:\/\/zettransport.com\/de\/unternehmen\/"]}]},{"@type":"BreadcrumbList","@id":"https:\/\/zettransport.com\/de\/unternehmen\/#breadcrumb","itemListElement":[{"@type":"ListItem","position":1,"name":"Strona g\u0142\u00f3wna","item":"https:\/\/zettransport.com\/de\/"},{"@type":"ListItem","position":2,"name":"Unternehmen"}]},{"@type":"WebSite","@id":"https:\/\/zettransport.com\/#website","url":"https:\/\/zettransport.com\/","name":"Zettransport","description":"Your logistic partner","potentialAction":[{"@type":"SearchAction","target":{"@type":"EntryPoint","urlTemplate":"https:\/\/zettransport.com\/?s={search_term_string}"},"query-input":"required name=search_term_string"}],"inLanguage":"de"}]}},"_links":{"self":[{"href":"https:\/\/zettransport.com\/de\/wp-json\/wp\/v2\/pages\/552"}],"collection":[{"href":"https:\/\/zettransport.com\/de\/wp-json\/wp\/v2\/pages"}],"about":[{"href":"https:\/\/zettransport.com\/de\/wp-json\/wp\/v2\/types\/page"}],"author":[{"embeddable":true,"href":"https:\/\/zettransport.com\/de\/wp-json\/wp\/v2\/users\/1"}],"replies":[{"embeddable":true,"href":"https:\/\/zettransport.com\/de\/wp-json\/wp\/v2\/comments?post=552"}],"version-history":[{"count":15,"href":"https:\/\/zettransport.com\/de\/wp-json\/wp\/v2\/pages\/552\/revisions"}],"predecessor-version":[{"id":2861,"href":"https:\/\/zettransport.com\/de\/wp-json\/wp\/v2\/pages\/552\/revisions\/2861"}],"wp:featuredmedia":[{"embeddable":true,"href":"https:\/\/zettransport.com\/de\/wp-json\/wp\/v2\/media\/1362"}],"wp:attachment":[{"href":"https:\/\/zettransport.com\/de\/wp-json\/wp\/v2\/media?parent=552"}],"curies":[{"name":"wp","href":"https:\/\/api.w.org\/{rel}","templated":true}]}}