{"id":701,"date":"2017-07-25T11:32:58","date_gmt":"2017-07-25T09:32:58","guid":{"rendered":"https:\/\/zettransport.com\/?page_id=701\/"},"modified":"2022-01-10T10:00:33","modified_gmt":"2022-01-10T09:00:33","slug":"gruppe-zet","status":"publish","type":"page","link":"https:\/\/zettransport.com\/de\/unternehmen\/gruppe-zet\/","title":{"rendered":"Gruppe ZET"},"content":{"rendered":"<h3>Welche Unternehmen bilden die ZET Group?<\/h3>\n<div class=\"row\"><\/p>\n<p><div class=\" col-3\"><\/p>\n<p><img loading=\"lazy\" class=\"alignnone size-medium wp-image-70\" src=\"https:\/\/zettransport.com\/wp-content\/uploads\/2017\/07\/logo-300x59.png\" alt=\"\" width=\"300\" height=\"59\" srcset=\"https:\/\/zettransport.com\/wp-content\/uploads\/2017\/07\/logo-300x59.png 300w, https:\/\/zettransport.com\/wp-content\/uploads\/2017\/07\/logo.png 364w\" sizes=\"(max-width: 300px) 100vw, 300px\" \/><\/p>\n<p><strong>ZET Transport <\/strong><\/p>\n<p>ZET Transport ist als Familienunternehmen seit 1993 auf dem TSL-Markt pr\u00e4sent.<\/p>\n<p><\/div><\/p>\n<p><div class=\" col-3\"><\/p>\n<p><img loading=\"lazy\" class=\"alignnone wp-image-1048 size-full\" src=\"https:\/\/zettransport.com\/wp-content\/uploads\/2017\/07\/logo_agencja-celna.png\" alt=\"\" width=\"300\" height=\"59\" \/><\/p>\n<p><strong>ZET Transport Zollagentur<\/strong><\/p>\n<p>Im Rahmen der Gesch\u00e4ftst\u00e4tigkeit unserer Zollagentur bieten wir Ihnen einen kompletten Zollservice, angefangen bei der Beratung \u00fcber Bereitstellung der Zolldokumente bis hin zur Zollanmeldung.<\/p>\n<p><\/div><\/p>\n<p><div class=\" col-3\"><\/p>\n<p><img loading=\"lazy\" class=\"alignnone size-medium wp-image-70\" src=\"https:\/\/zettransport.com\/wp-content\/uploads\/2017\/07\/zet-logistic.png\" alt=\"\" width=\"300\" height=\"59\" \/><\/p>\n<p><strong>ZET Logistic GmbH<br \/>\n<\/strong><\/p>\n<p>Die Gesellschaft ist im Bereich der Transportlogistik t\u00e4tig. Sie wurde mit dem Ziel gegr\u00fcndet, herausfordernde Transportprojekte auszuf\u00fchren.<\/p>\n<p><\/div><\/p>\n<p><\/div>\n<div class=\"row\"><\/p>\n<p><div class=\" col-3\"><\/p>\n<p><img loading=\"lazy\" class=\"alignnone wp-image-1049 size-full\" src=\"https:\/\/zettransport.com\/wp-content\/uploads\/2017\/07\/logo_truck-partner.png\" alt=\"\" width=\"300\" height=\"59\" \/><\/p>\n<p><strong>Truck Partner<br \/>\n<\/strong><\/p>\n<p>Der Schwerpunkt der Gesch\u00e4ftst\u00e4tigkeit liegt im Ersatzteile-Verkauf und Service rund um LKW, Sattelzugmaschinen und Auflieger. Das Leistungsangebot umfasst u.a. Fahrzeugdiagnose, Rahmenrichten an LKW, Fahrtenschreiber-Pr\u00fcfung und -Eichung.<br \/>\n<a href=\"http:\/\/truckpartner.pl\/\">Erfahren Sie mehr<\/a><br \/>\n<\/div><\/p>\n<p><div class=\" col-3\"><\/p>\n<p><img loading=\"lazy\" class=\"alignnone wp-image-1047 size-full\" src=\"https:\/\/zettransport.com\/wp-content\/uploads\/2017\/07\/logo_itc.png\" alt=\"\" width=\"300\" height=\"59\" \/><\/p>\n<p><strong>ITC<br \/>\n<\/strong><\/p>\n<p>Unabh\u00e4ngiger Vertriebsh\u00e4ndler und kompetenter Ansprechpartner im Bereich der gebrauchten Nutzfahrzeuge. Sein Angebot umfasst neben gebrauchten Sattelzugmaschinen auch neue Auflieger in unterschiedlichen Ausf\u00fchrungen. \u00a0<a href=\"http:\/\/www.itcpolska.pl\/index.php?lang=DE\">Erfahren Sie mehr<\/a><\/p>\n<p><\/div><\/p>\n<p><div class=\" col-3\"><\/p>\n<p><\/div><\/p>\n<p><\/div>\n","protected":false},"excerpt":{"rendered":"<p>Welche Unternehmen bilden die ZET Group?<\/p>\n","protected":false},"author":1,"featured_media":1166,"parent":552,"menu_order":74,"comment_status":"closed","ping_status":"closed","template":"","meta":{"inline_featured_image":false,"_mi_skip_tracking":false},"acf":[],"yoast_head":"<!-- This site is optimized with the Yoast SEO plugin v19.7.1 - https:\/\/yoast.com\/wordpress\/plugins\/seo\/ -->\n<title>Gruppe ZET - Zettransport %<\/title>\n<meta name=\"robots\" content=\"index, follow, max-snippet:-1, max-image-preview:large, max-video-preview:-1\" \/>\n<link rel=\"canonical\" href=\"https:\/\/zettransport.com\/de\/unternehmen\/gruppe-zet\/\" \/>\n<meta property=\"og:locale\" content=\"de_DE\" \/>\n<meta property=\"og:type\" content=\"article\" \/>\n<meta property=\"og:title\" content=\"Gruppe ZET - Zettransport %\" \/>\n<meta property=\"og:description\" content=\"Welche Unternehmen bilden die ZET Group?\" \/>\n<meta property=\"og:url\" content=\"https:\/\/zettransport.com\/de\/unternehmen\/gruppe-zet\/\" \/>\n<meta property=\"og:site_name\" content=\"Zettransport\" \/>\n<meta property=\"article:modified_time\" content=\"2022-01-10T09:00:33+00:00\" \/>\n<meta property=\"og:image\" content=\"https:\/\/zettransport.com\/wp-content\/uploads\/2017\/07\/grupa_Zet.jpg\" \/>\n\t<meta property=\"og:image:width\" content=\"1688\" \/>\n\t<meta property=\"og:image:height\" content=\"1125\" \/>\n\t<meta property=\"og:image:type\" content=\"image\/jpeg\" \/>\n<meta name=\"twitter:card\" content=\"summary\" \/>\n<meta name=\"twitter:label1\" content=\"Gesch\u00e4tzte Lesezeit\" \/>\n\t<meta name=\"twitter:data1\" content=\"1\u00a0Minute\" \/>\n<script type=\"application\/ld+json\" class=\"yoast-schema-graph\">{\"@context\":\"https:\/\/schema.org\",\"@graph\":[{\"@type\":\"WebPage\",\"@id\":\"https:\/\/zettransport.com\/de\/unternehmen\/gruppe-zet\/\",\"url\":\"https:\/\/zettransport.com\/de\/unternehmen\/gruppe-zet\/\",\"name\":\"Gruppe ZET - Zettransport %\",\"isPartOf\":{\"@id\":\"https:\/\/zettransport.com\/#website\"},\"datePublished\":\"2017-07-25T09:32:58+00:00\",\"dateModified\":\"2022-01-10T09:00:33+00:00\",\"breadcrumb\":{\"@id\":\"https:\/\/zettransport.com\/de\/unternehmen\/gruppe-zet\/#breadcrumb\"},\"inLanguage\":\"de\",\"potentialAction\":[{\"@type\":\"ReadAction\",\"target\":[\"https:\/\/zettransport.com\/de\/unternehmen\/gruppe-zet\/\"]}]},{\"@type\":\"BreadcrumbList\",\"@id\":\"https:\/\/zettransport.com\/de\/unternehmen\/gruppe-zet\/#breadcrumb\",\"itemListElement\":[{\"@type\":\"ListItem\",\"position\":1,\"name\":\"Strona g\u0142\u00f3wna\",\"item\":\"https:\/\/zettransport.com\/de\/\"},{\"@type\":\"ListItem\",\"position\":2,\"name\":\"Unternehmen\",\"item\":\"https:\/\/zettransport.com\/de\/unternehmen\/\"},{\"@type\":\"ListItem\",\"position\":3,\"name\":\"Gruppe ZET\"}]},{\"@type\":\"WebSite\",\"@id\":\"https:\/\/zettransport.com\/#website\",\"url\":\"https:\/\/zettransport.com\/\",\"name\":\"Zettransport\",\"description\":\"Your logistic partner\",\"potentialAction\":[{\"@type\":\"SearchAction\",\"target\":{\"@type\":\"EntryPoint\",\"urlTemplate\":\"https:\/\/zettransport.com\/?s={search_term_string}\"},\"query-input\":\"required name=search_term_string\"}],\"inLanguage\":\"de\"}]}<\/script>\n<!-- \/ Yoast SEO plugin. -->","yoast_head_json":{"title":"Gruppe ZET - Zettransport %","robots":{"index":"index","follow":"follow","max-snippet":"max-snippet:-1","max-image-preview":"max-image-preview:large","max-video-preview":"max-video-preview:-1"},"canonical":"https:\/\/zettransport.com\/de\/unternehmen\/gruppe-zet\/","og_locale":"de_DE","og_type":"article","og_title":"Gruppe ZET - Zettransport %","og_description":"Welche Unternehmen bilden die ZET Group?","og_url":"https:\/\/zettransport.com\/de\/unternehmen\/gruppe-zet\/","og_site_name":"Zettransport","article_modified_time":"2022-01-10T09:00:33+00:00","og_image":[{"width":1688,"height":1125,"url":"https:\/\/zettransport.com\/wp-content\/uploads\/2017\/07\/grupa_Zet.jpg","type":"image\/jpeg"}],"twitter_card":"summary","twitter_misc":{"Gesch\u00e4tzte Lesezeit":"1\u00a0Minute"},"schema":{"@context":"https:\/\/schema.org","@graph":[{"@type":"WebPage","@id":"https:\/\/zettransport.com\/de\/unternehmen\/gruppe-zet\/","url":"https:\/\/zettransport.com\/de\/unternehmen\/gruppe-zet\/","name":"Gruppe ZET - Zettransport %","isPartOf":{"@id":"https:\/\/zettransport.com\/#website"},"datePublished":"2017-07-25T09:32:58+00:00","dateModified":"2022-01-10T09:00:33+00:00","breadcrumb":{"@id":"https:\/\/zettransport.com\/de\/unternehmen\/gruppe-zet\/#breadcrumb"},"inLanguage":"de","potentialAction":[{"@type":"ReadAction","target":["https:\/\/zettransport.com\/de\/unternehmen\/gruppe-zet\/"]}]},{"@type":"BreadcrumbList","@id":"https:\/\/zettransport.com\/de\/unternehmen\/gruppe-zet\/#breadcrumb","itemListElement":[{"@type":"ListItem","position":1,"name":"Strona g\u0142\u00f3wna","item":"https:\/\/zettransport.com\/de\/"},{"@type":"ListItem","position":2,"name":"Unternehmen","item":"https:\/\/zettransport.com\/de\/unternehmen\/"},{"@type":"ListItem","position":3,"name":"Gruppe ZET"}]},{"@type":"WebSite","@id":"https:\/\/zettransport.com\/#website","url":"https:\/\/zettransport.com\/","name":"Zettransport","description":"Your logistic partner","potentialAction":[{"@type":"SearchAction","target":{"@type":"EntryPoint","urlTemplate":"https:\/\/zettransport.com\/?s={search_term_string}"},"query-input":"required name=search_term_string"}],"inLanguage":"de"}]}},"_links":{"self":[{"href":"https:\/\/zettransport.com\/de\/wp-json\/wp\/v2\/pages\/701"}],"collection":[{"href":"https:\/\/zettransport.com\/de\/wp-json\/wp\/v2\/pages"}],"about":[{"href":"https:\/\/zettransport.com\/de\/wp-json\/wp\/v2\/types\/page"}],"author":[{"embeddable":true,"href":"https:\/\/zettransport.com\/de\/wp-json\/wp\/v2\/users\/1"}],"replies":[{"embeddable":true,"href":"https:\/\/zettransport.com\/de\/wp-json\/wp\/v2\/comments?post=701"}],"version-history":[{"count":6,"href":"https:\/\/zettransport.com\/de\/wp-json\/wp\/v2\/pages\/701\/revisions"}],"predecessor-version":[{"id":2152,"href":"https:\/\/zettransport.com\/de\/wp-json\/wp\/v2\/pages\/701\/revisions\/2152"}],"up":[{"embeddable":true,"href":"https:\/\/zettransport.com\/de\/wp-json\/wp\/v2\/pages\/552"}],"wp:featuredmedia":[{"embeddable":true,"href":"https:\/\/zettransport.com\/de\/wp-json\/wp\/v2\/media\/1166"}],"wp:attachment":[{"href":"https:\/\/zettransport.com\/de\/wp-json\/wp\/v2\/media?parent=701"}],"curies":[{"name":"wp","href":"https:\/\/api.w.org\/{rel}","templated":true}]}}