{"id":702,"date":"2017-07-25T11:33:38","date_gmt":"2017-07-25T09:33:38","guid":{"rendered":"https:\/\/zettransport.com\/?page_id=702\/"},"modified":"2018-03-01T15:31:51","modified_gmt":"2018-03-01T14:31:51","slug":"mission-und-qualitaet","status":"publish","type":"page","link":"https:\/\/zettransport.com\/de\/unternehmen\/mission-und-qualitaet\/","title":{"rendered":"Mission und Qualit\u00e4t"},"content":{"rendered":"<div class=\"row\"><\/p>\n<p><div class=\"col-2\"><\/p>\n<p><strong>Wir blicken immer in die Zukunft<\/strong>, versuchen neue M\u00e4rkte f\u00fcr uns zu erschlie\u00dfen und den Erwartungen der Vertragspartner zu entsprechen. Unser Hauptziel ist es, den Bed\u00fcrfnissen der Kunden gerecht zu werden, folglich eine dauerhafte Gesch\u00e4ftsbeziehung aufzubauen, die auf Gegenseitigkeit beruht und von gegenseitigem Vertrauen und Verst\u00e4ndnis gepr\u00e4gt ist. Die Verwirklichung der Ziele in h\u00f6chstem Ma\u00dfe f\u00f6rdert Zufriedenheit und schafft eine vertrauensvolle Basis f\u00fcr gemeinsamen Erfolg.<\/p>\n<p><\/div><\/p>\n<p><div class=\"col-2\"><\/p>\n<p><strong>Bei der Festlegung der F\u00fchrungsstrategie<\/strong> f\u00fcr die n\u00e4chsten Jahre wird einer nachhaltigen und vielseitigen Entwicklung unseres Unternehmens Rechnung getragen. Qualit\u00e4t und Umweltschutz werden zum\u00a0Ma\u00dfstab\u00a0s\u00e4mtlicher\u00a0Arbeitsabl\u00e4ufe\u00a0und Gesch\u00e4ftsprozesse\u00a0gemacht. Hohe Handlungskompetenz in Verbindung mit Fachwissen und viel Erfahrung machen uns zu einem vertrauensw\u00fcrdigen Logistikpartner f\u00fcr unsere Kunden.<\/p>\n<p><\/div><\/p>\n<p><\/div>\n<h2>Seit Jahren auf Aufw\u00e4rtskurs<\/h2>\n<p>Mit Erlangung der Zertifikate wird die Einhaltung hoher\u00a0Standards hinsichtlich Qualit\u00e4t, Sicherheit und Umwelt im unternehmerischen Bereich best\u00e4tigt.<\/p>\n<div class=\"row\"><\/p>\n<p><div class=\"col-2\"><\/p>\n<h3><strong>ISO 9001:2015<\/strong><\/h3>\n<p>Im Juli 2003 haben wir \u00a0ein Qualit\u00e4tsmanagementsystem nach ISO 9001 eingef\u00fchrt und im Dezember desselben Jahres wurde uns ein Zertifikat erteilt im Geltungsbereich: Durchf\u00fchrung von Transport-, Speditions- und Logistikleistungen, Be- und Entladearbeiten, G\u00fcterverkehr in Europa und Asien.<\/p>\n<p><strong>Im Rahmen des Zertifizierungsverfahrens erfolgt jedes Jahr ein externes \u00dcberwachungsaudit. Seit \u00fcber 15 Jahren sind wir in Besitz des ISO\u00a09001\u2013Zertifikats, aktuell in der Normversion 9001:2015.<\/strong><\/p>\n<p><\/div><\/p>\n<p><div class=\"col-2\"><\/p>\n<h3><strong>AEO-Zertifikat<\/strong><\/h3>\n<p>Ein n\u00e4chster Schritt zum Ausbau unseres Qualit\u00e4tsmanagementsystems und Aufbau einer Unternehmens- und Arbeitskultur war Erarbeitung und Einf\u00fchrung der AEO-Prozeduren. Das AEO-Zertifikat wir innerhalb der EG an gepr\u00fcfte Unternehmen vergeben, die nach der Bewilligung des Status\u00a0 \u201eZugelassener Wirtschaftsbeteiligter\u201c als besonders zuverl\u00e4ssig und vertrauensw\u00fcrdig gelten und daf\u00fcr besondere Verg\u00fcnstigungen im Rahmen der Zollabfertigung in Anspruch nehmen k\u00f6nnen.<\/p>\n<p><\/div><\/p>\n<p><\/div>\n","protected":false},"excerpt":{"rendered":"<p>Seit Jahren auf Aufw\u00e4rtskurs Mit Erlangung der Zertifikate wird die Einhaltung hoher\u00a0Standards hinsichtlich Qualit\u00e4t, Sicherheit und Umwelt im unternehmerischen Bereich best\u00e4tigt.<\/p>\n","protected":false},"author":1,"featured_media":1372,"parent":552,"menu_order":73,"comment_status":"closed","ping_status":"closed","template":"","meta":{"inline_featured_image":false,"_mi_skip_tracking":false},"acf":[],"yoast_head":"<!-- This site is optimized with the Yoast SEO plugin v19.7.1 - https:\/\/yoast.com\/wordpress\/plugins\/seo\/ -->\n<title>Mission und Qualit\u00e4t - Zettransport %<\/title>\n<meta name=\"robots\" content=\"index, follow, max-snippet:-1, max-image-preview:large, max-video-preview:-1\" \/>\n<link rel=\"canonical\" href=\"https:\/\/zettransport.com\/de\/unternehmen\/mission-und-qualitaet\/\" \/>\n<meta property=\"og:locale\" content=\"de_DE\" \/>\n<meta property=\"og:type\" content=\"article\" \/>\n<meta property=\"og:title\" content=\"Mission und Qualit\u00e4t - Zettransport %\" \/>\n<meta property=\"og:description\" content=\"Seit Jahren auf Aufw\u00e4rtskurs Mit Erlangung der Zertifikate wird die Einhaltung hoher\u00a0Standards hinsichtlich Qualit\u00e4t, Sicherheit und Umwelt im unternehmerischen Bereich best\u00e4tigt.\" \/>\n<meta property=\"og:url\" content=\"https:\/\/zettransport.com\/de\/unternehmen\/mission-und-qualitaet\/\" \/>\n<meta property=\"og:site_name\" content=\"Zettransport\" \/>\n<meta property=\"article:modified_time\" content=\"2018-03-01T14:31:51+00:00\" \/>\n<meta property=\"og:image\" content=\"https:\/\/zettransport.com\/wp-content\/uploads\/2017\/07\/misja_jako-_firma.jpg\" \/>\n\t<meta property=\"og:image:width\" content=\"1744\" \/>\n\t<meta property=\"og:image:height\" content=\"1089\" \/>\n\t<meta property=\"og:image:type\" content=\"image\/jpeg\" \/>\n<meta name=\"twitter:card\" content=\"summary\" \/>\n<meta name=\"twitter:label1\" content=\"Gesch\u00e4tzte Lesezeit\" \/>\n\t<meta name=\"twitter:data1\" content=\"2\u00a0Minuten\" \/>\n<script type=\"application\/ld+json\" class=\"yoast-schema-graph\">{\"@context\":\"https:\/\/schema.org\",\"@graph\":[{\"@type\":\"WebPage\",\"@id\":\"https:\/\/zettransport.com\/de\/unternehmen\/mission-und-qualitaet\/\",\"url\":\"https:\/\/zettransport.com\/de\/unternehmen\/mission-und-qualitaet\/\",\"name\":\"Mission und Qualit\u00e4t - Zettransport %\",\"isPartOf\":{\"@id\":\"https:\/\/zettransport.com\/#website\"},\"datePublished\":\"2017-07-25T09:33:38+00:00\",\"dateModified\":\"2018-03-01T14:31:51+00:00\",\"breadcrumb\":{\"@id\":\"https:\/\/zettransport.com\/de\/unternehmen\/mission-und-qualitaet\/#breadcrumb\"},\"inLanguage\":\"de\",\"potentialAction\":[{\"@type\":\"ReadAction\",\"target\":[\"https:\/\/zettransport.com\/de\/unternehmen\/mission-und-qualitaet\/\"]}]},{\"@type\":\"BreadcrumbList\",\"@id\":\"https:\/\/zettransport.com\/de\/unternehmen\/mission-und-qualitaet\/#breadcrumb\",\"itemListElement\":[{\"@type\":\"ListItem\",\"position\":1,\"name\":\"Strona g\u0142\u00f3wna\",\"item\":\"https:\/\/zettransport.com\/de\/\"},{\"@type\":\"ListItem\",\"position\":2,\"name\":\"Unternehmen\",\"item\":\"https:\/\/zettransport.com\/de\/unternehmen\/\"},{\"@type\":\"ListItem\",\"position\":3,\"name\":\"Mission und Qualit\u00e4t\"}]},{\"@type\":\"WebSite\",\"@id\":\"https:\/\/zettransport.com\/#website\",\"url\":\"https:\/\/zettransport.com\/\",\"name\":\"Zettransport\",\"description\":\"Your logistic partner\",\"potentialAction\":[{\"@type\":\"SearchAction\",\"target\":{\"@type\":\"EntryPoint\",\"urlTemplate\":\"https:\/\/zettransport.com\/?s={search_term_string}\"},\"query-input\":\"required name=search_term_string\"}],\"inLanguage\":\"de\"}]}<\/script>\n<!-- \/ Yoast SEO plugin. -->","yoast_head_json":{"title":"Mission und Qualit\u00e4t - Zettransport %","robots":{"index":"index","follow":"follow","max-snippet":"max-snippet:-1","max-image-preview":"max-image-preview:large","max-video-preview":"max-video-preview:-1"},"canonical":"https:\/\/zettransport.com\/de\/unternehmen\/mission-und-qualitaet\/","og_locale":"de_DE","og_type":"article","og_title":"Mission und Qualit\u00e4t - Zettransport %","og_description":"Seit Jahren auf Aufw\u00e4rtskurs Mit Erlangung der Zertifikate wird die Einhaltung hoher\u00a0Standards hinsichtlich Qualit\u00e4t, Sicherheit und Umwelt im unternehmerischen Bereich best\u00e4tigt.","og_url":"https:\/\/zettransport.com\/de\/unternehmen\/mission-und-qualitaet\/","og_site_name":"Zettransport","article_modified_time":"2018-03-01T14:31:51+00:00","og_image":[{"width":1744,"height":1089,"url":"https:\/\/zettransport.com\/wp-content\/uploads\/2017\/07\/misja_jako-_firma.jpg","type":"image\/jpeg"}],"twitter_card":"summary","twitter_misc":{"Gesch\u00e4tzte Lesezeit":"2\u00a0Minuten"},"schema":{"@context":"https:\/\/schema.org","@graph":[{"@type":"WebPage","@id":"https:\/\/zettransport.com\/de\/unternehmen\/mission-und-qualitaet\/","url":"https:\/\/zettransport.com\/de\/unternehmen\/mission-und-qualitaet\/","name":"Mission und Qualit\u00e4t - Zettransport %","isPartOf":{"@id":"https:\/\/zettransport.com\/#website"},"datePublished":"2017-07-25T09:33:38+00:00","dateModified":"2018-03-01T14:31:51+00:00","breadcrumb":{"@id":"https:\/\/zettransport.com\/de\/unternehmen\/mission-und-qualitaet\/#breadcrumb"},"inLanguage":"de","potentialAction":[{"@type":"ReadAction","target":["https:\/\/zettransport.com\/de\/unternehmen\/mission-und-qualitaet\/"]}]},{"@type":"BreadcrumbList","@id":"https:\/\/zettransport.com\/de\/unternehmen\/mission-und-qualitaet\/#breadcrumb","itemListElement":[{"@type":"ListItem","position":1,"name":"Strona g\u0142\u00f3wna","item":"https:\/\/zettransport.com\/de\/"},{"@type":"ListItem","position":2,"name":"Unternehmen","item":"https:\/\/zettransport.com\/de\/unternehmen\/"},{"@type":"ListItem","position":3,"name":"Mission und Qualit\u00e4t"}]},{"@type":"WebSite","@id":"https:\/\/zettransport.com\/#website","url":"https:\/\/zettransport.com\/","name":"Zettransport","description":"Your logistic partner","potentialAction":[{"@type":"SearchAction","target":{"@type":"EntryPoint","urlTemplate":"https:\/\/zettransport.com\/?s={search_term_string}"},"query-input":"required name=search_term_string"}],"inLanguage":"de"}]}},"_links":{"self":[{"href":"https:\/\/zettransport.com\/de\/wp-json\/wp\/v2\/pages\/702"}],"collection":[{"href":"https:\/\/zettransport.com\/de\/wp-json\/wp\/v2\/pages"}],"about":[{"href":"https:\/\/zettransport.com\/de\/wp-json\/wp\/v2\/types\/page"}],"author":[{"embeddable":true,"href":"https:\/\/zettransport.com\/de\/wp-json\/wp\/v2\/users\/1"}],"replies":[{"embeddable":true,"href":"https:\/\/zettransport.com\/de\/wp-json\/wp\/v2\/comments?post=702"}],"version-history":[{"count":8,"href":"https:\/\/zettransport.com\/de\/wp-json\/wp\/v2\/pages\/702\/revisions"}],"predecessor-version":[{"id":1492,"href":"https:\/\/zettransport.com\/de\/wp-json\/wp\/v2\/pages\/702\/revisions\/1492"}],"up":[{"embeddable":true,"href":"https:\/\/zettransport.com\/de\/wp-json\/wp\/v2\/pages\/552"}],"wp:featuredmedia":[{"embeddable":true,"href":"https:\/\/zettransport.com\/de\/wp-json\/wp\/v2\/media\/1372"}],"wp:attachment":[{"href":"https:\/\/zettransport.com\/de\/wp-json\/wp\/v2\/media?parent=702"}],"curies":[{"name":"wp","href":"https:\/\/api.w.org\/{rel}","templated":true}]}}