{"id":707,"date":"2017-07-25T11:36:39","date_gmt":"2017-07-25T09:36:39","guid":{"rendered":"https:\/\/zettransport.com\/?page_id=707\/"},"modified":"2017-12-13T09:56:27","modified_gmt":"2017-12-13T08:56:27","slug":"fahrer","status":"publish","type":"page","link":"https:\/\/zettransport.com\/de\/karriere\/fahrer\/","title":{"rendered":"Fahrer"},"content":{"rendered":"<p><strong>Praca na stanowisku kierowcy to zdobywanie nowych umiej\u0119tno\u015bci, kompetencji i do\u015bwiadczenia. <\/strong><strong>Aktualnie poszukujemy kierowc\u00f3w na kierunki:<\/strong><\/p>\n<div class=\"row\"><br \/>\n<div class=\"col-2\"><\/div><\/p>\n<ul class=\"custom-list\">\n<li>Europa Zachodnia &#8211; system pracy 2\/1<\/li>\n<li>Europa Zachodnia &#8211; system pracy 3\/1<\/li>\n<li>Europa Zachodnia i Po\u0142udniowa &#8211; system pracy 4\/1<\/li>\n<li>Europa Zachodnia i Po\u0142udniowa &#8211; system pracy 6\/2<\/li>\n<li>rundy: Polska -&gt; UE -&gt; Polska<\/li>\n<li>transport krajowy<\/li>\n<\/ul>\n<p><\/div>\n<p><strong>Mamy r\u00f3wnie\u017c ofert\u0119 dla kierowc\u00f3w bez do\u015bwiadczenia &#8211; podw\u00f3jna obsada.<\/strong><\/p>\n<p><strong>Oferujemy:<\/strong><\/p>\n<div class=\"row\"><br \/>\n<div class=\"col-2\"><\/div><\/p>\n<ul class=\"custom-list\">\n<li>atrakcyjne warunki zatrudnienia (umowa o prac\u0119),<\/li>\n<li>stabiln\u0105 prac\u0119 w firmie o ugruntowanej pozycji na rynku &#8211; dzia\u0142amy od 1993 roku,<\/li>\n<li>mo\u017cliwo\u015b\u0107 rozwoju zawodowego, zdobycia nowych kompetencji,<\/li>\n<li>prac\u0119 na nowoczesnym sprz\u0119cie (\u015bredni wiek floty &#8211; poni\u017cej 2 lat)<\/li>\n<\/ul>\n<p><\/div>\n<p><strong>Wymagania:<\/strong><\/p>\n<div class=\"row\"><br \/>\n<div class=\"col-2\"><\/div><\/p>\n<ul class=\"custom-list\">\n<li>uprawnienia do wykonywania zawodu (kat. C+E),<\/li>\n<li>wa\u017cne badania lekarskie,<\/li>\n<li>uczciwo\u015b\u0107 i rzetelno\u015b\u0107 w wykonywaniu obowi\u0105zk\u00f3w,<\/li>\n<li>dba\u0142o\u015b\u0107 o powierzone mienie.<\/li>\n<\/ul>\n<p><\/div>\n<h3>Kontakt<\/h3>\n<p>tel. +48 18 44 96 825<br \/>\ntel. +48 694 404 302<br \/>\ntel. +48 18 44 96 811<br \/>\ntel. +48 18 44 96 829<br \/>\n<a href=\"mailto:rekrutacja@zettransport.com\">rekrutacja@zettransport.com<\/a><\/p>\n<div role=\"form\" class=\"wpcf7\" id=\"wpcf7-f120-o1\" lang=\"pl-PL\" dir=\"ltr\">\n<div class=\"screen-reader-response\"><p role=\"status\" aria-live=\"polite\" aria-atomic=\"true\"><\/p> <ul><\/ul><\/div>\n<form action=\"\/de\/wp-json\/wp\/v2\/pages\/707#wpcf7-f120-o1\" method=\"post\" class=\"wpcf7-form init\" enctype=\"multipart\/form-data\" novalidate=\"novalidate\" data-status=\"init\">\n<div style=\"display: none;\">\n<input type=\"hidden\" name=\"_wpcf7\" value=\"120\" \/>\n<input type=\"hidden\" name=\"_wpcf7_version\" value=\"5.6.3\" \/>\n<input type=\"hidden\" name=\"_wpcf7_locale\" value=\"pl_PL\" \/>\n<input type=\"hidden\" name=\"_wpcf7_unit_tag\" value=\"wpcf7-f120-o1\" \/>\n<input type=\"hidden\" name=\"_wpcf7_container_post\" value=\"0\" \/>\n<input type=\"hidden\" name=\"_wpcf7_posted_data_hash\" value=\"\" \/>\n<input type=\"hidden\" name=\"_wpcf7_recaptcha_response\" value=\"\" \/>\n<\/div>\n<div class=\"cl-2\">\n<p><span class=\"wpcf7-form-control-wrap\" data-name=\"text-637\"><input type=\"text\" name=\"text-637\" value=\"\" size=\"40\" class=\"wpcf7-form-control wpcf7-text wpcf7-validates-as-required\" aria-required=\"true\" aria-invalid=\"false\" placeholder=\"Imie\" \/><\/span><\/p>\n<p><span class=\"wpcf7-form-control-wrap\" data-name=\"text-638\"><input type=\"text\" name=\"text-638\" value=\"\" size=\"40\" class=\"wpcf7-form-control wpcf7-text wpcf7-validates-as-required\" aria-required=\"true\" aria-invalid=\"false\" placeholder=\"Nazwisko\" \/><\/span><\/p>\n<p><span class=\"wpcf7-form-control-wrap\" data-name=\"tel-990\"><input type=\"tel\" name=\"tel-990\" value=\"\" size=\"40\" class=\"wpcf7-form-control wpcf7-text wpcf7-tel wpcf7-validates-as-required wpcf7-validates-as-tel\" aria-required=\"true\" aria-invalid=\"false\" placeholder=\"Telefon\" \/><\/span><\/p>\n<p><span class=\"wpcf7-form-control-wrap\" data-name=\"email-139\"><input type=\"email\" name=\"email-139\" value=\"\" size=\"40\" class=\"wpcf7-form-control wpcf7-text wpcf7-email wpcf7-validates-as-required wpcf7-validates-as-email\" aria-required=\"true\" aria-invalid=\"false\" placeholder=\"Email\" \/><\/span><\/p>\n<p><label for=\"file\" class=\"file_ctrl\">Za\u0142\u0105cz plik<span class=\"wpcf7-form-control-wrap\" data-name=\"file-703\"><input type=\"file\" name=\"file-703\" size=\"40\" class=\"wpcf7-form-control wpcf7-file\" id=\"file\" accept=\"audio\/*,video\/*,image\/*\" aria-invalid=\"false\" \/><\/span><\/label><\/p>\n<\/div>\n<div class=\"cl-2\">\n\t<span class=\"wpcf7-form-control-wrap\" data-name=\"textarea-374\"><textarea name=\"textarea-374\" cols=\"40\" rows=\"10\" class=\"wpcf7-form-control wpcf7-textarea\" aria-invalid=\"false\" placeholder=\"Tre\u015b\u0107 wiadomo\u015bci\"><\/textarea><\/span>\n<\/div>\n<div style=\"height:100%;\">\n<span class=\"wpcf7-form-control-wrap\" data-name=\"checkbox-539\"><span class=\"wpcf7-form-control wpcf7-checkbox wpcf7-validates-as-required wpcf7-exclusive-checkbox\"><span class=\"wpcf7-list-item first last\"><input type=\"checkbox\" name=\"checkbox-539\" value=\"Zgodnie z art.6 ust.1 lit. a og\u00f3lnego rozporz\u0105dzenia o ochronie danych osobowych z dnia 27 kwietnia 2016 r. (Dz. Urz. UE L 119 z 04.05.2016) wyra\u017cam zgod\u0119 na przetwarzanie danych osobowych w celu rekrutacji i p\u00f3\u017aniejszego kontaktu oraz zapozna\u0142em si\u0119 z polityk\u0105 prywatno\u015bci.\" \/><span class=\"wpcf7-list-item-label\">Zgodnie z art.6 ust.1 lit. a og\u00f3lnego rozporz\u0105dzenia o ochronie danych osobowych z dnia 27 kwietnia 2016 r. (Dz. Urz. UE L 119 z 04.05.2016) wyra\u017cam zgod\u0119 na przetwarzanie danych osobowych w celu rekrutacji i p\u00f3\u017aniejszego kontaktu oraz zapozna\u0142em si\u0119 z polityk\u0105 prywatno\u015bci.<\/span><\/span><\/span><\/span>\n<\/div>\n<div class=\"cl-1\">\n\n<\/div>\n<div class=\"cl-1\">\n       <input type=\"submit\" value=\"Wy\u015blij formularz\" class=\"wpcf7-form-control has-spinner wpcf7-submit btn black\" \/>\n<\/div>\n<div>\n<p><br\/><br \/>\n<b>Klauzula informacyjna<\/b><br\/><br \/>\nZgodnie z art. 13 og\u00f3lnego rozporz\u0105dzenia o ochronie danych osobowych z dnia 27 kwietnia 2016 r. informuj\u0119, i\u017c:<\/p>\n<p>1) administratorem Pani\/Pana danych osobowych jest ZETTRANSPORT SP z.o.o. z siedzib\u0105 w Nowym S\u0105czu ul. Flisak\u00f3w 1<br \/>\n2) kontakt z Inspektorem Ochrony Danych Norbertem Boguckim mo\u017cliwy jest pod adresem email boguckin@bestwayconsulting.pl<br \/>\n3) Pani\/Pana dane osobowe przetwarzane b\u0119d\u0105 w celu rekrutacji. na podstawie Art. 6 ust. 1 lit. a - og\u00f3lnego rozporz\u0105dzenia o ochronie danych osobowych z dnia 27 kwietnia 2016 r.,<br \/>\n4) odbiorcami Pana\/Pani danych osobowych b\u0119d\u0105 dzia\u0142 kadr, rekrutacji.<br \/>\n5) Pana\/Pani dane osobowe przechowywane b\u0119d\u0105 przez okres 6 miesi\u0119cy lub do czasu zako\u0144czenia procesu rekrutacji<br \/>\n6) posiada Pani\/Pan prawo do: \u017c\u0105dania od administratora dost\u0119pu do danych osobowych, prawo do ich sprostowania, usuni\u0119cia lub ograniczenia przetwarzania, prawo do wniesienia sprzeciwu wobec przetwarzania, a tak\u017ce prawo do przenoszenia danych<br \/>\n7) ma Pan\/Pani prawo wniesienia skargi do organu nadzorczego<br \/>\n8) podanie danych osobowych jest dobrowolne, jednak\u017ce niepodanie danych w zakresie wymaganym przez administratora mo\u017ce skutkowa\u0107 wstrzymaniem rekrutacji.\n<\/p><\/div>\n<div class=\"wpcf7-response-output\" aria-hidden=\"true\"><\/div><\/form><\/div>\n","protected":false},"excerpt":{"rendered":"<p>Praca na stanowisku kierowcy to zdobywanie nowych umiej\u0119tno\u015bci, kompetencji i do\u015bwiadczenia. Aktualnie poszukujemy kierowc\u00f3w na kierunki: Mamy r\u00f3wnie\u017c ofert\u0119 dla kierowc\u00f3w bez do\u015bwiadczenia &#8211; podw\u00f3jna obsada. Oferujemy: Wymagania: Kontakt tel. +48 18 44 96 825 tel. +48 694 404 302 tel. +48 18 44 96 811 tel. +48 18 44 96 829 rekrutacja@zettransport.com<\/p>\n","protected":false},"author":1,"featured_media":1359,"parent":553,"menu_order":148,"comment_status":"closed","ping_status":"closed","template":"","meta":{"inline_featured_image":false,"_mi_skip_tracking":false},"acf":[],"yoast_head":"<!-- This site is optimized with the Yoast SEO plugin v19.7.1 - https:\/\/yoast.com\/wordpress\/plugins\/seo\/ -->\n<title>Fahrer - Zettransport %<\/title>\n<meta name=\"robots\" content=\"index, follow, max-snippet:-1, max-image-preview:large, max-video-preview:-1\" \/>\n<link rel=\"canonical\" href=\"https:\/\/zettransport.com\/de\/karriere\/fahrer\/\" \/>\n<meta property=\"og:locale\" content=\"de_DE\" \/>\n<meta property=\"og:type\" content=\"article\" \/>\n<meta property=\"og:title\" content=\"Fahrer - Zettransport %\" \/>\n<meta property=\"og:description\" content=\"Praca na stanowisku kierowcy to zdobywanie nowych umiej\u0119tno\u015bci, kompetencji i do\u015bwiadczenia. Aktualnie poszukujemy kierowc\u00f3w na kierunki: Mamy r\u00f3wnie\u017c ofert\u0119 dla kierowc\u00f3w bez do\u015bwiadczenia &#8211; podw\u00f3jna obsada. Oferujemy: Wymagania: Kontakt tel. +48 18 44 96 825 tel. +48 694 404 302 tel. +48 18 44 96 811 tel. +48 18 44 96 829 rekrutacja@zettransport.com\" \/>\n<meta property=\"og:url\" content=\"https:\/\/zettransport.com\/de\/karriere\/fahrer\/\" \/>\n<meta property=\"og:site_name\" content=\"Zettransport\" \/>\n<meta property=\"article:modified_time\" content=\"2017-12-13T08:56:27+00:00\" \/>\n<meta property=\"og:image\" content=\"https:\/\/zettransport.com\/wp-content\/uploads\/2017\/07\/kierowcy-oferta.jpg\" \/>\n\t<meta property=\"og:image:width\" content=\"1200\" \/>\n\t<meta property=\"og:image:height\" content=\"600\" \/>\n\t<meta property=\"og:image:type\" content=\"image\/jpeg\" \/>\n<meta name=\"twitter:card\" content=\"summary\" \/>\n<meta name=\"twitter:label1\" content=\"Gesch\u00e4tzte Lesezeit\" \/>\n\t<meta name=\"twitter:data1\" content=\"1\u00a0Minute\" \/>\n<script type=\"application\/ld+json\" class=\"yoast-schema-graph\">{\"@context\":\"https:\/\/schema.org\",\"@graph\":[{\"@type\":\"WebPage\",\"@id\":\"https:\/\/zettransport.com\/de\/karriere\/fahrer\/\",\"url\":\"https:\/\/zettransport.com\/de\/karriere\/fahrer\/\",\"name\":\"Fahrer - Zettransport %\",\"isPartOf\":{\"@id\":\"https:\/\/zettransport.com\/#website\"},\"datePublished\":\"2017-07-25T09:36:39+00:00\",\"dateModified\":\"2017-12-13T08:56:27+00:00\",\"breadcrumb\":{\"@id\":\"https:\/\/zettransport.com\/de\/karriere\/fahrer\/#breadcrumb\"},\"inLanguage\":\"de\",\"potentialAction\":[{\"@type\":\"ReadAction\",\"target\":[\"https:\/\/zettransport.com\/de\/karriere\/fahrer\/\"]}]},{\"@type\":\"BreadcrumbList\",\"@id\":\"https:\/\/zettransport.com\/de\/karriere\/fahrer\/#breadcrumb\",\"itemListElement\":[{\"@type\":\"ListItem\",\"position\":1,\"name\":\"Strona g\u0142\u00f3wna\",\"item\":\"https:\/\/zettransport.com\/de\/\"},{\"@type\":\"ListItem\",\"position\":2,\"name\":\"Karriere\",\"item\":\"https:\/\/zettransport.com\/de\/karriere\/\"},{\"@type\":\"ListItem\",\"position\":3,\"name\":\"Fahrer\"}]},{\"@type\":\"WebSite\",\"@id\":\"https:\/\/zettransport.com\/#website\",\"url\":\"https:\/\/zettransport.com\/\",\"name\":\"Zettransport\",\"description\":\"Your logistic partner\",\"potentialAction\":[{\"@type\":\"SearchAction\",\"target\":{\"@type\":\"EntryPoint\",\"urlTemplate\":\"https:\/\/zettransport.com\/?s={search_term_string}\"},\"query-input\":\"required name=search_term_string\"}],\"inLanguage\":\"de\"}]}<\/script>\n<!-- \/ Yoast SEO plugin. -->","yoast_head_json":{"title":"Fahrer - Zettransport %","robots":{"index":"index","follow":"follow","max-snippet":"max-snippet:-1","max-image-preview":"max-image-preview:large","max-video-preview":"max-video-preview:-1"},"canonical":"https:\/\/zettransport.com\/de\/karriere\/fahrer\/","og_locale":"de_DE","og_type":"article","og_title":"Fahrer - Zettransport %","og_description":"Praca na stanowisku kierowcy to zdobywanie nowych umiej\u0119tno\u015bci, kompetencji i do\u015bwiadczenia. Aktualnie poszukujemy kierowc\u00f3w na kierunki: Mamy r\u00f3wnie\u017c ofert\u0119 dla kierowc\u00f3w bez do\u015bwiadczenia &#8211; podw\u00f3jna obsada. Oferujemy: Wymagania: Kontakt tel. +48 18 44 96 825 tel. +48 694 404 302 tel. +48 18 44 96 811 tel. +48 18 44 96 829 rekrutacja@zettransport.com","og_url":"https:\/\/zettransport.com\/de\/karriere\/fahrer\/","og_site_name":"Zettransport","article_modified_time":"2017-12-13T08:56:27+00:00","og_image":[{"width":1200,"height":600,"url":"https:\/\/zettransport.com\/wp-content\/uploads\/2017\/07\/kierowcy-oferta.jpg","type":"image\/jpeg"}],"twitter_card":"summary","twitter_misc":{"Gesch\u00e4tzte Lesezeit":"1\u00a0Minute"},"schema":{"@context":"https:\/\/schema.org","@graph":[{"@type":"WebPage","@id":"https:\/\/zettransport.com\/de\/karriere\/fahrer\/","url":"https:\/\/zettransport.com\/de\/karriere\/fahrer\/","name":"Fahrer - Zettransport %","isPartOf":{"@id":"https:\/\/zettransport.com\/#website"},"datePublished":"2017-07-25T09:36:39+00:00","dateModified":"2017-12-13T08:56:27+00:00","breadcrumb":{"@id":"https:\/\/zettransport.com\/de\/karriere\/fahrer\/#breadcrumb"},"inLanguage":"de","potentialAction":[{"@type":"ReadAction","target":["https:\/\/zettransport.com\/de\/karriere\/fahrer\/"]}]},{"@type":"BreadcrumbList","@id":"https:\/\/zettransport.com\/de\/karriere\/fahrer\/#breadcrumb","itemListElement":[{"@type":"ListItem","position":1,"name":"Strona g\u0142\u00f3wna","item":"https:\/\/zettransport.com\/de\/"},{"@type":"ListItem","position":2,"name":"Karriere","item":"https:\/\/zettransport.com\/de\/karriere\/"},{"@type":"ListItem","position":3,"name":"Fahrer"}]},{"@type":"WebSite","@id":"https:\/\/zettransport.com\/#website","url":"https:\/\/zettransport.com\/","name":"Zettransport","description":"Your logistic partner","potentialAction":[{"@type":"SearchAction","target":{"@type":"EntryPoint","urlTemplate":"https:\/\/zettransport.com\/?s={search_term_string}"},"query-input":"required name=search_term_string"}],"inLanguage":"de"}]}},"_links":{"self":[{"href":"https:\/\/zettransport.com\/de\/wp-json\/wp\/v2\/pages\/707"}],"collection":[{"href":"https:\/\/zettransport.com\/de\/wp-json\/wp\/v2\/pages"}],"about":[{"href":"https:\/\/zettransport.com\/de\/wp-json\/wp\/v2\/types\/page"}],"author":[{"embeddable":true,"href":"https:\/\/zettransport.com\/de\/wp-json\/wp\/v2\/users\/1"}],"replies":[{"embeddable":true,"href":"https:\/\/zettransport.com\/de\/wp-json\/wp\/v2\/comments?post=707"}],"version-history":[{"count":1,"href":"https:\/\/zettransport.com\/de\/wp-json\/wp\/v2\/pages\/707\/revisions"}],"predecessor-version":[{"id":710,"href":"https:\/\/zettransport.com\/de\/wp-json\/wp\/v2\/pages\/707\/revisions\/710"}],"up":[{"embeddable":true,"href":"https:\/\/zettransport.com\/de\/wp-json\/wp\/v2\/pages\/553"}],"wp:featuredmedia":[{"embeddable":true,"href":"https:\/\/zettransport.com\/de\/wp-json\/wp\/v2\/media\/1359"}],"wp:attachment":[{"href":"https:\/\/zettransport.com\/de\/wp-json\/wp\/v2\/media?parent=707"}],"curies":[{"name":"wp","href":"https:\/\/api.w.org\/{rel}","templated":true}]}}