{"id":714,"date":"2017-07-25T11:38:47","date_gmt":"2017-07-25T09:38:47","guid":{"rendered":"https:\/\/zettransport.com\/?page_id=714\/"},"modified":"2018-06-04T15:15:55","modified_gmt":"2018-06-04T13:15:55","slug":"kontakt-kontaktdaten","status":"publish","type":"page","link":"https:\/\/zettransport.com\/de\/kontakt-kontaktdaten\/","title":{"rendered":"Kontakt &#8211; Kontaktdaten"},"content":{"rendered":"<div class=\"row\"><\/p>\n<p><div class=\" col-3\"><\/p>\n<h2>ZET Transport &#8211; St\u00e4tte<\/h2>\n<p><strong>Sekretariat<\/strong><\/p>\n<p><a href=\"tel:+48 18 44 14 666\">tel. +48 18 44 14 666<\/a><\/p>\n<p><a href=\"#\">fax +48 18 44 14 604<\/a><\/p>\n<p><a href=\"mailto:biuro@zettransport.com\">biuro@zettransport.com<\/a><\/p>\n<p><div class=\"br\"><\/div><\/p>\n<p><strong>Marketing<\/strong><\/p>\n<p><a href=\"tel: +48 18 44 96 833\">tel. +48 18 44 96 833<\/a><\/p>\n<p><a href=\"mailto:marketing@zettransport.com\">marketing@zettransport.com<\/a><\/p>\n<p><div class=\"br\"><\/div><\/p>\n<p><strong>Transport und Spedition<br \/>\n<\/strong><\/p>\n<p><a href=\"tel: +48 18 44 96 825\">tel. +48 18 44 96 825<\/a><\/p>\n<p><a href=\"mailto:wieslaw.kubacki@zettransport.com\">wieslaw.kubacki@zettransport.com<\/a><\/p>\n<p><div class=\"br\"><\/div><\/p>\n<p><strong>Buchhaltung<\/strong><\/p>\n<p><a href=\"tel: +48 18 44 96 840\">tel: +48 18 44 96 840 &#8211; 843<\/a><\/p>\n<p><div class=\"br\"><\/div><\/p>\n<p><strong>IOD<\/strong><\/p>\n<p>Norbert Bogucki<\/p>\n<p><a href=\"mailto:boguckin@bestwayconsulting.pl\">boguckin@bestwayconsulting.pl<\/a><\/p>\n<p><div class=\"br\"><\/div><\/p>\n<p><strong>Adresse<\/strong><\/p>\n<p><strong>ZET Transport Sp. z o.o<\/strong><\/p>\n<p><strong>ul Flisakow 1<\/strong><\/p>\n<p><strong>Nowy Sacz 33-300<\/strong><\/p>\n<p><div class=\"br\"><\/div><\/p>\n<p>NIP 734-001-91-89 \/ REGON 490012006<\/p>\n<p>KRS 0000254143<\/p>\n<p>Sad Rejonowy dla Krakowa &#8211; \u015ar\u00f3dmie\u015bcia w Krakowie,<\/p>\n<p>XII Wydza\u0142 Gospodarczy Krajowego Rejestru Sadowego<\/p>\n<p><\/div><\/p>\n<p><div class=\" col-3\"><\/p>\n<h2>Niederlassungen<\/h2>\n<p><strong>\u00d6sterreich<\/strong><\/p>\n<p>ZET Transport GES.M.B.H<\/p>\n<p>Ortsstrasse 70<\/p>\n<p>A-2051 Zellerndorf<\/p>\n<p><div class=\"br\"><\/div><\/p>\n<p><strong>B\u00fcro<\/strong><\/p>\n<p>Talpagasse 8<\/p>\n<p>A-1230 Wien<\/p>\n<p><a href=\"tel:+43 1 8676706\">tel. +43 1 8676706<\/a><\/p>\n<p><a href=\"mailto:office@zettransport.at\">office@zettransport.at<\/a><\/p>\n<p><strong><a href=\"http:\/\/www.zettransport.at\">www.zettransport.at<\/a><\/strong><\/p>\n<p><div class=\"br\"><\/div><\/p>\n<p><strong>Slowakei<\/strong><\/p>\n<p>ZET Transport SLOVAKIA s.r.o<\/p>\n<p>Priemyselna 2998<\/p>\n<p>08501 Bardejov<\/p>\n<p><a href=\"mailto:doprava@zettransport.sk\">doprava@zettransport.sk<\/a><\/p>\n<p><strong>www.zettransport.sk<\/strong><\/p>\n<p><\/div><\/p>\n<p><div class=\" col-3\"><\/p>\n<h2>Zollagentur<\/h2>\n<p><strong>ZET Transport Agencja Celna Sp. z o.o.<\/strong><\/p>\n<p>ul. Flisak\u00f3w 1<\/p>\n<p>33-300 Nowy S\u0105cz<\/p>\n<p><a href=\"mailto:agencja.celna@zettransport.com\">agencja.celna@zettransport.com<\/a><\/p>\n<p><div class=\"br\"><\/div><\/p>\n<p><strong> Nowy S\u0105cz &#8211; B\u00fcro<br \/>\n<\/strong><\/p>\n<p>ul. W\u0119gierska 188<\/p>\n<p>33-300 Nowy S\u0105cz<\/p>\n<p><a href=\"tel: +48 18 44 25 512\">tel. +48 18 44 25 512<\/a><\/p>\n<p>fax. +48 18 44 29 121<\/p>\n<p><div class=\"br\"><\/div><\/p>\n<p><strong>Racib\u00f3rz &#8211; Zweig<br \/>\n<\/strong><\/p>\n<p>ul. Piastowska 29<\/p>\n<p>47-400 Racib\u00f3rz<\/p>\n<p><a href=\"tel: +48 32 45 95 275\">tel. +48 32 45 95 275<\/a><\/p>\n<p>fax. +48 32 45 95 378<\/p>\n<p><\/div><\/p>\n<p><\/div>\n","protected":false},"excerpt":{"rendered":"","protected":false},"author":1,"featured_media":0,"parent":0,"menu_order":71,"comment_status":"closed","ping_status":"closed","template":"kontakt.php","meta":{"inline_featured_image":false,"_mi_skip_tracking":false},"acf":[],"yoast_head":"<!-- This site is optimized with the Yoast SEO plugin v19.7.1 - https:\/\/yoast.com\/wordpress\/plugins\/seo\/ -->\n<title>Kontakt - Kontaktdaten - Zettransport %<\/title>\n<meta name=\"robots\" content=\"index, follow, max-snippet:-1, max-image-preview:large, max-video-preview:-1\" \/>\n<link rel=\"canonical\" href=\"https:\/\/zettransport.com\/de\/kontakt-kontaktdaten\/\" \/>\n<meta property=\"og:locale\" content=\"de_DE\" \/>\n<meta property=\"og:type\" content=\"article\" \/>\n<meta property=\"og:title\" content=\"Kontakt - Kontaktdaten - Zettransport %\" \/>\n<meta property=\"og:url\" content=\"https:\/\/zettransport.com\/de\/kontakt-kontaktdaten\/\" \/>\n<meta property=\"og:site_name\" content=\"Zettransport\" \/>\n<meta property=\"article:modified_time\" content=\"2018-06-04T13:15:55+00:00\" \/>\n<meta name=\"twitter:card\" content=\"summary\" \/>\n<meta name=\"twitter:label1\" content=\"Gesch\u00e4tzte Lesezeit\" \/>\n\t<meta name=\"twitter:data1\" content=\"1\u00a0Minute\" \/>\n<script type=\"application\/ld+json\" class=\"yoast-schema-graph\">{\"@context\":\"https:\/\/schema.org\",\"@graph\":[{\"@type\":\"WebPage\",\"@id\":\"https:\/\/zettransport.com\/de\/kontakt-kontaktdaten\/\",\"url\":\"https:\/\/zettransport.com\/de\/kontakt-kontaktdaten\/\",\"name\":\"Kontakt - Kontaktdaten - Zettransport %\",\"isPartOf\":{\"@id\":\"https:\/\/zettransport.com\/#website\"},\"datePublished\":\"2017-07-25T09:38:47+00:00\",\"dateModified\":\"2018-06-04T13:15:55+00:00\",\"breadcrumb\":{\"@id\":\"https:\/\/zettransport.com\/de\/kontakt-kontaktdaten\/#breadcrumb\"},\"inLanguage\":\"de\",\"potentialAction\":[{\"@type\":\"ReadAction\",\"target\":[\"https:\/\/zettransport.com\/de\/kontakt-kontaktdaten\/\"]}]},{\"@type\":\"BreadcrumbList\",\"@id\":\"https:\/\/zettransport.com\/de\/kontakt-kontaktdaten\/#breadcrumb\",\"itemListElement\":[{\"@type\":\"ListItem\",\"position\":1,\"name\":\"Strona g\u0142\u00f3wna\",\"item\":\"https:\/\/zettransport.com\/de\/\"},{\"@type\":\"ListItem\",\"position\":2,\"name\":\"Kontakt &#8211; Kontaktdaten\"}]},{\"@type\":\"WebSite\",\"@id\":\"https:\/\/zettransport.com\/#website\",\"url\":\"https:\/\/zettransport.com\/\",\"name\":\"Zettransport\",\"description\":\"Your logistic partner\",\"potentialAction\":[{\"@type\":\"SearchAction\",\"target\":{\"@type\":\"EntryPoint\",\"urlTemplate\":\"https:\/\/zettransport.com\/?s={search_term_string}\"},\"query-input\":\"required name=search_term_string\"}],\"inLanguage\":\"de\"}]}<\/script>\n<!-- \/ Yoast SEO plugin. -->","yoast_head_json":{"title":"Kontakt - Kontaktdaten - Zettransport %","robots":{"index":"index","follow":"follow","max-snippet":"max-snippet:-1","max-image-preview":"max-image-preview:large","max-video-preview":"max-video-preview:-1"},"canonical":"https:\/\/zettransport.com\/de\/kontakt-kontaktdaten\/","og_locale":"de_DE","og_type":"article","og_title":"Kontakt - Kontaktdaten - Zettransport %","og_url":"https:\/\/zettransport.com\/de\/kontakt-kontaktdaten\/","og_site_name":"Zettransport","article_modified_time":"2018-06-04T13:15:55+00:00","twitter_card":"summary","twitter_misc":{"Gesch\u00e4tzte Lesezeit":"1\u00a0Minute"},"schema":{"@context":"https:\/\/schema.org","@graph":[{"@type":"WebPage","@id":"https:\/\/zettransport.com\/de\/kontakt-kontaktdaten\/","url":"https:\/\/zettransport.com\/de\/kontakt-kontaktdaten\/","name":"Kontakt - Kontaktdaten - Zettransport %","isPartOf":{"@id":"https:\/\/zettransport.com\/#website"},"datePublished":"2017-07-25T09:38:47+00:00","dateModified":"2018-06-04T13:15:55+00:00","breadcrumb":{"@id":"https:\/\/zettransport.com\/de\/kontakt-kontaktdaten\/#breadcrumb"},"inLanguage":"de","potentialAction":[{"@type":"ReadAction","target":["https:\/\/zettransport.com\/de\/kontakt-kontaktdaten\/"]}]},{"@type":"BreadcrumbList","@id":"https:\/\/zettransport.com\/de\/kontakt-kontaktdaten\/#breadcrumb","itemListElement":[{"@type":"ListItem","position":1,"name":"Strona g\u0142\u00f3wna","item":"https:\/\/zettransport.com\/de\/"},{"@type":"ListItem","position":2,"name":"Kontakt &#8211; Kontaktdaten"}]},{"@type":"WebSite","@id":"https:\/\/zettransport.com\/#website","url":"https:\/\/zettransport.com\/","name":"Zettransport","description":"Your logistic partner","potentialAction":[{"@type":"SearchAction","target":{"@type":"EntryPoint","urlTemplate":"https:\/\/zettransport.com\/?s={search_term_string}"},"query-input":"required name=search_term_string"}],"inLanguage":"de"}]}},"_links":{"self":[{"href":"https:\/\/zettransport.com\/de\/wp-json\/wp\/v2\/pages\/714"}],"collection":[{"href":"https:\/\/zettransport.com\/de\/wp-json\/wp\/v2\/pages"}],"about":[{"href":"https:\/\/zettransport.com\/de\/wp-json\/wp\/v2\/types\/page"}],"author":[{"embeddable":true,"href":"https:\/\/zettransport.com\/de\/wp-json\/wp\/v2\/users\/1"}],"replies":[{"embeddable":true,"href":"https:\/\/zettransport.com\/de\/wp-json\/wp\/v2\/comments?post=714"}],"version-history":[{"count":6,"href":"https:\/\/zettransport.com\/de\/wp-json\/wp\/v2\/pages\/714\/revisions"}],"predecessor-version":[{"id":1553,"href":"https:\/\/zettransport.com\/de\/wp-json\/wp\/v2\/pages\/714\/revisions\/1553"}],"wp:attachment":[{"href":"https:\/\/zettransport.com\/de\/wp-json\/wp\/v2\/media?parent=714"}],"curies":[{"name":"wp","href":"https:\/\/api.w.org\/{rel}","templated":true}]}}