{"id":720,"date":"2017-07-25T11:44:43","date_gmt":"2017-07-25T09:44:43","guid":{"rendered":"https:\/\/zettransport.com\/?page_id=720\/"},"modified":"2018-01-04T10:23:35","modified_gmt":"2018-01-04T09:23:35","slug":"bdf-wechselbruecken","status":"publish","type":"page","link":"https:\/\/zettransport.com\/de\/angebot\/bdf-wechselbruecken\/","title":{"rendered":"BDF &#8211; Wechselbr\u00fccken"},"content":{"rendered":"<h2>BDF &#8211; warum lohnt es sich?<\/h2>\n<div class=\"row\"><\/p>\n<p><div class=\"col-2\"><\/p>\n<ul class=\"custom-list\">\n<li><strong>keine Notwendigkeit zur Beteiligung des Fahrzeuges am Ladevorgang,<\/strong><\/li>\n<li><strong>keine Beeintr\u00e4chtigung der Arbeit im Lager durch Aufnahme der Ladung,<\/strong><\/li>\n<li><strong>M\u00f6glichkeit zur Anpassung der Aufbauart an die Bed\u00fcrfnisse der Kunden (Plane, Container, K\u00fchlaufbau usw.),<\/strong><\/li>\n<\/ul>\n<p><\/div><\/p>\n<p><div class=\"col-2\"><\/p>\n<ul class=\"custom-list\">\n<li><strong>M\u00f6glichkeit zur vorl\u00e4ufigen Nutzung der Wechselbeh\u00e4lter als \u201eLagerfl\u00e4che\u201c,<\/strong><\/li>\n<li><strong>Zeitersparnis,<\/strong><\/li>\n<li><strong>Optimierung der Logistikkosten,<\/strong><\/li>\n<li><strong>Minimierung der Abnutzung der Transportmittel.<\/strong><\/li>\n<\/ul>\n<p><\/div><\/p>\n<p><\/div>\n<h2>Wie funktioniert das BDF-Wechselsystem? Erfahren Sie mehr<\/h2>\n<div style=\"width: 1920px;\" class=\"wp-video\"><!--[if lt IE 9]><script>document.createElement('video');<\/script><![endif]-->\n<video class=\"wp-video-shortcode\" id=\"video-720-1\" width=\"1920\" height=\"1080\" poster=\"https:\/\/zettransport.com\/wp-content\/uploads\/2017\/07\/video1_bg.png\" preload=\"metadata\" controls=\"controls\"><source type=\"video\/mp4\" src=\"https:\/\/zettransport.com\/wp-content\/uploads\/2017\/07\/bdf_02.mp4?_=1\" \/><a href=\"https:\/\/zettransport.com\/wp-content\/uploads\/2017\/07\/bdf_02.mp4\">https:\/\/zettransport.com\/wp-content\/uploads\/2017\/07\/bdf_02.mp4<\/a><\/video><\/div>\n","protected":false},"excerpt":{"rendered":"<p>BDF &#8211; warum lohnt es sich? Wie funktioniert das BDF-Wechselsystem? Erfahren Sie mehr<\/p>\n","protected":false},"author":1,"featured_media":1364,"parent":548,"menu_order":163,"comment_status":"closed","ping_status":"closed","template":"","meta":{"inline_featured_image":false,"_mi_skip_tracking":false},"acf":[],"yoast_head":"<!-- This site is optimized with the Yoast SEO plugin v19.7.1 - https:\/\/yoast.com\/wordpress\/plugins\/seo\/ -->\n<title>BDF - Wechselbr\u00fccken - Zettransport %<\/title>\n<meta name=\"robots\" content=\"index, follow, max-snippet:-1, max-image-preview:large, max-video-preview:-1\" \/>\n<link rel=\"canonical\" href=\"https:\/\/zettransport.com\/de\/angebot\/bdf-wechselbruecken\/\" \/>\n<meta property=\"og:locale\" content=\"de_DE\" \/>\n<meta property=\"og:type\" content=\"article\" \/>\n<meta property=\"og:title\" content=\"BDF - Wechselbr\u00fccken - Zettransport %\" \/>\n<meta property=\"og:description\" content=\"BDF &#8211; warum lohnt es sich? Wie funktioniert das BDF-Wechselsystem? Erfahren Sie mehr\" \/>\n<meta property=\"og:url\" content=\"https:\/\/zettransport.com\/de\/angebot\/bdf-wechselbruecken\/\" \/>\n<meta property=\"og:site_name\" content=\"Zettransport\" \/>\n<meta property=\"article:modified_time\" content=\"2018-01-04T09:23:35+00:00\" \/>\n<meta property=\"og:image\" content=\"https:\/\/zettransport.com\/wp-content\/uploads\/2017\/07\/BDF-prezentacja.jpg\" \/>\n\t<meta property=\"og:image:width\" content=\"640\" \/>\n\t<meta property=\"og:image:height\" content=\"320\" \/>\n\t<meta property=\"og:image:type\" content=\"image\/jpeg\" \/>\n<meta name=\"twitter:card\" content=\"summary\" \/>\n<script type=\"application\/ld+json\" class=\"yoast-schema-graph\">{\"@context\":\"https:\/\/schema.org\",\"@graph\":[{\"@type\":\"WebPage\",\"@id\":\"https:\/\/zettransport.com\/de\/angebot\/bdf-wechselbruecken\/\",\"url\":\"https:\/\/zettransport.com\/de\/angebot\/bdf-wechselbruecken\/\",\"name\":\"BDF - Wechselbr\u00fccken - Zettransport %\",\"isPartOf\":{\"@id\":\"https:\/\/zettransport.com\/#website\"},\"datePublished\":\"2017-07-25T09:44:43+00:00\",\"dateModified\":\"2018-01-04T09:23:35+00:00\",\"breadcrumb\":{\"@id\":\"https:\/\/zettransport.com\/de\/angebot\/bdf-wechselbruecken\/#breadcrumb\"},\"inLanguage\":\"de\",\"potentialAction\":[{\"@type\":\"ReadAction\",\"target\":[\"https:\/\/zettransport.com\/de\/angebot\/bdf-wechselbruecken\/\"]}]},{\"@type\":\"BreadcrumbList\",\"@id\":\"https:\/\/zettransport.com\/de\/angebot\/bdf-wechselbruecken\/#breadcrumb\",\"itemListElement\":[{\"@type\":\"ListItem\",\"position\":1,\"name\":\"Strona g\u0142\u00f3wna\",\"item\":\"https:\/\/zettransport.com\/de\/\"},{\"@type\":\"ListItem\",\"position\":2,\"name\":\"Angebot\",\"item\":\"https:\/\/zettransport.com\/de\/angebot\/\"},{\"@type\":\"ListItem\",\"position\":3,\"name\":\"BDF &#8211; Wechselbr\u00fccken\"}]},{\"@type\":\"WebSite\",\"@id\":\"https:\/\/zettransport.com\/#website\",\"url\":\"https:\/\/zettransport.com\/\",\"name\":\"Zettransport\",\"description\":\"Your logistic partner\",\"potentialAction\":[{\"@type\":\"SearchAction\",\"target\":{\"@type\":\"EntryPoint\",\"urlTemplate\":\"https:\/\/zettransport.com\/?s={search_term_string}\"},\"query-input\":\"required name=search_term_string\"}],\"inLanguage\":\"de\"}]}<\/script>\n<!-- \/ Yoast SEO plugin. -->","yoast_head_json":{"title":"BDF - Wechselbr\u00fccken - Zettransport %","robots":{"index":"index","follow":"follow","max-snippet":"max-snippet:-1","max-image-preview":"max-image-preview:large","max-video-preview":"max-video-preview:-1"},"canonical":"https:\/\/zettransport.com\/de\/angebot\/bdf-wechselbruecken\/","og_locale":"de_DE","og_type":"article","og_title":"BDF - Wechselbr\u00fccken - Zettransport %","og_description":"BDF &#8211; warum lohnt es sich? Wie funktioniert das BDF-Wechselsystem? Erfahren Sie mehr","og_url":"https:\/\/zettransport.com\/de\/angebot\/bdf-wechselbruecken\/","og_site_name":"Zettransport","article_modified_time":"2018-01-04T09:23:35+00:00","og_image":[{"width":640,"height":320,"url":"https:\/\/zettransport.com\/wp-content\/uploads\/2017\/07\/BDF-prezentacja.jpg","type":"image\/jpeg"}],"twitter_card":"summary","schema":{"@context":"https:\/\/schema.org","@graph":[{"@type":"WebPage","@id":"https:\/\/zettransport.com\/de\/angebot\/bdf-wechselbruecken\/","url":"https:\/\/zettransport.com\/de\/angebot\/bdf-wechselbruecken\/","name":"BDF - Wechselbr\u00fccken - Zettransport %","isPartOf":{"@id":"https:\/\/zettransport.com\/#website"},"datePublished":"2017-07-25T09:44:43+00:00","dateModified":"2018-01-04T09:23:35+00:00","breadcrumb":{"@id":"https:\/\/zettransport.com\/de\/angebot\/bdf-wechselbruecken\/#breadcrumb"},"inLanguage":"de","potentialAction":[{"@type":"ReadAction","target":["https:\/\/zettransport.com\/de\/angebot\/bdf-wechselbruecken\/"]}]},{"@type":"BreadcrumbList","@id":"https:\/\/zettransport.com\/de\/angebot\/bdf-wechselbruecken\/#breadcrumb","itemListElement":[{"@type":"ListItem","position":1,"name":"Strona g\u0142\u00f3wna","item":"https:\/\/zettransport.com\/de\/"},{"@type":"ListItem","position":2,"name":"Angebot","item":"https:\/\/zettransport.com\/de\/angebot\/"},{"@type":"ListItem","position":3,"name":"BDF &#8211; Wechselbr\u00fccken"}]},{"@type":"WebSite","@id":"https:\/\/zettransport.com\/#website","url":"https:\/\/zettransport.com\/","name":"Zettransport","description":"Your logistic partner","potentialAction":[{"@type":"SearchAction","target":{"@type":"EntryPoint","urlTemplate":"https:\/\/zettransport.com\/?s={search_term_string}"},"query-input":"required name=search_term_string"}],"inLanguage":"de"}]}},"_links":{"self":[{"href":"https:\/\/zettransport.com\/de\/wp-json\/wp\/v2\/pages\/720"}],"collection":[{"href":"https:\/\/zettransport.com\/de\/wp-json\/wp\/v2\/pages"}],"about":[{"href":"https:\/\/zettransport.com\/de\/wp-json\/wp\/v2\/types\/page"}],"author":[{"embeddable":true,"href":"https:\/\/zettransport.com\/de\/wp-json\/wp\/v2\/users\/1"}],"replies":[{"embeddable":true,"href":"https:\/\/zettransport.com\/de\/wp-json\/wp\/v2\/comments?post=720"}],"version-history":[{"count":6,"href":"https:\/\/zettransport.com\/de\/wp-json\/wp\/v2\/pages\/720\/revisions"}],"predecessor-version":[{"id":1094,"href":"https:\/\/zettransport.com\/de\/wp-json\/wp\/v2\/pages\/720\/revisions\/1094"}],"up":[{"embeddable":true,"href":"https:\/\/zettransport.com\/de\/wp-json\/wp\/v2\/pages\/548"}],"wp:featuredmedia":[{"embeddable":true,"href":"https:\/\/zettransport.com\/de\/wp-json\/wp\/v2\/media\/1364"}],"wp:attachment":[{"href":"https:\/\/zettransport.com\/de\/wp-json\/wp\/v2\/media?parent=720"}],"curies":[{"name":"wp","href":"https:\/\/api.w.org\/{rel}","templated":true}]}}