{"id":725,"date":"2017-07-25T11:47:27","date_gmt":"2017-07-25T09:47:27","guid":{"rendered":"https:\/\/zettransport.com\/?page_id=725\/"},"modified":"2022-03-23T16:18:28","modified_gmt":"2022-03-23T15:18:28","slug":"strassengueterverkehr","status":"publish","type":"page","link":"https:\/\/zettransport.com\/de\/angebot\/strassengueterverkehr\/","title":{"rendered":"STRASSENG\u00dcTERVERKEHR"},"content":{"rendered":"<h2>Unseren Kunden bieten wir an:<\/h2>\n<div class=\"row\"><\/p>\n<p><div class=\"col-2\"><\/p>\n<ul class=\"custom-list\">\n<li><strong>Transportleistungen im Komplett- und Teilladungsbereich<\/strong><\/li>\n<li><strong>Gefahrguttransport (ADR) in allen gefahrenen Richtungen<\/strong><\/li>\n<li><strong>temperaturgef\u00fchrte Transporte von z.B. pharmazeutischen Produkten<\/strong><\/li>\n<\/ul>\n<h2>Sie k\u00f6nnen sich\u00a0auf\u00a0unsere\u00a0Erfahrung verlassen!<\/h2>\n<p><\/div><\/p>\n<p><div class=\"col-2\"><\/p>\n<p><strong>Wir haben immer das passende Transportmittel f\u00fcr Sie je nach Art und Gr\u00f6\u00dfe Ihrer Sendung.<\/strong><\/p>\n<p>Jeder Auftrag wird ausgef\u00fchrt unter Einsatz einer modernen LKW-Flotte, ausgestattet mit innovativen Telematiksystemen. All unsere Fahrzeuge sind zus\u00e4tzlich mit einem Service-Paket des Herstellers abgesichert. Dar\u00fcber hinaus verf\u00fcgen wir \u00fcber einen eigenen mobilen Service-Dienst, der Tag und Nacht einsatzbereit ist. Wir arbeiten auch zusammen mit einem Netzwerk an externen Service-Partnern in ganz Europa.<\/p>\n<p><\/div><\/p>\n<p><\/div>\n<div class=\"hr\"><\/div>\n<div class=\"row\"><\/p>\n<p><div class=\"col-4\"><\/p>\n<p><div class=\"img_block\" ><img src=https:\/\/zettransport.com\/wp-content\/uploads\/2017\/12\/flota-plandeka.jpg><\/div><\/p>\n<p><strong>Standard-Planenauflieger<\/strong><\/p>\n<ul class=\"plus\">\n<li>Zertifikat XL<\/li>\n<li>33\/34 Palettenpl\u00e4tze<\/li>\n<li><strong>Ladema\u00dfe<\/strong><br \/>\n<table>\n<tbody>\n<tr>\n<td>L\u00e4nge<\/td>\n<td>13.60m<\/td>\n<\/tr>\n<tr>\n<td>Breite<\/td>\n<td>2.48m<\/td>\n<\/tr>\n<tr>\n<td>H\u00f6he<\/td>\n<td>2.70m<\/td>\n<\/tr>\n<tr>\n<td>max. Ladelast<\/td>\n<td>25t<\/td>\n<\/tr>\n<\/tbody>\n<\/table>\n<\/li>\n<\/ul>\n<p><\/div><\/p>\n<p><div class=\"col-4\"><\/p>\n<p><div class=\"img_block\" ><img src=https:\/\/zettransport.com\/wp-content\/uploads\/2017\/07\/items.png><\/div><\/p>\n<p><strong>Coilmulde<br \/>\n<\/strong><\/p>\n<ul class=\"plus\">\n<li>Zertifikat XL<\/li>\n<li>9m Wirbel<span id=\"result_box\" class=\"short_text\" lang=\"de\"><\/span><\/li>\n<li><strong>Ladema\u00dfe<\/strong><br \/>\n<table>\n<tbody>\n<tr>\n<td>L\u00e4nge<\/td>\n<td>13.60m<\/td>\n<\/tr>\n<tr>\n<td>Breite<\/td>\n<td>2.48m<\/td>\n<\/tr>\n<tr>\n<td>H\u00f6he<\/td>\n<td>2.70m<\/td>\n<\/tr>\n<tr>\n<td>max. Ladelast<\/td>\n<td>24t<\/td>\n<\/tr>\n<\/tbody>\n<\/table>\n<\/li>\n<\/ul>\n<p><\/div><\/p>\n<p><div class=\"col-4\"><\/p>\n<p><div class=\"img_block\"  style=\"max-height:139px;\" ><img src=https:\/\/zettransport.com\/wp-content\/uploads\/2017\/07\/IMG_37931-300x200.jpg><\/div><\/p>\n<p><strong>K\u00fchlauflieger\/ Isotherm<br \/>\n<\/strong><\/p>\n<ul class=\"plus\">\n<li>Temperaturregelung<\/li>\n<li>Starre Konstruktion<\/li>\n<li><strong>Ladema\u00dfe <\/strong><br \/>\n<table>\n<tbody>\n<tr>\n<td>L\u00e4nge<\/td>\n<td>13.3m<\/td>\n<\/tr>\n<tr>\n<td>Breite<\/td>\n<td>2.46m<\/td>\n<\/tr>\n<tr>\n<td>H\u00f6he<\/td>\n<td>2.70m<\/td>\n<\/tr>\n<tr>\n<td>max. Ladelast<\/td>\n<td>24t<\/td>\n<\/tr>\n<\/tbody>\n<\/table>\n<\/li>\n<\/ul>\n<p><\/div><\/p>\n<p><div class=\"col-4\"><\/p>\n<p><div class=\"img_block\"  style=\"max-height:139px;\" ><img src=https:\/\/zettransport.com\/wp-content\/uploads\/2017\/07\/IMG_8099_bdf-300x200.jpg><\/div><\/p>\n<p><strong>BDF \u2013 Wechselbr\u00fccken<br \/>\n<\/strong><\/p>\n<ul class=\"plus\">\n<li>Systembeschreibung &#8211; <a href=\"https:\/\/zettransport.com\/de\/angebot\/bdf-wechselbruecken\/\">lessen mehr<\/a><\/li>\n<li>verschiedene Geb\u00e4udetypen<\/li>\n<li><strong>Ladema\u00dfe<\/strong><br \/>\n<table>\n<tbody>\n<tr>\n<td>L\u00e4nge<\/td>\n<td>2&#215;7,80m<\/td>\n<\/tr>\n<tr>\n<td>Breite<\/td>\n<td>2.48m<\/td>\n<\/tr>\n<tr>\n<td>H\u00f6he<\/td>\n<td>2.75-3.0m<\/td>\n<\/tr>\n<tr>\n<td>max.Ladelast<\/td>\n<td>24t<\/td>\n<\/tr>\n<\/tbody>\n<\/table>\n<\/li>\n<\/ul>\n<p><\/div><\/p>\n<p><\/div>\n<div class=\"hr\"><\/div>\n<h3>Download<\/h3>\n<div class=\"attachments_wrap \"><ul class=\"attachments\">\n<li class=\"attachment application pdf has-download\"><a download href=\"https:\/\/zettransport.com\/wp-content\/uploads\/2022\/03\/ZET_2022_EN.pdf\"><span class=\"title\">ZET_2022_EN<\/span><span class=\"extension\">pdf<\/span><span class=\"size\">2 MB<\/span><span class=\"download\"><span>Download file<\/span><\/span><\/a><\/li>\n<\/ul><\/div>\n","protected":false},"excerpt":{"rendered":"<p>Unseren Kunden bieten wir an: Download<\/p>\n","protected":false},"author":1,"featured_media":966,"parent":548,"menu_order":200,"comment_status":"closed","ping_status":"closed","template":"","meta":{"inline_featured_image":false,"_mi_skip_tracking":false},"acf":[],"yoast_head":"<!-- This site is optimized with the Yoast SEO plugin v19.7.1 - https:\/\/yoast.com\/wordpress\/plugins\/seo\/ -->\n<title>STRASSENG\u00dcTERVERKEHR - Zettransport %<\/title>\n<meta name=\"robots\" content=\"index, follow, max-snippet:-1, max-image-preview:large, max-video-preview:-1\" \/>\n<link rel=\"canonical\" href=\"https:\/\/zettransport.com\/de\/angebot\/strassengueterverkehr\/\" \/>\n<meta property=\"og:locale\" content=\"de_DE\" \/>\n<meta property=\"og:type\" content=\"article\" \/>\n<meta property=\"og:title\" content=\"STRASSENG\u00dcTERVERKEHR - Zettransport %\" \/>\n<meta property=\"og:description\" content=\"Unseren Kunden bieten wir an: Download\" \/>\n<meta property=\"og:url\" content=\"https:\/\/zettransport.com\/de\/angebot\/strassengueterverkehr\/\" \/>\n<meta property=\"og:site_name\" content=\"Zettransport\" \/>\n<meta property=\"article:modified_time\" content=\"2022-03-23T15:18:28+00:00\" \/>\n<meta property=\"og:image\" content=\"https:\/\/zettransport.com\/wp-content\/uploads\/2017\/07\/IMG_8869.jpg\" \/>\n\t<meta property=\"og:image:width\" content=\"1200\" \/>\n\t<meta property=\"og:image:height\" content=\"800\" \/>\n\t<meta property=\"og:image:type\" content=\"image\/jpeg\" \/>\n<meta name=\"twitter:card\" content=\"summary\" \/>\n<meta name=\"twitter:label1\" content=\"Gesch\u00e4tzte Lesezeit\" \/>\n\t<meta name=\"twitter:data1\" content=\"1\u00a0Minute\" \/>\n<script type=\"application\/ld+json\" class=\"yoast-schema-graph\">{\"@context\":\"https:\/\/schema.org\",\"@graph\":[{\"@type\":\"WebPage\",\"@id\":\"https:\/\/zettransport.com\/de\/angebot\/strassengueterverkehr\/\",\"url\":\"https:\/\/zettransport.com\/de\/angebot\/strassengueterverkehr\/\",\"name\":\"STRASSENG\u00dcTERVERKEHR - Zettransport %\",\"isPartOf\":{\"@id\":\"https:\/\/zettransport.com\/#website\"},\"datePublished\":\"2017-07-25T09:47:27+00:00\",\"dateModified\":\"2022-03-23T15:18:28+00:00\",\"breadcrumb\":{\"@id\":\"https:\/\/zettransport.com\/de\/angebot\/strassengueterverkehr\/#breadcrumb\"},\"inLanguage\":\"de\",\"potentialAction\":[{\"@type\":\"ReadAction\",\"target\":[\"https:\/\/zettransport.com\/de\/angebot\/strassengueterverkehr\/\"]}]},{\"@type\":\"BreadcrumbList\",\"@id\":\"https:\/\/zettransport.com\/de\/angebot\/strassengueterverkehr\/#breadcrumb\",\"itemListElement\":[{\"@type\":\"ListItem\",\"position\":1,\"name\":\"Strona g\u0142\u00f3wna\",\"item\":\"https:\/\/zettransport.com\/de\/\"},{\"@type\":\"ListItem\",\"position\":2,\"name\":\"Angebot\",\"item\":\"https:\/\/zettransport.com\/de\/angebot\/\"},{\"@type\":\"ListItem\",\"position\":3,\"name\":\"STRASSENG\u00dcTERVERKEHR\"}]},{\"@type\":\"WebSite\",\"@id\":\"https:\/\/zettransport.com\/#website\",\"url\":\"https:\/\/zettransport.com\/\",\"name\":\"Zettransport\",\"description\":\"Your logistic partner\",\"potentialAction\":[{\"@type\":\"SearchAction\",\"target\":{\"@type\":\"EntryPoint\",\"urlTemplate\":\"https:\/\/zettransport.com\/?s={search_term_string}\"},\"query-input\":\"required name=search_term_string\"}],\"inLanguage\":\"de\"}]}<\/script>\n<!-- \/ Yoast SEO plugin. -->","yoast_head_json":{"title":"STRASSENG\u00dcTERVERKEHR - Zettransport %","robots":{"index":"index","follow":"follow","max-snippet":"max-snippet:-1","max-image-preview":"max-image-preview:large","max-video-preview":"max-video-preview:-1"},"canonical":"https:\/\/zettransport.com\/de\/angebot\/strassengueterverkehr\/","og_locale":"de_DE","og_type":"article","og_title":"STRASSENG\u00dcTERVERKEHR - Zettransport %","og_description":"Unseren Kunden bieten wir an: Download","og_url":"https:\/\/zettransport.com\/de\/angebot\/strassengueterverkehr\/","og_site_name":"Zettransport","article_modified_time":"2022-03-23T15:18:28+00:00","og_image":[{"width":1200,"height":800,"url":"https:\/\/zettransport.com\/wp-content\/uploads\/2017\/07\/IMG_8869.jpg","type":"image\/jpeg"}],"twitter_card":"summary","twitter_misc":{"Gesch\u00e4tzte Lesezeit":"1\u00a0Minute"},"schema":{"@context":"https:\/\/schema.org","@graph":[{"@type":"WebPage","@id":"https:\/\/zettransport.com\/de\/angebot\/strassengueterverkehr\/","url":"https:\/\/zettransport.com\/de\/angebot\/strassengueterverkehr\/","name":"STRASSENG\u00dcTERVERKEHR - Zettransport %","isPartOf":{"@id":"https:\/\/zettransport.com\/#website"},"datePublished":"2017-07-25T09:47:27+00:00","dateModified":"2022-03-23T15:18:28+00:00","breadcrumb":{"@id":"https:\/\/zettransport.com\/de\/angebot\/strassengueterverkehr\/#breadcrumb"},"inLanguage":"de","potentialAction":[{"@type":"ReadAction","target":["https:\/\/zettransport.com\/de\/angebot\/strassengueterverkehr\/"]}]},{"@type":"BreadcrumbList","@id":"https:\/\/zettransport.com\/de\/angebot\/strassengueterverkehr\/#breadcrumb","itemListElement":[{"@type":"ListItem","position":1,"name":"Strona g\u0142\u00f3wna","item":"https:\/\/zettransport.com\/de\/"},{"@type":"ListItem","position":2,"name":"Angebot","item":"https:\/\/zettransport.com\/de\/angebot\/"},{"@type":"ListItem","position":3,"name":"STRASSENG\u00dcTERVERKEHR"}]},{"@type":"WebSite","@id":"https:\/\/zettransport.com\/#website","url":"https:\/\/zettransport.com\/","name":"Zettransport","description":"Your logistic partner","potentialAction":[{"@type":"SearchAction","target":{"@type":"EntryPoint","urlTemplate":"https:\/\/zettransport.com\/?s={search_term_string}"},"query-input":"required name=search_term_string"}],"inLanguage":"de"}]}},"_links":{"self":[{"href":"https:\/\/zettransport.com\/de\/wp-json\/wp\/v2\/pages\/725"}],"collection":[{"href":"https:\/\/zettransport.com\/de\/wp-json\/wp\/v2\/pages"}],"about":[{"href":"https:\/\/zettransport.com\/de\/wp-json\/wp\/v2\/types\/page"}],"author":[{"embeddable":true,"href":"https:\/\/zettransport.com\/de\/wp-json\/wp\/v2\/users\/1"}],"replies":[{"embeddable":true,"href":"https:\/\/zettransport.com\/de\/wp-json\/wp\/v2\/comments?post=725"}],"version-history":[{"count":17,"href":"https:\/\/zettransport.com\/de\/wp-json\/wp\/v2\/pages\/725\/revisions"}],"predecessor-version":[{"id":2571,"href":"https:\/\/zettransport.com\/de\/wp-json\/wp\/v2\/pages\/725\/revisions\/2571"}],"up":[{"embeddable":true,"href":"https:\/\/zettransport.com\/de\/wp-json\/wp\/v2\/pages\/548"}],"wp:featuredmedia":[{"embeddable":true,"href":"https:\/\/zettransport.com\/de\/wp-json\/wp\/v2\/media\/966"}],"wp:attachment":[{"href":"https:\/\/zettransport.com\/de\/wp-json\/wp\/v2\/media?parent=725"}],"curies":[{"name":"wp","href":"https:\/\/api.w.org\/{rel}","templated":true}]}}