{"id":727,"date":"2017-07-25T11:49:54","date_gmt":"2017-07-25T09:49:54","guid":{"rendered":"https:\/\/zettransport.com\/?page_id=727\/"},"modified":"2025-01-20T09:42:54","modified_gmt":"2025-01-20T08:42:54","slug":"zusatzleistungen","status":"publish","type":"page","link":"https:\/\/zettransport.com\/de\/angebot\/zusatzleistungen\/","title":{"rendered":"Zusatzleistungen"},"content":{"rendered":"<div class=\"hr\"><\/div>\n<div class=\"row\"><\/p>\n<p><div class=\"col-2\"><\/p>\n<p><div class=\"img_block\"  style=\"max-height:300px;\" ><img src=https:\/\/zettransport.com\/wp-content\/uploads\/2017\/07\/IMG_1330.jpg><\/div><\/p>\n<p><strong>Paletten- und Verpackungsfertigung<br \/>\n<\/strong><\/p>\n<p>Aus dem Bed\u00fcrfnis nach einem qualitativ hochwertigen Produkt erwuchs die Idee zur Gr\u00fcndung einer eigenen Tischlerwerkstatt. Da die Zusammenarbeit mit bisherigen Lieferanten von fertigen Elementen f\u00fcr Verpackungen viel zu w\u00fcnschen \u00fcbrig lie\u00df, wurde 2011 die Tischlerwerkstatt in Betrieb genommen, wo jetzt nicht nur Verpackungen, sondern auch Paletten nach Kundenwunsch gefertigt werden. e-mail: <a href=\"mailto:stolarnia@zettransport.com\">stolarnia@zettransport.com<\/a><\/p>\n<p><\/div><br \/>\n<div class=\"col-2\"><\/p>\n<p><div class=\"img_block\"  style=\"max-height:300px;\" ><img src=https:\/\/zettransport.com\/wp-content\/uploads\/2017\/07\/IMG_4829.jpg><\/div><\/p>\n<p><strong>Verpackungsservice und Warenumschlag<br \/>\n<\/strong><\/p>\n<p>Wir besitzen eine eigene Tischlerwerkstatt, wo Paletten und Holzverpackungen nach Wunsch gefertigt werden k\u00f6nnen. Unser Angebot umfasst auch Umschlagleistungen.<\/p>\n<p><\/div><br \/>\n<div class=\"col-2\"><\/p>\n<p><div class=\"img_block\"  style=\"max-height:300px;\" ><img src=https:\/\/zettransport.com\/wp-content\/uploads\/2017\/07\/IMG_8944.jpg><\/div><\/p>\n<p><strong>Werkverkehr-Transporte<br \/>\n<\/strong><\/p>\n<p>Unseren Kunden bieten wir Dienstleistungen im Bereich Zwischenlagertransport. Die Transportleistungen werden auf dem Betriebsgel\u00e4nde eines unserer langj\u00e4hrigen Kunden erbracht.<\/p>\n<p><\/div><\/p>\n<p><\/div>\n","protected":false},"excerpt":{"rendered":"","protected":false},"author":1,"featured_media":1369,"parent":548,"menu_order":211,"comment_status":"closed","ping_status":"closed","template":"","meta":{"inline_featured_image":false,"_mi_skip_tracking":false},"acf":[],"yoast_head":"<!-- This site is optimized with the Yoast SEO plugin v19.7.1 - https:\/\/yoast.com\/wordpress\/plugins\/seo\/ -->\n<title>Zusatzleistungen - Zettransport %<\/title>\n<meta name=\"robots\" content=\"index, follow, max-snippet:-1, max-image-preview:large, max-video-preview:-1\" \/>\n<link rel=\"canonical\" href=\"https:\/\/zettransport.com\/de\/angebot\/zusatzleistungen\/\" \/>\n<meta property=\"og:locale\" content=\"de_DE\" \/>\n<meta property=\"og:type\" content=\"article\" \/>\n<meta property=\"og:title\" content=\"Zusatzleistungen - Zettransport %\" \/>\n<meta property=\"og:url\" content=\"https:\/\/zettransport.com\/de\/angebot\/zusatzleistungen\/\" \/>\n<meta property=\"og:site_name\" content=\"Zettransport\" \/>\n<meta property=\"article:modified_time\" content=\"2025-01-20T08:42:54+00:00\" \/>\n<meta property=\"og:image\" content=\"https:\/\/zettransport.com\/wp-content\/uploads\/2017\/07\/us-ugi-komplementarne_oferta.jpg\" \/>\n\t<meta property=\"og:image:width\" content=\"1689\" \/>\n\t<meta property=\"og:image:height\" content=\"1125\" \/>\n\t<meta property=\"og:image:type\" content=\"image\/jpeg\" \/>\n<meta name=\"twitter:card\" content=\"summary\" \/>\n<meta name=\"twitter:label1\" content=\"Gesch\u00e4tzte Lesezeit\" \/>\n\t<meta name=\"twitter:data1\" content=\"1\u00a0Minute\" \/>\n<script type=\"application\/ld+json\" class=\"yoast-schema-graph\">{\"@context\":\"https:\/\/schema.org\",\"@graph\":[{\"@type\":\"WebPage\",\"@id\":\"https:\/\/zettransport.com\/de\/angebot\/zusatzleistungen\/\",\"url\":\"https:\/\/zettransport.com\/de\/angebot\/zusatzleistungen\/\",\"name\":\"Zusatzleistungen - Zettransport %\",\"isPartOf\":{\"@id\":\"https:\/\/zettransport.com\/#website\"},\"datePublished\":\"2017-07-25T09:49:54+00:00\",\"dateModified\":\"2025-01-20T08:42:54+00:00\",\"breadcrumb\":{\"@id\":\"https:\/\/zettransport.com\/de\/angebot\/zusatzleistungen\/#breadcrumb\"},\"inLanguage\":\"de\",\"potentialAction\":[{\"@type\":\"ReadAction\",\"target\":[\"https:\/\/zettransport.com\/de\/angebot\/zusatzleistungen\/\"]}]},{\"@type\":\"BreadcrumbList\",\"@id\":\"https:\/\/zettransport.com\/de\/angebot\/zusatzleistungen\/#breadcrumb\",\"itemListElement\":[{\"@type\":\"ListItem\",\"position\":1,\"name\":\"Strona g\u0142\u00f3wna\",\"item\":\"https:\/\/zettransport.com\/de\/\"},{\"@type\":\"ListItem\",\"position\":2,\"name\":\"Angebot\",\"item\":\"https:\/\/zettransport.com\/de\/angebot\/\"},{\"@type\":\"ListItem\",\"position\":3,\"name\":\"Zusatzleistungen\"}]},{\"@type\":\"WebSite\",\"@id\":\"https:\/\/zettransport.com\/#website\",\"url\":\"https:\/\/zettransport.com\/\",\"name\":\"Zettransport\",\"description\":\"Your logistic partner\",\"potentialAction\":[{\"@type\":\"SearchAction\",\"target\":{\"@type\":\"EntryPoint\",\"urlTemplate\":\"https:\/\/zettransport.com\/?s={search_term_string}\"},\"query-input\":\"required name=search_term_string\"}],\"inLanguage\":\"de\"}]}<\/script>\n<!-- \/ Yoast SEO plugin. -->","yoast_head_json":{"title":"Zusatzleistungen - Zettransport %","robots":{"index":"index","follow":"follow","max-snippet":"max-snippet:-1","max-image-preview":"max-image-preview:large","max-video-preview":"max-video-preview:-1"},"canonical":"https:\/\/zettransport.com\/de\/angebot\/zusatzleistungen\/","og_locale":"de_DE","og_type":"article","og_title":"Zusatzleistungen - Zettransport %","og_url":"https:\/\/zettransport.com\/de\/angebot\/zusatzleistungen\/","og_site_name":"Zettransport","article_modified_time":"2025-01-20T08:42:54+00:00","og_image":[{"width":1689,"height":1125,"url":"https:\/\/zettransport.com\/wp-content\/uploads\/2017\/07\/us-ugi-komplementarne_oferta.jpg","type":"image\/jpeg"}],"twitter_card":"summary","twitter_misc":{"Gesch\u00e4tzte Lesezeit":"1\u00a0Minute"},"schema":{"@context":"https:\/\/schema.org","@graph":[{"@type":"WebPage","@id":"https:\/\/zettransport.com\/de\/angebot\/zusatzleistungen\/","url":"https:\/\/zettransport.com\/de\/angebot\/zusatzleistungen\/","name":"Zusatzleistungen - Zettransport %","isPartOf":{"@id":"https:\/\/zettransport.com\/#website"},"datePublished":"2017-07-25T09:49:54+00:00","dateModified":"2025-01-20T08:42:54+00:00","breadcrumb":{"@id":"https:\/\/zettransport.com\/de\/angebot\/zusatzleistungen\/#breadcrumb"},"inLanguage":"de","potentialAction":[{"@type":"ReadAction","target":["https:\/\/zettransport.com\/de\/angebot\/zusatzleistungen\/"]}]},{"@type":"BreadcrumbList","@id":"https:\/\/zettransport.com\/de\/angebot\/zusatzleistungen\/#breadcrumb","itemListElement":[{"@type":"ListItem","position":1,"name":"Strona g\u0142\u00f3wna","item":"https:\/\/zettransport.com\/de\/"},{"@type":"ListItem","position":2,"name":"Angebot","item":"https:\/\/zettransport.com\/de\/angebot\/"},{"@type":"ListItem","position":3,"name":"Zusatzleistungen"}]},{"@type":"WebSite","@id":"https:\/\/zettransport.com\/#website","url":"https:\/\/zettransport.com\/","name":"Zettransport","description":"Your logistic partner","potentialAction":[{"@type":"SearchAction","target":{"@type":"EntryPoint","urlTemplate":"https:\/\/zettransport.com\/?s={search_term_string}"},"query-input":"required name=search_term_string"}],"inLanguage":"de"}]}},"_links":{"self":[{"href":"https:\/\/zettransport.com\/de\/wp-json\/wp\/v2\/pages\/727"}],"collection":[{"href":"https:\/\/zettransport.com\/de\/wp-json\/wp\/v2\/pages"}],"about":[{"href":"https:\/\/zettransport.com\/de\/wp-json\/wp\/v2\/types\/page"}],"author":[{"embeddable":true,"href":"https:\/\/zettransport.com\/de\/wp-json\/wp\/v2\/users\/1"}],"replies":[{"embeddable":true,"href":"https:\/\/zettransport.com\/de\/wp-json\/wp\/v2\/comments?post=727"}],"version-history":[{"count":9,"href":"https:\/\/zettransport.com\/de\/wp-json\/wp\/v2\/pages\/727\/revisions"}],"predecessor-version":[{"id":3037,"href":"https:\/\/zettransport.com\/de\/wp-json\/wp\/v2\/pages\/727\/revisions\/3037"}],"up":[{"embeddable":true,"href":"https:\/\/zettransport.com\/de\/wp-json\/wp\/v2\/pages\/548"}],"wp:featuredmedia":[{"embeddable":true,"href":"https:\/\/zettransport.com\/de\/wp-json\/wp\/v2\/media\/1369"}],"wp:attachment":[{"href":"https:\/\/zettransport.com\/de\/wp-json\/wp\/v2\/media?parent=727"}],"curies":[{"name":"wp","href":"https:\/\/api.w.org\/{rel}","templated":true}]}}