{"id":732,"date":"2017-07-25T11:50:49","date_gmt":"2017-07-25T09:50:49","guid":{"rendered":"https:\/\/zettransport.com\/?page_id=732\/"},"modified":"2018-06-13T09:55:20","modified_gmt":"2018-06-13T07:55:20","slug":"datenschutzbestimmungen","status":"publish","type":"page","link":"https:\/\/zettransport.com\/de\/datenschutzbestimmungen\/","title":{"rendered":"Datenschutzbestimmungen"},"content":{"rendered":"<div class=\"wrap content-styling\">\n<h2>Datenschutzpolitik<\/h2>\n<p>Indem Sie die Internetseite nutzen, geben Sie Ihr Einverst\u00e4ndnis zur Verwendung von Cookies gem\u00e4\u00df der Cookies-Politik. Wenn Sie mit der Verwendung sog. Cookies nicht einverstanden sind, sollten Sie die Einstellungen Ihres Internet-Browsers \u00e4ndern bzw. v\u00f6llig auf die Nutzung der Seite verzichten.<\/p>\n<h4>Was sind Cookies?<\/h4>\n<p>Cookies (aus dem Engl.: Kekse) sind kleine Dateien, die auf Ihrem Computer, Tablet bzw. Smartphone gespeichert und aufbewahrt werden, zu dem Zeitpunkt, an dem Sie die jeweilige Internetseite benutzen. Der Cookie enth\u00e4lt gew\u00f6hnlich den Namen der Internetseite, von der er stammt, seine Lebensdauer (sog. Existenzdauer), aber auch eine zuf\u00e4llig generierte, einzigartige Nummer, die zur Identifizierung des Browsers dient, von dem die Verbindung mit der Internetseite erfolgt.<\/p>\n<h4>Wof\u00fcr werden Cookies verwendet?<\/h4>\n<ul>\n<li>Sie helfen dabei, dass die Internetseite schneller ist und leichter zu bedienen ist<\/li>\n<li>Sie helfen dabei, Inhalte und Werbung an Ihre Erwartungen und Interessen anzupassen<\/li>\n<li>Sie dienen dazu, anonyme Statistiken zu sammeln, die verstehen lassen, wie die Seite verwendet wird und helfen dabei, die Funktionalit\u00e4t und den Inhalt der Statistiken zu verbessern.<\/li>\n<\/ul>\n<div class=\"hr\"><\/div>\n<p><strong>Art der Cookies-Datei:\u00a0<\/strong>externe Unternehmen<\/p>\n<p><strong>Bezeichnung der Cookies: <\/strong>_ga, _gat_UA-XXXXXXX-X<\/p>\n<p><strong>Ziel der Nutzung der Cookies-Datei<\/strong>: Google Tag Manager, Google Analytics &#8211; Sammeln anonymer Statistiken. Mehr unter:: <a href=\"http:\/\/www.google.pl\/intl\/pl\/policies\/technologies\/types\/\" target=\"_blank\" rel=\"nofollow noopener noreferrer\">http:\/\/www.google.pl\/intl\/pl\/policies\/technologies\/types\/<\/a>.<\/p>\n<p><strong>Macht das L\u00f6schen der Datei die Nutzung der Internetseite unm\u00f6glich?<\/strong> Nein<strong><br \/>\n<\/strong><\/p>\n<div class=\"hr\"><\/div>\n<p><strong>Art der Cookies-Datei:<\/strong>\u00a0externe Unternehmen<\/p>\n<p><strong>Bezeichnung der Cookies: <\/strong>_hjIncludedInSample, _hjUserId<\/p>\n<p><strong>Ziel der Nutzung der Cookies-Datei<\/strong>: HotJar -sammeln anonymer Statistiken \u00fcber die Nutzung der Seite. Mehr unter: <a href=\"http:\/\/docs.hotjar.com\/docs\/cookies-stored-by-hotjar\" target=\"_blank\" rel=\"nofollow noopener noreferrer\">http:\/\/docs.hotjar.com\/docs\/cookies-stored-by-hotjar<\/a><\/p>\n<p><strong>Macht das L\u00f6schen der Datei die Nutzung der Internetseite unm\u00f6glich?<\/strong> Nein<strong><br \/>\n<\/strong><\/p>\n<h4>Konfiguration und L<strong>\u00f6<\/strong>schen von Cookies-Dateien<\/h4>\n<p>Internet-Browser sind so voreingestellt, dass Cookies-Dateien auf dem Endger\u00e4t gespeichert werden. Diese Einstellungen k\u00f6nnen Sie so ver\u00e4ndern, dass das automatische Speichern von Cookies in den Einstelllungen des Internet-Browsers blockiert wird bzw. fordern, jeweils informiert zu werden, wenn Sie auf Ihr Ger\u00e4t gesendet werden. Detaillierte Informationen \u00fcber die M\u00f6glichkeiten und Bedienungsweisen von Cookies-Dateien sind in den Software-Einstellungen (Browser-Einstellungen) verf\u00fcgbar.<\/p>\n<p class=\"text-align-center\"><a href=\"http:\/\/support.mozilla.org\/pl\/kb\/ciasteczka\" target=\"_blank\" rel=\"nofollow noopener noreferrer\"><img loading=\"lazy\" class=\"alignnone size-full wp-image-1233\" src=\"http:\/\/www.webidea.pl\/wp-content\/uploads\/2015\/08\/cookie_firefox.png\" alt=\"cookie_firefox\" width=\"80\" height=\"80\" \/><\/a> <a href=\"http:\/\/support.google.com\/chrome\/bin\/answer.py?hl=pl&amp;answer=95647\" target=\"_blank\" rel=\"nofollow noopener noreferrer\"><img loading=\"lazy\" class=\"alignnone size-full wp-image-1234\" src=\"http:\/\/www.webidea.pl\/wp-content\/uploads\/2015\/08\/cookie_chrome.png\" alt=\"cookie_chrome\" width=\"80\" height=\"80\" \/><\/a> <a href=\"http:\/\/www.opera.com\/help\/tutorials\/security\/privacy\/\" target=\"_blank\" rel=\"nofollow noopener noreferrer\"><img loading=\"lazy\" class=\"alignnone size-full wp-image-1235\" src=\"http:\/\/www.webidea.pl\/wp-content\/uploads\/2015\/08\/cookie_opera.png\" alt=\"cookie_opera\" width=\"80\" height=\"80\" \/><\/a> <a href=\"http:\/\/windows.microsoft.com\/pl-pl\/internet-explorer\/delete-manage-cookies\" target=\"_blank\" rel=\"nofollow noopener noreferrer\"><img loading=\"lazy\" class=\"alignnone size-full wp-image-1236\" src=\"http:\/\/www.webidea.pl\/wp-content\/uploads\/2015\/08\/cookie_msie.png\" alt=\"cookie_msie\" width=\"80\" height=\"80\" \/><\/a> <a href=\"http:\/\/windows.microsoft.com\/pl-pl\/windows-10\/edge-privacy-faq\" target=\"_blank\" rel=\"nofollow noopener noreferrer\"><img loading=\"lazy\" class=\"alignnone size-full wp-image-1245\" src=\"http:\/\/www.webidea.pl\/wp-content\/uploads\/2015\/08\/cookie_edge.png\" alt=\"cookie_edge\" width=\"80\" height=\"80\" \/><\/a> <a href=\"https:\/\/support.apple.com\/kb\/PH19214?locale=pl_PL&amp;viewlocale=pl_PL\" target=\"_blank\" rel=\"nofollow noopener noreferrer\"><img loading=\"lazy\" class=\"alignnone size-full wp-image-1237\" src=\"http:\/\/www.webidea.pl\/wp-content\/uploads\/2015\/08\/cookie_safari.png\" alt=\"cookie_safari\" width=\"80\" height=\"80\" \/><\/a><\/p>\n<h4 class=\"text-align-center\"><\/h4>\n<h4 class=\"text-align-center\">Informationen zur DSGVO f\u00fcr Kunden &#8211; <a href=\"https:\/\/zettransport.com\/wp-content\/uploads\/2018\/06\/DSGVO-de.pdf\">download<\/a><\/h4>\n<\/div>\n","protected":false},"excerpt":{"rendered":"<p>Datenschutzpolitik Indem Sie die Internetseite nutzen, geben Sie Ihr Einverst\u00e4ndnis zur Verwendung von Cookies gem\u00e4\u00df der Cookies-Politik. Wenn Sie mit der Verwendung sog. Cookies nicht einverstanden sind, sollten Sie die Einstellungen Ihres Internet-Browsers \u00e4ndern bzw. v\u00f6llig auf die Nutzung der Seite verzichten. Was sind Cookies? Cookies (aus dem Engl.: Kekse) sind kleine Dateien, die auf [&hellip;]<\/p>\n","protected":false},"author":1,"featured_media":0,"parent":0,"menu_order":68,"comment_status":"closed","ping_status":"closed","template":"","meta":{"inline_featured_image":false,"_mi_skip_tracking":false},"acf":[],"yoast_head":"<!-- This site is optimized with the Yoast SEO plugin v19.7.1 - https:\/\/yoast.com\/wordpress\/plugins\/seo\/ -->\n<title>Datenschutzbestimmungen - Zettransport %<\/title>\n<meta name=\"robots\" content=\"index, follow, max-snippet:-1, max-image-preview:large, max-video-preview:-1\" \/>\n<link rel=\"canonical\" href=\"https:\/\/zettransport.com\/de\/datenschutzbestimmungen\/\" \/>\n<meta property=\"og:locale\" content=\"de_DE\" \/>\n<meta property=\"og:type\" content=\"article\" \/>\n<meta property=\"og:title\" content=\"Datenschutzbestimmungen - Zettransport %\" \/>\n<meta property=\"og:description\" content=\"Datenschutzpolitik Indem Sie die Internetseite nutzen, geben Sie Ihr Einverst\u00e4ndnis zur Verwendung von Cookies gem\u00e4\u00df der Cookies-Politik. Wenn Sie mit der Verwendung sog. Cookies nicht einverstanden sind, sollten Sie die Einstellungen Ihres Internet-Browsers \u00e4ndern bzw. v\u00f6llig auf die Nutzung der Seite verzichten. Was sind Cookies? Cookies (aus dem Engl.: Kekse) sind kleine Dateien, die auf [&hellip;]\" \/>\n<meta property=\"og:url\" content=\"https:\/\/zettransport.com\/de\/datenschutzbestimmungen\/\" \/>\n<meta property=\"og:site_name\" content=\"Zettransport\" \/>\n<meta property=\"article:modified_time\" content=\"2018-06-13T07:55:20+00:00\" \/>\n<meta property=\"og:image\" content=\"http:\/\/www.webidea.pl\/wp-content\/uploads\/2015\/08\/cookie_firefox.png\" \/>\n<meta name=\"twitter:card\" content=\"summary\" \/>\n<meta name=\"twitter:label1\" content=\"Gesch\u00e4tzte Lesezeit\" \/>\n\t<meta name=\"twitter:data1\" content=\"2\u00a0Minuten\" \/>\n<script type=\"application\/ld+json\" class=\"yoast-schema-graph\">{\"@context\":\"https:\/\/schema.org\",\"@graph\":[{\"@type\":\"WebPage\",\"@id\":\"https:\/\/zettransport.com\/de\/datenschutzbestimmungen\/\",\"url\":\"https:\/\/zettransport.com\/de\/datenschutzbestimmungen\/\",\"name\":\"Datenschutzbestimmungen - Zettransport %\",\"isPartOf\":{\"@id\":\"https:\/\/zettransport.com\/#website\"},\"datePublished\":\"2017-07-25T09:50:49+00:00\",\"dateModified\":\"2018-06-13T07:55:20+00:00\",\"breadcrumb\":{\"@id\":\"https:\/\/zettransport.com\/de\/datenschutzbestimmungen\/#breadcrumb\"},\"inLanguage\":\"de\",\"potentialAction\":[{\"@type\":\"ReadAction\",\"target\":[\"https:\/\/zettransport.com\/de\/datenschutzbestimmungen\/\"]}]},{\"@type\":\"BreadcrumbList\",\"@id\":\"https:\/\/zettransport.com\/de\/datenschutzbestimmungen\/#breadcrumb\",\"itemListElement\":[{\"@type\":\"ListItem\",\"position\":1,\"name\":\"Strona g\u0142\u00f3wna\",\"item\":\"https:\/\/zettransport.com\/de\/\"},{\"@type\":\"ListItem\",\"position\":2,\"name\":\"Datenschutzbestimmungen\"}]},{\"@type\":\"WebSite\",\"@id\":\"https:\/\/zettransport.com\/#website\",\"url\":\"https:\/\/zettransport.com\/\",\"name\":\"Zettransport\",\"description\":\"Your logistic partner\",\"potentialAction\":[{\"@type\":\"SearchAction\",\"target\":{\"@type\":\"EntryPoint\",\"urlTemplate\":\"https:\/\/zettransport.com\/?s={search_term_string}\"},\"query-input\":\"required name=search_term_string\"}],\"inLanguage\":\"de\"}]}<\/script>\n<!-- \/ Yoast SEO plugin. -->","yoast_head_json":{"title":"Datenschutzbestimmungen - Zettransport %","robots":{"index":"index","follow":"follow","max-snippet":"max-snippet:-1","max-image-preview":"max-image-preview:large","max-video-preview":"max-video-preview:-1"},"canonical":"https:\/\/zettransport.com\/de\/datenschutzbestimmungen\/","og_locale":"de_DE","og_type":"article","og_title":"Datenschutzbestimmungen - Zettransport %","og_description":"Datenschutzpolitik Indem Sie die Internetseite nutzen, geben Sie Ihr Einverst\u00e4ndnis zur Verwendung von Cookies gem\u00e4\u00df der Cookies-Politik. Wenn Sie mit der Verwendung sog. Cookies nicht einverstanden sind, sollten Sie die Einstellungen Ihres Internet-Browsers \u00e4ndern bzw. v\u00f6llig auf die Nutzung der Seite verzichten. Was sind Cookies? Cookies (aus dem Engl.: Kekse) sind kleine Dateien, die auf [&hellip;]","og_url":"https:\/\/zettransport.com\/de\/datenschutzbestimmungen\/","og_site_name":"Zettransport","article_modified_time":"2018-06-13T07:55:20+00:00","og_image":[{"url":"http:\/\/www.webidea.pl\/wp-content\/uploads\/2015\/08\/cookie_firefox.png"}],"twitter_card":"summary","twitter_misc":{"Gesch\u00e4tzte Lesezeit":"2\u00a0Minuten"},"schema":{"@context":"https:\/\/schema.org","@graph":[{"@type":"WebPage","@id":"https:\/\/zettransport.com\/de\/datenschutzbestimmungen\/","url":"https:\/\/zettransport.com\/de\/datenschutzbestimmungen\/","name":"Datenschutzbestimmungen - Zettransport %","isPartOf":{"@id":"https:\/\/zettransport.com\/#website"},"datePublished":"2017-07-25T09:50:49+00:00","dateModified":"2018-06-13T07:55:20+00:00","breadcrumb":{"@id":"https:\/\/zettransport.com\/de\/datenschutzbestimmungen\/#breadcrumb"},"inLanguage":"de","potentialAction":[{"@type":"ReadAction","target":["https:\/\/zettransport.com\/de\/datenschutzbestimmungen\/"]}]},{"@type":"BreadcrumbList","@id":"https:\/\/zettransport.com\/de\/datenschutzbestimmungen\/#breadcrumb","itemListElement":[{"@type":"ListItem","position":1,"name":"Strona g\u0142\u00f3wna","item":"https:\/\/zettransport.com\/de\/"},{"@type":"ListItem","position":2,"name":"Datenschutzbestimmungen"}]},{"@type":"WebSite","@id":"https:\/\/zettransport.com\/#website","url":"https:\/\/zettransport.com\/","name":"Zettransport","description":"Your logistic partner","potentialAction":[{"@type":"SearchAction","target":{"@type":"EntryPoint","urlTemplate":"https:\/\/zettransport.com\/?s={search_term_string}"},"query-input":"required name=search_term_string"}],"inLanguage":"de"}]}},"_links":{"self":[{"href":"https:\/\/zettransport.com\/de\/wp-json\/wp\/v2\/pages\/732"}],"collection":[{"href":"https:\/\/zettransport.com\/de\/wp-json\/wp\/v2\/pages"}],"about":[{"href":"https:\/\/zettransport.com\/de\/wp-json\/wp\/v2\/types\/page"}],"author":[{"embeddable":true,"href":"https:\/\/zettransport.com\/de\/wp-json\/wp\/v2\/users\/1"}],"replies":[{"embeddable":true,"href":"https:\/\/zettransport.com\/de\/wp-json\/wp\/v2\/comments?post=732"}],"version-history":[{"count":17,"href":"https:\/\/zettransport.com\/de\/wp-json\/wp\/v2\/pages\/732\/revisions"}],"predecessor-version":[{"id":1588,"href":"https:\/\/zettransport.com\/de\/wp-json\/wp\/v2\/pages\/732\/revisions\/1588"}],"wp:attachment":[{"href":"https:\/\/zettransport.com\/de\/wp-json\/wp\/v2\/media?parent=732"}],"curies":[{"name":"wp","href":"https:\/\/api.w.org\/{rel}","templated":true}]}}