{"id":736,"date":"2017-07-25T11:56:56","date_gmt":"2017-07-25T09:56:56","guid":{"rendered":"https:\/\/zettransport.com\/?page_id=736\/"},"modified":"2018-02-07T14:45:26","modified_gmt":"2018-02-07T13:45:26","slug":"glowna-row-2","status":"publish","type":"page","link":"https:\/\/zettransport.com\/de\/strona-glowna\/glowna-row-2\/","title":{"rendered":"G\u0142\u00f3wna &#8211; row 2"},"content":{"rendered":"<section class=\"why\">\n<div class=\"container\">\n<h2>Was brauchen Sie jetzt?<\/h2>\n<div class=\"why-item\">\n<ul class=\"custom-list\">\n<li><a href=\"mailto:marketing@zettransport.com\">Ich m\u00f6chte einen Transportauftrag erteilen<\/a><\/li>\n<li><a href=\"https:\/\/zettransport.com\/de\/kontakt-logistik-abteilung\/\">Ich brauche eine Speditionsdienstleistung mit ganzheitlicher Zoll-L\u00f6sung<\/a><\/li>\n<li><a href=\"https:\/\/zettransport.com\/de\/unsere-kompetenz\/\">Ich m\u00f6chte eine Einladung<br \/>\nzur Ausschreibung senden<\/a><\/li>\n<\/ul>\n<\/div>\n<div class=\"why-item\">\n<ul class=\"custom-list\">\n<li><a href=\"mailto:marketing@zettransport.com\">Ich m\u00f6chte Kontakt zur operativen Abteilung aufnehmen<\/a><\/li>\n<li><a href=\"https:\/\/zettransport.com\/de\/angebot\/strassengueterverkehr\/\">Ich bin interessiert an ADR-Transport<\/a><\/li>\n<li><a href=\"https:\/\/zettransport.com\/de\/kontakt-kontaktdaten\/\">Ich m\u00f6chte meine Meinung oder Bemerkungen mitteilen<\/a><\/li>\n<\/ul>\n<\/div>\n<div class=\"why-item\">\n<ul class=\"custom-list\">\n<li><a href=\"mailto:marcin.mirek@zettransport.com\">Ich habe Interesse an Zusammenarbeit<br \/>\nmit einem zuverl\u00e4ssigen Transportunternehmen<\/a><\/li>\n<li><a href=\"mailto:marketing@zettransport.com\">Ich suche<br \/>\nein erfahrenes Team von Fachleuten<\/a><\/li>\n<li>K\u00f6nnen wir sonst etwas f\u00fcr Sie tun? <strong>Hier unser ganzes Angebot! <\/strong><\/li>\n<\/ul>\n<\/div>\n<div class=\"why-item contact\">\n<h3>kontakt<\/h3>\n<ul class=\"contact-list\">\n<li><a href=\"tel:+48 18 44 14 666\">+48 18 44 14 666<\/a><\/li>\n<li><a href=\"tel:+48 18 44 96 825\">+48 18 44 96 833<\/a><\/li>\n<\/ul>\n<p><a class=\"btn white\" href=\"https:\/\/zettransport.com\/dzial-handlowy\/\">Kontaktdaten<\/a><\/p>\n<\/div>\n<\/div>\n<\/section>\n","protected":false},"excerpt":{"rendered":"<p>Was brauchen Sie jetzt? Ich m\u00f6chte einen Transportauftrag erteilen Ich brauche eine Speditionsdienstleistung mit ganzheitlicher Zoll-L\u00f6sung Ich m\u00f6chte eine Einladung zur Ausschreibung senden Ich m\u00f6chte Kontakt zur operativen Abteilung aufnehmen Ich bin interessiert an ADR-Transport Ich m\u00f6chte meine Meinung oder Bemerkungen mitteilen Ich habe Interesse an Zusammenarbeit mit einem zuverl\u00e4ssigen Transportunternehmen Ich suche ein erfahrenes [&hellip;]<\/p>\n","protected":false},"author":1,"featured_media":0,"parent":189,"menu_order":64,"comment_status":"closed","ping_status":"closed","template":"","meta":{"inline_featured_image":false,"_mi_skip_tracking":false},"acf":[],"yoast_head":"<!-- This site is optimized with the Yoast SEO plugin v19.7.1 - https:\/\/yoast.com\/wordpress\/plugins\/seo\/ -->\n<title>G\u0142\u00f3wna - row 2 - Zettransport %<\/title>\n<meta name=\"robots\" content=\"index, follow, max-snippet:-1, max-image-preview:large, max-video-preview:-1\" \/>\n<link rel=\"canonical\" href=\"https:\/\/zettransport.com\/de\/strona-glowna\/glowna-row-2\/\" \/>\n<meta property=\"og:locale\" content=\"de_DE\" \/>\n<meta property=\"og:type\" content=\"article\" \/>\n<meta property=\"og:title\" content=\"G\u0142\u00f3wna - row 2 - Zettransport %\" \/>\n<meta property=\"og:description\" content=\"Was brauchen Sie jetzt? Ich m\u00f6chte einen Transportauftrag erteilen Ich brauche eine Speditionsdienstleistung mit ganzheitlicher Zoll-L\u00f6sung Ich m\u00f6chte eine Einladung zur Ausschreibung senden Ich m\u00f6chte Kontakt zur operativen Abteilung aufnehmen Ich bin interessiert an ADR-Transport Ich m\u00f6chte meine Meinung oder Bemerkungen mitteilen Ich habe Interesse an Zusammenarbeit mit einem zuverl\u00e4ssigen Transportunternehmen Ich suche ein erfahrenes [&hellip;]\" \/>\n<meta property=\"og:url\" content=\"https:\/\/zettransport.com\/de\/strona-glowna\/glowna-row-2\/\" \/>\n<meta property=\"og:site_name\" content=\"Zettransport\" \/>\n<meta property=\"article:modified_time\" content=\"2018-02-07T13:45:26+00:00\" \/>\n<meta name=\"twitter:card\" content=\"summary\" \/>\n<script type=\"application\/ld+json\" class=\"yoast-schema-graph\">{\"@context\":\"https:\/\/schema.org\",\"@graph\":[{\"@type\":\"WebPage\",\"@id\":\"https:\/\/zettransport.com\/de\/strona-glowna\/glowna-row-2\/\",\"url\":\"https:\/\/zettransport.com\/de\/strona-glowna\/glowna-row-2\/\",\"name\":\"G\u0142\u00f3wna - row 2 - Zettransport %\",\"isPartOf\":{\"@id\":\"https:\/\/zettransport.com\/#website\"},\"datePublished\":\"2017-07-25T09:56:56+00:00\",\"dateModified\":\"2018-02-07T13:45:26+00:00\",\"breadcrumb\":{\"@id\":\"https:\/\/zettransport.com\/de\/strona-glowna\/glowna-row-2\/#breadcrumb\"},\"inLanguage\":\"de\",\"potentialAction\":[{\"@type\":\"ReadAction\",\"target\":[\"https:\/\/zettransport.com\/de\/strona-glowna\/glowna-row-2\/\"]}]},{\"@type\":\"BreadcrumbList\",\"@id\":\"https:\/\/zettransport.com\/de\/strona-glowna\/glowna-row-2\/#breadcrumb\",\"itemListElement\":[{\"@type\":\"ListItem\",\"position\":1,\"name\":\"Strona g\u0142\u00f3wna\",\"item\":\"https:\/\/zettransport.com\/de\/\"},{\"@type\":\"ListItem\",\"position\":2,\"name\":\"Strona g\u0142\u00f3wna\",\"item\":\"https:\/\/zettransport.com\/de\/\"},{\"@type\":\"ListItem\",\"position\":3,\"name\":\"G\u0142\u00f3wna &#8211; row 2\"}]},{\"@type\":\"WebSite\",\"@id\":\"https:\/\/zettransport.com\/#website\",\"url\":\"https:\/\/zettransport.com\/\",\"name\":\"Zettransport\",\"description\":\"Your logistic partner\",\"potentialAction\":[{\"@type\":\"SearchAction\",\"target\":{\"@type\":\"EntryPoint\",\"urlTemplate\":\"https:\/\/zettransport.com\/?s={search_term_string}\"},\"query-input\":\"required name=search_term_string\"}],\"inLanguage\":\"de\"}]}<\/script>\n<!-- \/ Yoast SEO plugin. -->","yoast_head_json":{"title":"G\u0142\u00f3wna - row 2 - Zettransport %","robots":{"index":"index","follow":"follow","max-snippet":"max-snippet:-1","max-image-preview":"max-image-preview:large","max-video-preview":"max-video-preview:-1"},"canonical":"https:\/\/zettransport.com\/de\/strona-glowna\/glowna-row-2\/","og_locale":"de_DE","og_type":"article","og_title":"G\u0142\u00f3wna - row 2 - Zettransport %","og_description":"Was brauchen Sie jetzt? Ich m\u00f6chte einen Transportauftrag erteilen Ich brauche eine Speditionsdienstleistung mit ganzheitlicher Zoll-L\u00f6sung Ich m\u00f6chte eine Einladung zur Ausschreibung senden Ich m\u00f6chte Kontakt zur operativen Abteilung aufnehmen Ich bin interessiert an ADR-Transport Ich m\u00f6chte meine Meinung oder Bemerkungen mitteilen Ich habe Interesse an Zusammenarbeit mit einem zuverl\u00e4ssigen Transportunternehmen Ich suche ein erfahrenes [&hellip;]","og_url":"https:\/\/zettransport.com\/de\/strona-glowna\/glowna-row-2\/","og_site_name":"Zettransport","article_modified_time":"2018-02-07T13:45:26+00:00","twitter_card":"summary","schema":{"@context":"https:\/\/schema.org","@graph":[{"@type":"WebPage","@id":"https:\/\/zettransport.com\/de\/strona-glowna\/glowna-row-2\/","url":"https:\/\/zettransport.com\/de\/strona-glowna\/glowna-row-2\/","name":"G\u0142\u00f3wna - row 2 - Zettransport %","isPartOf":{"@id":"https:\/\/zettransport.com\/#website"},"datePublished":"2017-07-25T09:56:56+00:00","dateModified":"2018-02-07T13:45:26+00:00","breadcrumb":{"@id":"https:\/\/zettransport.com\/de\/strona-glowna\/glowna-row-2\/#breadcrumb"},"inLanguage":"de","potentialAction":[{"@type":"ReadAction","target":["https:\/\/zettransport.com\/de\/strona-glowna\/glowna-row-2\/"]}]},{"@type":"BreadcrumbList","@id":"https:\/\/zettransport.com\/de\/strona-glowna\/glowna-row-2\/#breadcrumb","itemListElement":[{"@type":"ListItem","position":1,"name":"Strona g\u0142\u00f3wna","item":"https:\/\/zettransport.com\/de\/"},{"@type":"ListItem","position":2,"name":"Strona g\u0142\u00f3wna","item":"https:\/\/zettransport.com\/de\/"},{"@type":"ListItem","position":3,"name":"G\u0142\u00f3wna &#8211; row 2"}]},{"@type":"WebSite","@id":"https:\/\/zettransport.com\/#website","url":"https:\/\/zettransport.com\/","name":"Zettransport","description":"Your logistic partner","potentialAction":[{"@type":"SearchAction","target":{"@type":"EntryPoint","urlTemplate":"https:\/\/zettransport.com\/?s={search_term_string}"},"query-input":"required name=search_term_string"}],"inLanguage":"de"}]}},"_links":{"self":[{"href":"https:\/\/zettransport.com\/de\/wp-json\/wp\/v2\/pages\/736"}],"collection":[{"href":"https:\/\/zettransport.com\/de\/wp-json\/wp\/v2\/pages"}],"about":[{"href":"https:\/\/zettransport.com\/de\/wp-json\/wp\/v2\/types\/page"}],"author":[{"embeddable":true,"href":"https:\/\/zettransport.com\/de\/wp-json\/wp\/v2\/users\/1"}],"replies":[{"embeddable":true,"href":"https:\/\/zettransport.com\/de\/wp-json\/wp\/v2\/comments?post=736"}],"version-history":[{"count":6,"href":"https:\/\/zettransport.com\/de\/wp-json\/wp\/v2\/pages\/736\/revisions"}],"predecessor-version":[{"id":1073,"href":"https:\/\/zettransport.com\/de\/wp-json\/wp\/v2\/pages\/736\/revisions\/1073"}],"up":[{"embeddable":true,"href":"https:\/\/zettransport.com\/de\/wp-json\/wp\/v2\/pages\/189"}],"wp:attachment":[{"href":"https:\/\/zettransport.com\/de\/wp-json\/wp\/v2\/media?parent=736"}],"curies":[{"name":"wp","href":"https:\/\/api.w.org\/{rel}","templated":true}]}}