{"id":740,"date":"2017-07-25T11:56:36","date_gmt":"2017-07-25T09:56:36","guid":{"rendered":"https:\/\/zettransport.com\/?page_id=740\/"},"modified":"2017-12-05T13:23:24","modified_gmt":"2017-12-05T12:23:24","slug":"glowna-row-1","status":"publish","type":"page","link":"https:\/\/zettransport.com\/de\/strona-glowna\/glowna-row-1\/","title":{"rendered":"G\u0142\u00f3wna &#8211; row 1"},"content":{"rendered":"<section class=\"info-row\">\n<div class=\"container\">\n<div class=\"info-row-about\">\n<h2>ZET Transport \u2013 Ihr Logistikpartner<\/h2>\n<p><strong>Transportlogistik, vor allem grenz\u00fcberschreitender G\u00fcterverkehr,<\/strong><br \/>\n<strong>ist unsere Firmenspezialit\u00e4t, die wir seit 25 Jahren stets entwickeln.<\/strong><\/p>\n<p>Seit der Firmengr\u00fcndung im Jahre 1993 sind wir bestrebt, unseren Kunden ein umfassendes Spektrum an L\u00f6sungen h\u00f6chster Qualit\u00e4t anzubieten. F\u00fcr kompetente und individuelle Kundenbetreuung steht ein qualifiziertes Mitarbeiter-Team &#8211; unterst\u00fctzt durch innovative IT-L\u00f6sungen, modernen Fuhrpark und optimale Arbeitsorganisation.<\/p>\n<p><a class=\"btn black\" href=\"https:\/\/zettransport.com\/de\/unternehmen\/\">Mehr \u00fcber uns<\/a><\/p>\n<\/div>\n<div class=\"info-row-hiring\">\n<h2>ZET TRANSPORT ist die richtige Wahl. Warum? <\/h2>\n<p><strong>Der richtige Gesch\u00e4ftspartner ist der Schl\u00fcssel zum Unternehmenserfolg.<\/strong><\/p>\n<p>In unserer Branche gibt es keinen Raum f\u00fcr Notbehelfe und  Missverst\u00e4ndnisse \u2013 es z\u00e4hlen nur effiziente und sichere L\u00f6sungen. Dies verstehen wir bestens aufgrund langj\u00e4hriger Erfahrung, moderner Technologien und \u00fcber Jahre ausgefeilter Arbeitsorganisation. Auf uns k\u00f6nnen Sie sich verlassen!<\/p>\n<p>Erfahren Sie \u00fcber Schl\u00fcsselkompetenzen, die uns auszeichnen und zum vertrauensw\u00fcrdigen und zuverl\u00e4ssigen Partner f\u00fcr unsere Kunden  machen!<\/p>\n<\/div>\n<\/div>\n<\/section>\n","protected":false},"excerpt":{"rendered":"<p>ZET Transport \u2013 Ihr Logistikpartner Transportlogistik, vor allem grenz\u00fcberschreitender G\u00fcterverkehr, ist unsere Firmenspezialit\u00e4t, die wir seit 25 Jahren stets entwickeln. Seit der Firmengr\u00fcndung im Jahre 1993 sind wir bestrebt, unseren Kunden ein umfassendes Spektrum an L\u00f6sungen h\u00f6chster Qualit\u00e4t anzubieten. F\u00fcr kompetente und individuelle Kundenbetreuung steht ein qualifiziertes Mitarbeiter-Team &#8211; unterst\u00fctzt durch innovative IT-L\u00f6sungen, modernen Fuhrpark [&hellip;]<\/p>\n","protected":false},"author":1,"featured_media":0,"parent":189,"menu_order":65,"comment_status":"closed","ping_status":"closed","template":"","meta":{"inline_featured_image":false,"_mi_skip_tracking":false},"acf":[],"yoast_head":"<!-- This site is optimized with the Yoast SEO plugin v19.7.1 - https:\/\/yoast.com\/wordpress\/plugins\/seo\/ -->\n<title>G\u0142\u00f3wna - row 1 - Zettransport %<\/title>\n<meta name=\"robots\" content=\"index, follow, max-snippet:-1, max-image-preview:large, max-video-preview:-1\" \/>\n<link rel=\"canonical\" href=\"https:\/\/zettransport.com\/de\/strona-glowna\/glowna-row-1\/\" \/>\n<meta property=\"og:locale\" content=\"de_DE\" \/>\n<meta property=\"og:type\" content=\"article\" \/>\n<meta property=\"og:title\" content=\"G\u0142\u00f3wna - row 1 - Zettransport %\" \/>\n<meta property=\"og:description\" content=\"ZET Transport \u2013 Ihr Logistikpartner Transportlogistik, vor allem grenz\u00fcberschreitender G\u00fcterverkehr, ist unsere Firmenspezialit\u00e4t, die wir seit 25 Jahren stets entwickeln. Seit der Firmengr\u00fcndung im Jahre 1993 sind wir bestrebt, unseren Kunden ein umfassendes Spektrum an L\u00f6sungen h\u00f6chster Qualit\u00e4t anzubieten. F\u00fcr kompetente und individuelle Kundenbetreuung steht ein qualifiziertes Mitarbeiter-Team &#8211; unterst\u00fctzt durch innovative IT-L\u00f6sungen, modernen Fuhrpark [&hellip;]\" \/>\n<meta property=\"og:url\" content=\"https:\/\/zettransport.com\/de\/strona-glowna\/glowna-row-1\/\" \/>\n<meta property=\"og:site_name\" content=\"Zettransport\" \/>\n<meta property=\"article:modified_time\" content=\"2017-12-05T12:23:24+00:00\" \/>\n<meta name=\"twitter:card\" content=\"summary\" \/>\n<meta name=\"twitter:label1\" content=\"Gesch\u00e4tzte Lesezeit\" \/>\n\t<meta name=\"twitter:data1\" content=\"1\u00a0Minute\" \/>\n<script type=\"application\/ld+json\" class=\"yoast-schema-graph\">{\"@context\":\"https:\/\/schema.org\",\"@graph\":[{\"@type\":\"WebPage\",\"@id\":\"https:\/\/zettransport.com\/de\/strona-glowna\/glowna-row-1\/\",\"url\":\"https:\/\/zettransport.com\/de\/strona-glowna\/glowna-row-1\/\",\"name\":\"G\u0142\u00f3wna - row 1 - Zettransport %\",\"isPartOf\":{\"@id\":\"https:\/\/zettransport.com\/#website\"},\"datePublished\":\"2017-07-25T09:56:36+00:00\",\"dateModified\":\"2017-12-05T12:23:24+00:00\",\"breadcrumb\":{\"@id\":\"https:\/\/zettransport.com\/de\/strona-glowna\/glowna-row-1\/#breadcrumb\"},\"inLanguage\":\"de\",\"potentialAction\":[{\"@type\":\"ReadAction\",\"target\":[\"https:\/\/zettransport.com\/de\/strona-glowna\/glowna-row-1\/\"]}]},{\"@type\":\"BreadcrumbList\",\"@id\":\"https:\/\/zettransport.com\/de\/strona-glowna\/glowna-row-1\/#breadcrumb\",\"itemListElement\":[{\"@type\":\"ListItem\",\"position\":1,\"name\":\"Strona g\u0142\u00f3wna\",\"item\":\"https:\/\/zettransport.com\/de\/\"},{\"@type\":\"ListItem\",\"position\":2,\"name\":\"Strona g\u0142\u00f3wna\",\"item\":\"https:\/\/zettransport.com\/de\/\"},{\"@type\":\"ListItem\",\"position\":3,\"name\":\"G\u0142\u00f3wna &#8211; row 1\"}]},{\"@type\":\"WebSite\",\"@id\":\"https:\/\/zettransport.com\/#website\",\"url\":\"https:\/\/zettransport.com\/\",\"name\":\"Zettransport\",\"description\":\"Your logistic partner\",\"potentialAction\":[{\"@type\":\"SearchAction\",\"target\":{\"@type\":\"EntryPoint\",\"urlTemplate\":\"https:\/\/zettransport.com\/?s={search_term_string}\"},\"query-input\":\"required name=search_term_string\"}],\"inLanguage\":\"de\"}]}<\/script>\n<!-- \/ Yoast SEO plugin. -->","yoast_head_json":{"title":"G\u0142\u00f3wna - row 1 - Zettransport %","robots":{"index":"index","follow":"follow","max-snippet":"max-snippet:-1","max-image-preview":"max-image-preview:large","max-video-preview":"max-video-preview:-1"},"canonical":"https:\/\/zettransport.com\/de\/strona-glowna\/glowna-row-1\/","og_locale":"de_DE","og_type":"article","og_title":"G\u0142\u00f3wna - row 1 - Zettransport %","og_description":"ZET Transport \u2013 Ihr Logistikpartner Transportlogistik, vor allem grenz\u00fcberschreitender G\u00fcterverkehr, ist unsere Firmenspezialit\u00e4t, die wir seit 25 Jahren stets entwickeln. Seit der Firmengr\u00fcndung im Jahre 1993 sind wir bestrebt, unseren Kunden ein umfassendes Spektrum an L\u00f6sungen h\u00f6chster Qualit\u00e4t anzubieten. F\u00fcr kompetente und individuelle Kundenbetreuung steht ein qualifiziertes Mitarbeiter-Team &#8211; unterst\u00fctzt durch innovative IT-L\u00f6sungen, modernen Fuhrpark [&hellip;]","og_url":"https:\/\/zettransport.com\/de\/strona-glowna\/glowna-row-1\/","og_site_name":"Zettransport","article_modified_time":"2017-12-05T12:23:24+00:00","twitter_card":"summary","twitter_misc":{"Gesch\u00e4tzte Lesezeit":"1\u00a0Minute"},"schema":{"@context":"https:\/\/schema.org","@graph":[{"@type":"WebPage","@id":"https:\/\/zettransport.com\/de\/strona-glowna\/glowna-row-1\/","url":"https:\/\/zettransport.com\/de\/strona-glowna\/glowna-row-1\/","name":"G\u0142\u00f3wna - row 1 - Zettransport %","isPartOf":{"@id":"https:\/\/zettransport.com\/#website"},"datePublished":"2017-07-25T09:56:36+00:00","dateModified":"2017-12-05T12:23:24+00:00","breadcrumb":{"@id":"https:\/\/zettransport.com\/de\/strona-glowna\/glowna-row-1\/#breadcrumb"},"inLanguage":"de","potentialAction":[{"@type":"ReadAction","target":["https:\/\/zettransport.com\/de\/strona-glowna\/glowna-row-1\/"]}]},{"@type":"BreadcrumbList","@id":"https:\/\/zettransport.com\/de\/strona-glowna\/glowna-row-1\/#breadcrumb","itemListElement":[{"@type":"ListItem","position":1,"name":"Strona g\u0142\u00f3wna","item":"https:\/\/zettransport.com\/de\/"},{"@type":"ListItem","position":2,"name":"Strona g\u0142\u00f3wna","item":"https:\/\/zettransport.com\/de\/"},{"@type":"ListItem","position":3,"name":"G\u0142\u00f3wna &#8211; row 1"}]},{"@type":"WebSite","@id":"https:\/\/zettransport.com\/#website","url":"https:\/\/zettransport.com\/","name":"Zettransport","description":"Your logistic partner","potentialAction":[{"@type":"SearchAction","target":{"@type":"EntryPoint","urlTemplate":"https:\/\/zettransport.com\/?s={search_term_string}"},"query-input":"required name=search_term_string"}],"inLanguage":"de"}]}},"_links":{"self":[{"href":"https:\/\/zettransport.com\/de\/wp-json\/wp\/v2\/pages\/740"}],"collection":[{"href":"https:\/\/zettransport.com\/de\/wp-json\/wp\/v2\/pages"}],"about":[{"href":"https:\/\/zettransport.com\/de\/wp-json\/wp\/v2\/types\/page"}],"author":[{"embeddable":true,"href":"https:\/\/zettransport.com\/de\/wp-json\/wp\/v2\/users\/1"}],"replies":[{"embeddable":true,"href":"https:\/\/zettransport.com\/de\/wp-json\/wp\/v2\/comments?post=740"}],"version-history":[{"count":7,"href":"https:\/\/zettransport.com\/de\/wp-json\/wp\/v2\/pages\/740\/revisions"}],"predecessor-version":[{"id":1357,"href":"https:\/\/zettransport.com\/de\/wp-json\/wp\/v2\/pages\/740\/revisions\/1357"}],"up":[{"embeddable":true,"href":"https:\/\/zettransport.com\/de\/wp-json\/wp\/v2\/pages\/189"}],"wp:attachment":[{"href":"https:\/\/zettransport.com\/de\/wp-json\/wp\/v2\/media?parent=740"}],"curies":[{"name":"wp","href":"https:\/\/api.w.org\/{rel}","templated":true}]}}