{"id":393,"date":"2017-07-24T10:20:13","date_gmt":"2017-07-24T08:20:13","guid":{"rendered":"https:\/\/zettransport.com\/?page_id=393\/"},"modified":"2024-01-02T09:28:28","modified_gmt":"2024-01-02T08:28:28","slug":"company","status":"publish","type":"page","link":"https:\/\/zettransport.com\/en\/company\/","title":{"rendered":"Company"},"content":{"rendered":"<h2>How has our company evolved over the years?<\/h2>\n<div class=\"timeline\"><\/p>\n<p><div class=\"timeline-item\"><div class=\"timeline-empty\"><\/div><div class=\"timeline-clock\"><div class=\"timeline-clock_inner\"><h2>1993<\/h2><\/div><\/div><div class=\"timeline-text\"><\/p>\n<p>J\u00f3zef Senior, J\u00f3zef Junior, and Jan Za\u0142ubski establish the \u201cZET Transport sp\u00f3\u0142ka cywilna J\u00f3zef, Jan, J\u00f3zef jr Za\u0142ubscy\u201d company with its headquarters in \u017bbikowice. The business starts with two truck tractors and four employees<\/p>\n<p><\/div><\/div><\/p>\n<p><div class=\"timeline-item\"><div class=\"timeline-empty\"><\/div><div class=\"timeline-clock\"><div class=\"timeline-clock_inner\"><h2>1994<\/h2><\/div><\/div><div class=\"timeline-text\"><\/p>\n<p>the first contract for the provision of container transport services in Ukraine \u2013 transport of accessories for clothing manufacturing<\/p>\n<p><\/div><\/div><\/p>\n<p><div class=\"timeline-item\"><div class=\"timeline-empty\"><\/div><div class=\"timeline-clock\"><div class=\"timeline-clock_inner\"><h2>1996<\/h2><\/div><\/div><div class=\"timeline-text\"><\/p>\n<p>a small office space (25 sq. m.) is rented in Nowy S\u0105cz for two employees<\/p>\n<p><\/div><\/div><\/p>\n<p><div class=\"timeline-item\"><div class=\"timeline-empty\"><\/div><div class=\"timeline-clock\"><div class=\"timeline-clock_inner\"><h2>1999<\/h2><\/div><\/div><div class=\"timeline-text\"><\/p>\n<p>the launching of a service station, the Truck Partner company, and the International Truck&amp;Trailer Company sp. z o.o. which sells new and second-hand transport equipment<\/p>\n<p><\/div><\/div><\/p>\n<p><div class=\"timeline-item\"><div class=\"timeline-empty\"><\/div><div class=\"timeline-clock\"><div class=\"timeline-clock_inner\"><h2>2001<\/h2><\/div><\/div><div class=\"timeline-text\"><\/p>\n<p>the range of services is expanded to include the loading of goods and materials, and the unloading of containers, as a follow-up to the contract signed with SGL Carbon, a multinational concern<\/p>\n<p><\/div><\/div><\/p>\n<p><div class=\"timeline-item\"><div class=\"timeline-empty\"><\/div><div class=\"timeline-clock\"><div class=\"timeline-clock_inner\"><h2>2001<\/h2><\/div><\/div><div class=\"timeline-text\"><\/p>\n<p>SOFTRANS, a proprietary ERP-class computer system is created; the system is still used and developed to match the company&#8217;s evolving needs<\/p>\n<p><\/div><\/div><\/p>\n<p><div class=\"timeline-item\"><div class=\"timeline-empty\"><\/div><div class=\"timeline-clock\"><div class=\"timeline-clock_inner\"><h2>2003<\/h2><\/div><\/div><div class=\"timeline-text\"><\/p>\n<p>implementing the ISO 9001 Quality Management System, currently 9001:2015<\/p>\n<p><\/div><\/div><\/p>\n<p><div class=\"timeline-item\"><div class=\"timeline-empty\"><\/div><div class=\"timeline-clock\"><div class=\"timeline-clock_inner\"><h2>2004<\/h2><\/div><\/div><div class=\"timeline-text\"><\/p>\n<p>the company&#8217;s own customs agency is launched \u2013 ZET Transport Agencja Celna \u2013 with offices in Nowy S\u0105cz and Racib\u00f3rz, to provide comprehensive customs clearance services<\/p>\n<p><\/div><\/div><\/p>\n<p><div class=\"timeline-item\"><div class=\"timeline-empty\"><\/div><div class=\"timeline-clock\"><div class=\"timeline-clock_inner\"><h2>2009<\/h2><\/div><\/div><div class=\"timeline-text\"><\/p>\n<p>new services are added to the portfolio: the delivery of wooden packages and packaging of goods<\/p>\n<p><\/div><\/div><\/p>\n<p><div class=\"timeline-item\"><div class=\"timeline-empty\"><\/div><div class=\"timeline-clock\"><div class=\"timeline-clock_inner\"><h2>2011<\/h2><\/div><\/div><div class=\"timeline-text\"><\/p>\n<p>the company&#8217;s own carpenter&#8217;s workshop is opened to manufacture packaging products and pallets<\/p>\n<p><\/div><\/div><\/p>\n<p><div class=\"timeline-item\"><div class=\"timeline-empty\"><\/div><div class=\"timeline-clock\"><div class=\"timeline-clock_inner\"><h2>2012<\/h2><\/div><\/div><div class=\"timeline-text\"><\/p>\n<p>the company receives the Authorised Economic Operator (AEO) certificate awarded to businesses within the European Community to assure the common objective of supply chain security and fight against terrorism<\/p>\n<p><\/div><\/div><\/p>\n<p><div class=\"timeline-item\"><div class=\"timeline-empty\"><\/div><div class=\"timeline-clock\"><div class=\"timeline-clock_inner\"><h2>2014<\/h2><\/div><\/div><div class=\"timeline-text\"><\/p>\n<p>the first BDF vehicles are purchased; the swap bodies division is expanded<\/p>\n<p><\/div><\/div><\/p>\n<p><div class=\"timeline-item\"><div class=\"timeline-empty\"><\/div><div class=\"timeline-clock\"><div class=\"timeline-clock_inner\"><h2>2016<\/h2><\/div><\/div><div class=\"timeline-text\"><\/p>\n<p>the company\u2019s receives the status of registered agent and adds the road transport of air freight shipments to its service portfolio<\/p>\n<p><\/div><\/div><\/p>\n<p><div class=\"timeline-item\"><div class=\"timeline-empty\"><\/div><div class=\"timeline-clock\"><div class=\"timeline-clock_inner\"><h2>2021<\/h2><\/div><\/div><div class=\"timeline-text\"><\/p>\n<p>launching Overseas team offering sea, air and rail services<\/p>\n<p><\/div><\/div><\/p>\n<p><div class=\"timeline-item\"><div class=\"timeline-empty\"><\/div><div class=\"timeline-clock\"><div class=\"timeline-clock_inner\"><h2>2022<\/h2><\/div><\/div><div class=\"timeline-text\"><\/p>\n<p>introduction of warehousing services in newly built high storage hall in Domas\u0142aw \/ area of Wroc\u0142aw<\/p>\n<p><\/div><\/div><\/p>\n<p><div class=\"timeline-item\"><div class=\"timeline-empty\"><\/div><div class=\"timeline-clock\"><div class=\"timeline-clock_inner\"><h2>today<\/h2><\/div><\/div><div class=\"timeline-text\"><\/p>\n<p>constant progress through the diversification of activities, and the development of staff, technologies and work organisation.<\/p>\n<p><\/div><\/div><\/p>\n<p><\/div>\n<div class=\"numbers uniq\"><div class=\"container\"><\/p>\n<h2>ZET Transport in numbers<\/h2>\n<p><div class=\"number-item\"><div class=\"number-item_inner\"><div class=\"number-img\"><h2>1993<\/h2><p><\/p><\/div><p><\/p>\n<p>year of establishment<\/p>\n<p><\/p><\/div><\/div><\/p>\n<p><div class=\"number-item\"><div class=\"number-item_inner\"><div class=\"number-img\"><h2>500<\/h2><p><\/p><\/div><p><\/p>\n<p>number of employees<\/p>\n<p><\/p><\/div><\/div><\/p>\n<p><div class=\"number-item\"><div class=\"number-item_inner\"><div class=\"number-img\"><h2>320<\/h2><p><\/p><\/div><p><\/p>\n<p>number of vehicles<\/p>\n<p><\/p><\/div><\/div><\/p>\n<p><div class=\"number-item\"><div class=\"number-item_inner\"><div class=\"number-img\"><h2>49000<\/h2><p>over<\/p><\/div><p><\/p>\n<p>number of transport orders completed in 2018<\/p>\n<p><\/p><\/div><\/div><\/p>\n<p><\/div><\/div>\n","protected":false},"excerpt":{"rendered":"<p>How has our company evolved over the years?<\/p>\n","protected":false},"author":1,"featured_media":1362,"parent":0,"menu_order":127,"comment_status":"closed","ping_status":"closed","template":"","meta":{"inline_featured_image":false,"_mi_skip_tracking":false},"acf":[],"yoast_head":"<!-- This site is optimized with the Yoast SEO plugin v19.7.1 - https:\/\/yoast.com\/wordpress\/plugins\/seo\/ -->\n<title>Company - Zettransport %<\/title>\n<meta name=\"robots\" content=\"index, follow, max-snippet:-1, max-image-preview:large, max-video-preview:-1\" \/>\n<link rel=\"canonical\" href=\"https:\/\/zettransport.com\/en\/company\/\" \/>\n<meta property=\"og:locale\" content=\"en_US\" \/>\n<meta property=\"og:type\" content=\"article\" \/>\n<meta property=\"og:title\" content=\"Company - Zettransport %\" \/>\n<meta property=\"og:description\" content=\"How has our company evolved over the years?\" \/>\n<meta property=\"og:url\" content=\"https:\/\/zettransport.com\/en\/company\/\" \/>\n<meta property=\"og:site_name\" content=\"Zettransport\" \/>\n<meta property=\"article:modified_time\" content=\"2024-01-02T08:28:28+00:00\" \/>\n<meta property=\"og:image\" content=\"https:\/\/zettransport.com\/wp-content\/uploads\/2017\/07\/firma.jpg\" \/>\n\t<meta property=\"og:image:width\" content=\"640\" \/>\n\t<meta property=\"og:image:height\" content=\"320\" \/>\n\t<meta property=\"og:image:type\" content=\"image\/jpeg\" \/>\n<meta name=\"twitter:card\" content=\"summary\" \/>\n<meta name=\"twitter:label1\" content=\"Est. reading time\" \/>\n\t<meta name=\"twitter:data1\" content=\"3 minutes\" \/>\n<script type=\"application\/ld+json\" class=\"yoast-schema-graph\">{\"@context\":\"https:\/\/schema.org\",\"@graph\":[{\"@type\":\"WebPage\",\"@id\":\"https:\/\/zettransport.com\/en\/company\/\",\"url\":\"https:\/\/zettransport.com\/en\/company\/\",\"name\":\"Company - Zettransport %\",\"isPartOf\":{\"@id\":\"https:\/\/zettransport.com\/#website\"},\"datePublished\":\"2017-07-24T08:20:13+00:00\",\"dateModified\":\"2024-01-02T08:28:28+00:00\",\"breadcrumb\":{\"@id\":\"https:\/\/zettransport.com\/en\/company\/#breadcrumb\"},\"inLanguage\":\"en-US\",\"potentialAction\":[{\"@type\":\"ReadAction\",\"target\":[\"https:\/\/zettransport.com\/en\/company\/\"]}]},{\"@type\":\"BreadcrumbList\",\"@id\":\"https:\/\/zettransport.com\/en\/company\/#breadcrumb\",\"itemListElement\":[{\"@type\":\"ListItem\",\"position\":1,\"name\":\"Strona g\u0142\u00f3wna\",\"item\":\"https:\/\/zettransport.com\/en\/\"},{\"@type\":\"ListItem\",\"position\":2,\"name\":\"Company\"}]},{\"@type\":\"WebSite\",\"@id\":\"https:\/\/zettransport.com\/#website\",\"url\":\"https:\/\/zettransport.com\/\",\"name\":\"Zettransport\",\"description\":\"Your logistic partner\",\"potentialAction\":[{\"@type\":\"SearchAction\",\"target\":{\"@type\":\"EntryPoint\",\"urlTemplate\":\"https:\/\/zettransport.com\/?s={search_term_string}\"},\"query-input\":\"required name=search_term_string\"}],\"inLanguage\":\"en-US\"}]}<\/script>\n<!-- \/ Yoast SEO plugin. -->","yoast_head_json":{"title":"Company - Zettransport %","robots":{"index":"index","follow":"follow","max-snippet":"max-snippet:-1","max-image-preview":"max-image-preview:large","max-video-preview":"max-video-preview:-1"},"canonical":"https:\/\/zettransport.com\/en\/company\/","og_locale":"en_US","og_type":"article","og_title":"Company - Zettransport %","og_description":"How has our company evolved over the years?","og_url":"https:\/\/zettransport.com\/en\/company\/","og_site_name":"Zettransport","article_modified_time":"2024-01-02T08:28:28+00:00","og_image":[{"width":640,"height":320,"url":"https:\/\/zettransport.com\/wp-content\/uploads\/2017\/07\/firma.jpg","type":"image\/jpeg"}],"twitter_card":"summary","twitter_misc":{"Est. reading time":"3 minutes"},"schema":{"@context":"https:\/\/schema.org","@graph":[{"@type":"WebPage","@id":"https:\/\/zettransport.com\/en\/company\/","url":"https:\/\/zettransport.com\/en\/company\/","name":"Company - Zettransport %","isPartOf":{"@id":"https:\/\/zettransport.com\/#website"},"datePublished":"2017-07-24T08:20:13+00:00","dateModified":"2024-01-02T08:28:28+00:00","breadcrumb":{"@id":"https:\/\/zettransport.com\/en\/company\/#breadcrumb"},"inLanguage":"en-US","potentialAction":[{"@type":"ReadAction","target":["https:\/\/zettransport.com\/en\/company\/"]}]},{"@type":"BreadcrumbList","@id":"https:\/\/zettransport.com\/en\/company\/#breadcrumb","itemListElement":[{"@type":"ListItem","position":1,"name":"Strona g\u0142\u00f3wna","item":"https:\/\/zettransport.com\/en\/"},{"@type":"ListItem","position":2,"name":"Company"}]},{"@type":"WebSite","@id":"https:\/\/zettransport.com\/#website","url":"https:\/\/zettransport.com\/","name":"Zettransport","description":"Your logistic partner","potentialAction":[{"@type":"SearchAction","target":{"@type":"EntryPoint","urlTemplate":"https:\/\/zettransport.com\/?s={search_term_string}"},"query-input":"required name=search_term_string"}],"inLanguage":"en-US"}]}},"_links":{"self":[{"href":"https:\/\/zettransport.com\/en\/wp-json\/wp\/v2\/pages\/393"}],"collection":[{"href":"https:\/\/zettransport.com\/en\/wp-json\/wp\/v2\/pages"}],"about":[{"href":"https:\/\/zettransport.com\/en\/wp-json\/wp\/v2\/types\/page"}],"author":[{"embeddable":true,"href":"https:\/\/zettransport.com\/en\/wp-json\/wp\/v2\/users\/1"}],"replies":[{"embeddable":true,"href":"https:\/\/zettransport.com\/en\/wp-json\/wp\/v2\/comments?post=393"}],"version-history":[{"count":15,"href":"https:\/\/zettransport.com\/en\/wp-json\/wp\/v2\/pages\/393\/revisions"}],"predecessor-version":[{"id":2860,"href":"https:\/\/zettransport.com\/en\/wp-json\/wp\/v2\/pages\/393\/revisions\/2860"}],"wp:featuredmedia":[{"embeddable":true,"href":"https:\/\/zettransport.com\/en\/wp-json\/wp\/v2\/media\/1362"}],"wp:attachment":[{"href":"https:\/\/zettransport.com\/en\/wp-json\/wp\/v2\/media?parent=393"}],"curies":[{"name":"wp","href":"https:\/\/api.w.org\/{rel}","templated":true}]}}