{"id":405,"date":"2017-07-24T10:39:08","date_gmt":"2017-07-24T08:39:08","guid":{"rendered":"https:\/\/zettransport.com\/?page_id=405\/"},"modified":"2017-12-18T11:39:21","modified_gmt":"2017-12-18T10:39:21","slug":"subcontractors","status":"publish","type":"page","link":"https:\/\/zettransport.com\/en\/career\/subcontractors\/","title":{"rendered":"Subcontractors"},"content":{"rendered":"<p><strong>Zapraszamy do sta\u0142ej wsp\u00f3\u0142pracy z firm\u0105 ZET Transport w zakresie przewoz\u00f3w mi\u0119dzynarodowych i krajowych w relacjach:<\/strong><\/p>\n<div class=\"row\"><br \/>\n<div class=\"col-2\"><\/div><\/p>\n<ul class=\"custom-list\">\n<li>Polska &lt;-&gt; Europa Zachodnia i Po\u0142udniowa + Skandynawia,<\/li>\n<li>Przewozy pomi\u0119dzy krajami UE + CH (ok. 4 tygodnie poza PL),<\/li>\n<li>Polska &lt;-&gt; WNP (m.in. Ukraina, Rosja, Kazachstan).<\/li>\n<\/ul>\n<p><\/div>\n<p><strong>Oferujemy:<\/strong><\/p>\n<div class=\"row\"><br \/>\n<div class=\"col-2\"><\/div><\/p>\n<ul class=\"custom-list\">\n<li>atrakcyjne stawki,<\/li>\n<li>karty paliwowe,<\/li>\n<li>atrakcyjne warunki p\u0142atno\u015bci (mo\u017cliwo\u015b\u0107 skr\u00f3cenia terminu p\u0142atno\u015bci),<\/li>\n<li>mo\u017cliwo\u015b\u0107 dzier\u017cawy naczep, ci\u0105gnik\u00f3w i telematyki,<\/li>\n<li>serwis sprz\u0119tu w promocyjnych cenach.<\/li>\n<\/ul>\n<p><\/div>\n<h3>Jeste\u015bmy gotowi spotka\u0107 si\u0119 z Pa\u0144stwem osobi\u015bcie, aby w pe\u0142ni zaprezentowa\u0107 szczeg\u00f3\u0142y oferty oraz nasz\u0105 firm\u0119<\/h3>\n<h3>Kontakt<\/h3>\n<p>Zainteresowanych prosimy o kontakt:<\/p>\n<p>tel: +48 18 44 96 825<br \/>\ntel: +48 18 44 96 829<\/p>\n<p><a href=\"mailto:przewoznik@zettransport.com\">przewoznik@zettransport.com<\/a><\/p>\n","protected":false},"excerpt":{"rendered":"<p>Zapraszamy do sta\u0142ej wsp\u00f3\u0142pracy z firm\u0105 ZET Transport w zakresie przewoz\u00f3w mi\u0119dzynarodowych i krajowych w relacjach: Oferujemy: Jeste\u015bmy gotowi spotka\u0107 si\u0119 z Pa\u0144stwem osobi\u015bcie, aby w pe\u0142ni zaprezentowa\u0107 szczeg\u00f3\u0142y oferty oraz nasz\u0105 firm\u0119 Kontakt Zainteresowanych prosimy o kontakt: tel: +48 18 44 96 825 tel: +48 18 44 96 829 przewoznik@zettransport.com<\/p>\n","protected":false},"author":1,"featured_media":1370,"parent":401,"menu_order":166,"comment_status":"closed","ping_status":"closed","template":"","meta":{"inline_featured_image":false,"_mi_skip_tracking":false},"acf":[],"yoast_head":"<!-- This site is optimized with the Yoast SEO plugin v19.7.1 - https:\/\/yoast.com\/wordpress\/plugins\/seo\/ -->\n<title>Subcontractors - Zettransport %<\/title>\n<meta name=\"robots\" content=\"index, follow, max-snippet:-1, max-image-preview:large, max-video-preview:-1\" \/>\n<link rel=\"canonical\" href=\"https:\/\/zettransport.com\/en\/career\/subcontractors\/\" \/>\n<meta property=\"og:locale\" content=\"en_US\" \/>\n<meta property=\"og:type\" content=\"article\" \/>\n<meta property=\"og:title\" content=\"Subcontractors - Zettransport %\" \/>\n<meta property=\"og:description\" content=\"Zapraszamy do sta\u0142ej wsp\u00f3\u0142pracy z firm\u0105 ZET Transport w zakresie przewoz\u00f3w mi\u0119dzynarodowych i krajowych w relacjach: Oferujemy: Jeste\u015bmy gotowi spotka\u0107 si\u0119 z Pa\u0144stwem osobi\u015bcie, aby w pe\u0142ni zaprezentowa\u0107 szczeg\u00f3\u0142y oferty oraz nasz\u0105 firm\u0119 Kontakt Zainteresowanych prosimy o kontakt: tel: +48 18 44 96 825 tel: +48 18 44 96 829 przewoznik@zettransport.com\" \/>\n<meta property=\"og:url\" content=\"https:\/\/zettransport.com\/en\/career\/subcontractors\/\" \/>\n<meta property=\"og:site_name\" content=\"Zettransport\" \/>\n<meta property=\"article:modified_time\" content=\"2017-12-18T10:39:21+00:00\" \/>\n<meta property=\"og:image\" content=\"https:\/\/zettransport.com\/wp-content\/uploads\/2017\/07\/podwykonwacy_kariera.jpg\" \/>\n\t<meta property=\"og:image:width\" content=\"1687\" \/>\n\t<meta property=\"og:image:height\" content=\"1126\" \/>\n\t<meta property=\"og:image:type\" content=\"image\/jpeg\" \/>\n<meta name=\"twitter:card\" content=\"summary\" \/>\n<meta name=\"twitter:label1\" content=\"Est. reading time\" \/>\n\t<meta name=\"twitter:data1\" content=\"1 minute\" \/>\n<script type=\"application\/ld+json\" class=\"yoast-schema-graph\">{\"@context\":\"https:\/\/schema.org\",\"@graph\":[{\"@type\":\"WebPage\",\"@id\":\"https:\/\/zettransport.com\/en\/career\/subcontractors\/\",\"url\":\"https:\/\/zettransport.com\/en\/career\/subcontractors\/\",\"name\":\"Subcontractors - Zettransport %\",\"isPartOf\":{\"@id\":\"https:\/\/zettransport.com\/#website\"},\"datePublished\":\"2017-07-24T08:39:08+00:00\",\"dateModified\":\"2017-12-18T10:39:21+00:00\",\"breadcrumb\":{\"@id\":\"https:\/\/zettransport.com\/en\/career\/subcontractors\/#breadcrumb\"},\"inLanguage\":\"en-US\",\"potentialAction\":[{\"@type\":\"ReadAction\",\"target\":[\"https:\/\/zettransport.com\/en\/career\/subcontractors\/\"]}]},{\"@type\":\"BreadcrumbList\",\"@id\":\"https:\/\/zettransport.com\/en\/career\/subcontractors\/#breadcrumb\",\"itemListElement\":[{\"@type\":\"ListItem\",\"position\":1,\"name\":\"Strona g\u0142\u00f3wna\",\"item\":\"https:\/\/zettransport.com\/en\/\"},{\"@type\":\"ListItem\",\"position\":2,\"name\":\"Career\",\"item\":\"https:\/\/zettransport.com\/en\/career\/\"},{\"@type\":\"ListItem\",\"position\":3,\"name\":\"Subcontractors\"}]},{\"@type\":\"WebSite\",\"@id\":\"https:\/\/zettransport.com\/#website\",\"url\":\"https:\/\/zettransport.com\/\",\"name\":\"Zettransport\",\"description\":\"Your logistic partner\",\"potentialAction\":[{\"@type\":\"SearchAction\",\"target\":{\"@type\":\"EntryPoint\",\"urlTemplate\":\"https:\/\/zettransport.com\/?s={search_term_string}\"},\"query-input\":\"required name=search_term_string\"}],\"inLanguage\":\"en-US\"}]}<\/script>\n<!-- \/ Yoast SEO plugin. -->","yoast_head_json":{"title":"Subcontractors - Zettransport %","robots":{"index":"index","follow":"follow","max-snippet":"max-snippet:-1","max-image-preview":"max-image-preview:large","max-video-preview":"max-video-preview:-1"},"canonical":"https:\/\/zettransport.com\/en\/career\/subcontractors\/","og_locale":"en_US","og_type":"article","og_title":"Subcontractors - Zettransport %","og_description":"Zapraszamy do sta\u0142ej wsp\u00f3\u0142pracy z firm\u0105 ZET Transport w zakresie przewoz\u00f3w mi\u0119dzynarodowych i krajowych w relacjach: Oferujemy: Jeste\u015bmy gotowi spotka\u0107 si\u0119 z Pa\u0144stwem osobi\u015bcie, aby w pe\u0142ni zaprezentowa\u0107 szczeg\u00f3\u0142y oferty oraz nasz\u0105 firm\u0119 Kontakt Zainteresowanych prosimy o kontakt: tel: +48 18 44 96 825 tel: +48 18 44 96 829 przewoznik@zettransport.com","og_url":"https:\/\/zettransport.com\/en\/career\/subcontractors\/","og_site_name":"Zettransport","article_modified_time":"2017-12-18T10:39:21+00:00","og_image":[{"width":1687,"height":1126,"url":"https:\/\/zettransport.com\/wp-content\/uploads\/2017\/07\/podwykonwacy_kariera.jpg","type":"image\/jpeg"}],"twitter_card":"summary","twitter_misc":{"Est. reading time":"1 minute"},"schema":{"@context":"https:\/\/schema.org","@graph":[{"@type":"WebPage","@id":"https:\/\/zettransport.com\/en\/career\/subcontractors\/","url":"https:\/\/zettransport.com\/en\/career\/subcontractors\/","name":"Subcontractors - Zettransport %","isPartOf":{"@id":"https:\/\/zettransport.com\/#website"},"datePublished":"2017-07-24T08:39:08+00:00","dateModified":"2017-12-18T10:39:21+00:00","breadcrumb":{"@id":"https:\/\/zettransport.com\/en\/career\/subcontractors\/#breadcrumb"},"inLanguage":"en-US","potentialAction":[{"@type":"ReadAction","target":["https:\/\/zettransport.com\/en\/career\/subcontractors\/"]}]},{"@type":"BreadcrumbList","@id":"https:\/\/zettransport.com\/en\/career\/subcontractors\/#breadcrumb","itemListElement":[{"@type":"ListItem","position":1,"name":"Strona g\u0142\u00f3wna","item":"https:\/\/zettransport.com\/en\/"},{"@type":"ListItem","position":2,"name":"Career","item":"https:\/\/zettransport.com\/en\/career\/"},{"@type":"ListItem","position":3,"name":"Subcontractors"}]},{"@type":"WebSite","@id":"https:\/\/zettransport.com\/#website","url":"https:\/\/zettransport.com\/","name":"Zettransport","description":"Your logistic partner","potentialAction":[{"@type":"SearchAction","target":{"@type":"EntryPoint","urlTemplate":"https:\/\/zettransport.com\/?s={search_term_string}"},"query-input":"required name=search_term_string"}],"inLanguage":"en-US"}]}},"_links":{"self":[{"href":"https:\/\/zettransport.com\/en\/wp-json\/wp\/v2\/pages\/405"}],"collection":[{"href":"https:\/\/zettransport.com\/en\/wp-json\/wp\/v2\/pages"}],"about":[{"href":"https:\/\/zettransport.com\/en\/wp-json\/wp\/v2\/types\/page"}],"author":[{"embeddable":true,"href":"https:\/\/zettransport.com\/en\/wp-json\/wp\/v2\/users\/1"}],"replies":[{"embeddable":true,"href":"https:\/\/zettransport.com\/en\/wp-json\/wp\/v2\/comments?post=405"}],"version-history":[{"count":2,"href":"https:\/\/zettransport.com\/en\/wp-json\/wp\/v2\/pages\/405\/revisions"}],"predecessor-version":[{"id":804,"href":"https:\/\/zettransport.com\/en\/wp-json\/wp\/v2\/pages\/405\/revisions\/804"}],"up":[{"embeddable":true,"href":"https:\/\/zettransport.com\/en\/wp-json\/wp\/v2\/pages\/401"}],"wp:featuredmedia":[{"embeddable":true,"href":"https:\/\/zettransport.com\/en\/wp-json\/wp\/v2\/media\/1370"}],"wp:attachment":[{"href":"https:\/\/zettransport.com\/en\/wp-json\/wp\/v2\/media?parent=405"}],"curies":[{"name":"wp","href":"https:\/\/api.w.org\/{rel}","templated":true}]}}