{"id":406,"date":"2017-07-24T10:41:28","date_gmt":"2017-07-24T08:41:28","guid":{"rendered":"https:\/\/zettransport.com\/?page_id=406\/"},"modified":"2017-12-18T11:43:35","modified_gmt":"2017-12-18T10:43:35","slug":"freight-forwarders","status":"publish","type":"page","link":"https:\/\/zettransport.com\/en\/career\/freight-forwarders\/","title":{"rendered":"Freight Forwarders"},"content":{"rendered":"<p>Osoba zatrudniona na tym stanowisku odpowiedzialna b\u0119dzie za organizacj\u0119, nadz\u00f3r i bie\u017c\u0105c\u0105 obs\u0142ug\u0119 zlece\u0144 spedycyjno-transportowych. <strong>Miejsce pracy: Nowy S\u0105cz<\/strong><\/p>\n<p><strong>Oferujemy:<\/strong><\/p>\n<div class=\"row\"><br \/>\n<div class=\"col-2\"><\/div><\/p>\n<ul class=\"custom-list\">\n<li>sta\u0142\u0105, pewn\u0105 prac\u0119 w firmie o ugruntowanej, silnej pozycji rynkowej<\/li>\n<li>mo\u017cliwo\u015bci rozwoju zawodowego, tak\u017ce w formie profesjonalnych szkole\u0144<\/li>\n<li>mo\u017cliwo\u015b\u0107 wykorzystania potencja\u0142u pomys\u0142\u00f3w i do\u015bwiadcze\u0144 zawodowych<\/li>\n<li>satysfakcjonuj\u0105ce wynagrodzenie<\/li>\n<\/ul>\n<p><\/div>\n<p><strong>Wymagania:<\/strong><\/p>\n<div class=\"row\"><br \/>\n<div class=\"col-2\"><\/div><\/p>\n<ul class=\"custom-list\">\n<li>do\u015bwiadczenia w pracy na podobnym stanowisku w bran\u017cy transportowej lub spedycyjnej<\/li>\n<li>znajomo\u015bci j\u0119zyka niemieckiego i\/lub angielskiego<\/li>\n<li>kreatywno\u015bci i samodzielno\u015bci w dzia\u0142aniu<\/li>\n<\/ul>\n<p><\/div>\n<p>Kandydat\u00f3w prosimy o przes\u0142anie CV wraz z listem motywacyjnym na adres:<\/p>\n<p><a href=\"mailto:rekrutacja@zettransport.com\">rekrutacja@zettransport.com<\/a><\/p>\n<p>Zastrzegamy sobie prawo do odpowiedzi tylko na wybrane oferty.<br \/>\nNades\u0142anych aplikacji nie zwracamy.<\/p>\n<p>Prosimy o dopisanie klauzuli: \u201eWyra\u017cam zgod\u0119 na przetwarzanie moich danych osobowych dla potrzeb niezb\u0119dnych do realizacji procesu rekrutacji (zgodnie z ustaw\u0105 z dnia 29.08.1997 roku o Ochronie Danych Osobowych Dz.U. Nr 133 poz.883 z p\u00f3\u017an. zmianami, tekst jednolity Dz.U. 2014 poz. 1182, 1662). Zosta\u0142em(am) poinformowany(a) o przys\u0142uguj\u0105cym mi prawie dost\u0119pu do tre\u015bci moich danych oraz prawie ich poprawiania.\u201d<\/p>\n<p><strong>Podanie danych osobowych jest dobrowolne, lecz niezb\u0119dne dla cel\u00f3w rekrutacji prowadzonej przez Sp\u00f3\u0142k\u0119.<\/strong><\/p>\n<h3>Kontakt<\/h3>\n<p>tel. +48 18 44 96 810<br \/>\ntel. +48 18 44 96 825<br \/>\n<a href=\"mailto:rekrutacja@zettransport.com\">rekrutacja@zettransport.com<\/a><\/p>\n<div role=\"form\" class=\"wpcf7\" id=\"wpcf7-f120-o1\" lang=\"pl-PL\" dir=\"ltr\">\n<div class=\"screen-reader-response\"><p role=\"status\" aria-live=\"polite\" aria-atomic=\"true\"><\/p> <ul><\/ul><\/div>\n<form action=\"\/en\/wp-json\/wp\/v2\/pages\/406#wpcf7-f120-o1\" method=\"post\" class=\"wpcf7-form init\" enctype=\"multipart\/form-data\" novalidate=\"novalidate\" data-status=\"init\">\n<div style=\"display: none;\">\n<input type=\"hidden\" name=\"_wpcf7\" value=\"120\" \/>\n<input type=\"hidden\" name=\"_wpcf7_version\" value=\"5.6.3\" \/>\n<input type=\"hidden\" name=\"_wpcf7_locale\" value=\"pl_PL\" \/>\n<input type=\"hidden\" name=\"_wpcf7_unit_tag\" value=\"wpcf7-f120-o1\" \/>\n<input type=\"hidden\" name=\"_wpcf7_container_post\" value=\"0\" \/>\n<input type=\"hidden\" name=\"_wpcf7_posted_data_hash\" value=\"\" \/>\n<input type=\"hidden\" name=\"_wpcf7_recaptcha_response\" value=\"\" \/>\n<\/div>\n<div class=\"cl-2\">\n<p><span class=\"wpcf7-form-control-wrap\" data-name=\"text-637\"><input type=\"text\" name=\"text-637\" value=\"\" size=\"40\" class=\"wpcf7-form-control wpcf7-text wpcf7-validates-as-required\" aria-required=\"true\" aria-invalid=\"false\" placeholder=\"Imie\" \/><\/span><\/p>\n<p><span class=\"wpcf7-form-control-wrap\" data-name=\"text-638\"><input type=\"text\" name=\"text-638\" value=\"\" size=\"40\" class=\"wpcf7-form-control wpcf7-text wpcf7-validates-as-required\" aria-required=\"true\" aria-invalid=\"false\" placeholder=\"Nazwisko\" \/><\/span><\/p>\n<p><span class=\"wpcf7-form-control-wrap\" data-name=\"tel-990\"><input type=\"tel\" name=\"tel-990\" value=\"\" size=\"40\" class=\"wpcf7-form-control wpcf7-text wpcf7-tel wpcf7-validates-as-required wpcf7-validates-as-tel\" aria-required=\"true\" aria-invalid=\"false\" placeholder=\"Telefon\" \/><\/span><\/p>\n<p><span class=\"wpcf7-form-control-wrap\" data-name=\"email-139\"><input type=\"email\" name=\"email-139\" value=\"\" size=\"40\" class=\"wpcf7-form-control wpcf7-text wpcf7-email wpcf7-validates-as-required wpcf7-validates-as-email\" aria-required=\"true\" aria-invalid=\"false\" placeholder=\"Email\" \/><\/span><\/p>\n<p><label for=\"file\" class=\"file_ctrl\">Za\u0142\u0105cz plik<span class=\"wpcf7-form-control-wrap\" data-name=\"file-703\"><input type=\"file\" name=\"file-703\" size=\"40\" class=\"wpcf7-form-control wpcf7-file\" id=\"file\" accept=\"audio\/*,video\/*,image\/*\" aria-invalid=\"false\" \/><\/span><\/label><\/p>\n<\/div>\n<div class=\"cl-2\">\n\t<span class=\"wpcf7-form-control-wrap\" data-name=\"textarea-374\"><textarea name=\"textarea-374\" cols=\"40\" rows=\"10\" class=\"wpcf7-form-control wpcf7-textarea\" aria-invalid=\"false\" placeholder=\"Tre\u015b\u0107 wiadomo\u015bci\"><\/textarea><\/span>\n<\/div>\n<div style=\"height:100%;\">\n<span class=\"wpcf7-form-control-wrap\" data-name=\"checkbox-539\"><span class=\"wpcf7-form-control wpcf7-checkbox wpcf7-validates-as-required wpcf7-exclusive-checkbox\"><span class=\"wpcf7-list-item first last\"><input type=\"checkbox\" name=\"checkbox-539\" value=\"Zgodnie z art.6 ust.1 lit. a og\u00f3lnego rozporz\u0105dzenia o ochronie danych osobowych z dnia 27 kwietnia 2016 r. (Dz. Urz. UE L 119 z 04.05.2016) wyra\u017cam zgod\u0119 na przetwarzanie danych osobowych w celu rekrutacji i p\u00f3\u017aniejszego kontaktu oraz zapozna\u0142em si\u0119 z polityk\u0105 prywatno\u015bci.\" \/><span class=\"wpcf7-list-item-label\">Zgodnie z art.6 ust.1 lit. a og\u00f3lnego rozporz\u0105dzenia o ochronie danych osobowych z dnia 27 kwietnia 2016 r. (Dz. Urz. UE L 119 z 04.05.2016) wyra\u017cam zgod\u0119 na przetwarzanie danych osobowych w celu rekrutacji i p\u00f3\u017aniejszego kontaktu oraz zapozna\u0142em si\u0119 z polityk\u0105 prywatno\u015bci.<\/span><\/span><\/span><\/span>\n<\/div>\n<div class=\"cl-1\">\n\n<\/div>\n<div class=\"cl-1\">\n       <input type=\"submit\" value=\"Wy\u015blij formularz\" class=\"wpcf7-form-control has-spinner wpcf7-submit btn black\" \/>\n<\/div>\n<div>\n<p><br\/><br \/>\n<b>Klauzula informacyjna<\/b><br\/><br \/>\nZgodnie z art. 13 og\u00f3lnego rozporz\u0105dzenia o ochronie danych osobowych z dnia 27 kwietnia 2016 r. informuj\u0119, i\u017c:<\/p>\n<p>1) administratorem Pani\/Pana danych osobowych jest ZETTRANSPORT SP z.o.o. z siedzib\u0105 w Nowym S\u0105czu ul. Flisak\u00f3w 1<br \/>\n2) kontakt z Inspektorem Ochrony Danych Norbertem Boguckim mo\u017cliwy jest pod adresem email boguckin@bestwayconsulting.pl<br \/>\n3) Pani\/Pana dane osobowe przetwarzane b\u0119d\u0105 w celu rekrutacji. na podstawie Art. 6 ust. 1 lit. a - og\u00f3lnego rozporz\u0105dzenia o ochronie danych osobowych z dnia 27 kwietnia 2016 r.,<br \/>\n4) odbiorcami Pana\/Pani danych osobowych b\u0119d\u0105 dzia\u0142 kadr, rekrutacji.<br \/>\n5) Pana\/Pani dane osobowe przechowywane b\u0119d\u0105 przez okres 6 miesi\u0119cy lub do czasu zako\u0144czenia procesu rekrutacji<br \/>\n6) posiada Pani\/Pan prawo do: \u017c\u0105dania od administratora dost\u0119pu do danych osobowych, prawo do ich sprostowania, usuni\u0119cia lub ograniczenia przetwarzania, prawo do wniesienia sprzeciwu wobec przetwarzania, a tak\u017ce prawo do przenoszenia danych<br \/>\n7) ma Pan\/Pani prawo wniesienia skargi do organu nadzorczego<br \/>\n8) podanie danych osobowych jest dobrowolne, jednak\u017ce niepodanie danych w zakresie wymaganym przez administratora mo\u017ce skutkowa\u0107 wstrzymaniem rekrutacji.\n<\/p><\/div>\n<div class=\"wpcf7-response-output\" aria-hidden=\"true\"><\/div><\/form><\/div>\n","protected":false},"excerpt":{"rendered":"<p>Osoba zatrudniona na tym stanowisku odpowiedzialna b\u0119dzie za organizacj\u0119, nadz\u00f3r i bie\u017c\u0105c\u0105 obs\u0142ug\u0119 zlece\u0144 spedycyjno-transportowych. Miejsce pracy: Nowy S\u0105cz Oferujemy: Wymagania: Kandydat\u00f3w prosimy o przes\u0142anie CV wraz z listem motywacyjnym na adres: rekrutacja@zettransport.com Zastrzegamy sobie prawo do odpowiedzi tylko na wybrane oferty. Nades\u0142anych aplikacji nie zwracamy. Prosimy o dopisanie klauzuli: \u201eWyra\u017cam zgod\u0119 na przetwarzanie moich [&hellip;]<\/p>\n","protected":false},"author":1,"featured_media":1368,"parent":401,"menu_order":103,"comment_status":"closed","ping_status":"closed","template":"","meta":{"inline_featured_image":false,"_mi_skip_tracking":false},"acf":[],"yoast_head":"<!-- This site is optimized with the Yoast SEO plugin v19.7.1 - https:\/\/yoast.com\/wordpress\/plugins\/seo\/ -->\n<title>Freight Forwarders - Zettransport %<\/title>\n<meta name=\"robots\" content=\"index, follow, max-snippet:-1, max-image-preview:large, max-video-preview:-1\" \/>\n<link rel=\"canonical\" href=\"https:\/\/zettransport.com\/en\/career\/freight-forwarders\/\" \/>\n<meta property=\"og:locale\" content=\"en_US\" \/>\n<meta property=\"og:type\" content=\"article\" \/>\n<meta property=\"og:title\" content=\"Freight Forwarders - Zettransport %\" \/>\n<meta property=\"og:description\" content=\"Osoba zatrudniona na tym stanowisku odpowiedzialna b\u0119dzie za organizacj\u0119, nadz\u00f3r i bie\u017c\u0105c\u0105 obs\u0142ug\u0119 zlece\u0144 spedycyjno-transportowych. Miejsce pracy: Nowy S\u0105cz Oferujemy: Wymagania: Kandydat\u00f3w prosimy o przes\u0142anie CV wraz z listem motywacyjnym na adres: rekrutacja@zettransport.com Zastrzegamy sobie prawo do odpowiedzi tylko na wybrane oferty. Nades\u0142anych aplikacji nie zwracamy. Prosimy o dopisanie klauzuli: \u201eWyra\u017cam zgod\u0119 na przetwarzanie moich [&hellip;]\" \/>\n<meta property=\"og:url\" content=\"https:\/\/zettransport.com\/en\/career\/freight-forwarders\/\" \/>\n<meta property=\"og:site_name\" content=\"Zettransport\" \/>\n<meta property=\"article:modified_time\" content=\"2017-12-18T10:43:35+00:00\" \/>\n<meta property=\"og:image\" content=\"https:\/\/zettransport.com\/wp-content\/uploads\/2017\/07\/spedytora.jpg\" \/>\n\t<meta property=\"og:image:width\" content=\"640\" \/>\n\t<meta property=\"og:image:height\" content=\"320\" \/>\n\t<meta property=\"og:image:type\" content=\"image\/jpeg\" \/>\n<meta name=\"twitter:card\" content=\"summary\" \/>\n<meta name=\"twitter:label1\" content=\"Est. reading time\" \/>\n\t<meta name=\"twitter:data1\" content=\"1 minute\" \/>\n<script type=\"application\/ld+json\" class=\"yoast-schema-graph\">{\"@context\":\"https:\/\/schema.org\",\"@graph\":[{\"@type\":\"WebPage\",\"@id\":\"https:\/\/zettransport.com\/en\/career\/freight-forwarders\/\",\"url\":\"https:\/\/zettransport.com\/en\/career\/freight-forwarders\/\",\"name\":\"Freight Forwarders - Zettransport %\",\"isPartOf\":{\"@id\":\"https:\/\/zettransport.com\/#website\"},\"datePublished\":\"2017-07-24T08:41:28+00:00\",\"dateModified\":\"2017-12-18T10:43:35+00:00\",\"breadcrumb\":{\"@id\":\"https:\/\/zettransport.com\/en\/career\/freight-forwarders\/#breadcrumb\"},\"inLanguage\":\"en-US\",\"potentialAction\":[{\"@type\":\"ReadAction\",\"target\":[\"https:\/\/zettransport.com\/en\/career\/freight-forwarders\/\"]}]},{\"@type\":\"BreadcrumbList\",\"@id\":\"https:\/\/zettransport.com\/en\/career\/freight-forwarders\/#breadcrumb\",\"itemListElement\":[{\"@type\":\"ListItem\",\"position\":1,\"name\":\"Strona g\u0142\u00f3wna\",\"item\":\"https:\/\/zettransport.com\/en\/\"},{\"@type\":\"ListItem\",\"position\":2,\"name\":\"Career\",\"item\":\"https:\/\/zettransport.com\/en\/career\/\"},{\"@type\":\"ListItem\",\"position\":3,\"name\":\"Freight Forwarders\"}]},{\"@type\":\"WebSite\",\"@id\":\"https:\/\/zettransport.com\/#website\",\"url\":\"https:\/\/zettransport.com\/\",\"name\":\"Zettransport\",\"description\":\"Your logistic partner\",\"potentialAction\":[{\"@type\":\"SearchAction\",\"target\":{\"@type\":\"EntryPoint\",\"urlTemplate\":\"https:\/\/zettransport.com\/?s={search_term_string}\"},\"query-input\":\"required name=search_term_string\"}],\"inLanguage\":\"en-US\"}]}<\/script>\n<!-- \/ Yoast SEO plugin. -->","yoast_head_json":{"title":"Freight Forwarders - Zettransport %","robots":{"index":"index","follow":"follow","max-snippet":"max-snippet:-1","max-image-preview":"max-image-preview:large","max-video-preview":"max-video-preview:-1"},"canonical":"https:\/\/zettransport.com\/en\/career\/freight-forwarders\/","og_locale":"en_US","og_type":"article","og_title":"Freight Forwarders - Zettransport %","og_description":"Osoba zatrudniona na tym stanowisku odpowiedzialna b\u0119dzie za organizacj\u0119, nadz\u00f3r i bie\u017c\u0105c\u0105 obs\u0142ug\u0119 zlece\u0144 spedycyjno-transportowych. Miejsce pracy: Nowy S\u0105cz Oferujemy: Wymagania: Kandydat\u00f3w prosimy o przes\u0142anie CV wraz z listem motywacyjnym na adres: rekrutacja@zettransport.com Zastrzegamy sobie prawo do odpowiedzi tylko na wybrane oferty. Nades\u0142anych aplikacji nie zwracamy. Prosimy o dopisanie klauzuli: \u201eWyra\u017cam zgod\u0119 na przetwarzanie moich [&hellip;]","og_url":"https:\/\/zettransport.com\/en\/career\/freight-forwarders\/","og_site_name":"Zettransport","article_modified_time":"2017-12-18T10:43:35+00:00","og_image":[{"width":640,"height":320,"url":"https:\/\/zettransport.com\/wp-content\/uploads\/2017\/07\/spedytora.jpg","type":"image\/jpeg"}],"twitter_card":"summary","twitter_misc":{"Est. reading time":"1 minute"},"schema":{"@context":"https:\/\/schema.org","@graph":[{"@type":"WebPage","@id":"https:\/\/zettransport.com\/en\/career\/freight-forwarders\/","url":"https:\/\/zettransport.com\/en\/career\/freight-forwarders\/","name":"Freight Forwarders - Zettransport %","isPartOf":{"@id":"https:\/\/zettransport.com\/#website"},"datePublished":"2017-07-24T08:41:28+00:00","dateModified":"2017-12-18T10:43:35+00:00","breadcrumb":{"@id":"https:\/\/zettransport.com\/en\/career\/freight-forwarders\/#breadcrumb"},"inLanguage":"en-US","potentialAction":[{"@type":"ReadAction","target":["https:\/\/zettransport.com\/en\/career\/freight-forwarders\/"]}]},{"@type":"BreadcrumbList","@id":"https:\/\/zettransport.com\/en\/career\/freight-forwarders\/#breadcrumb","itemListElement":[{"@type":"ListItem","position":1,"name":"Strona g\u0142\u00f3wna","item":"https:\/\/zettransport.com\/en\/"},{"@type":"ListItem","position":2,"name":"Career","item":"https:\/\/zettransport.com\/en\/career\/"},{"@type":"ListItem","position":3,"name":"Freight Forwarders"}]},{"@type":"WebSite","@id":"https:\/\/zettransport.com\/#website","url":"https:\/\/zettransport.com\/","name":"Zettransport","description":"Your logistic partner","potentialAction":[{"@type":"SearchAction","target":{"@type":"EntryPoint","urlTemplate":"https:\/\/zettransport.com\/?s={search_term_string}"},"query-input":"required name=search_term_string"}],"inLanguage":"en-US"}]}},"_links":{"self":[{"href":"https:\/\/zettransport.com\/en\/wp-json\/wp\/v2\/pages\/406"}],"collection":[{"href":"https:\/\/zettransport.com\/en\/wp-json\/wp\/v2\/pages"}],"about":[{"href":"https:\/\/zettransport.com\/en\/wp-json\/wp\/v2\/types\/page"}],"author":[{"embeddable":true,"href":"https:\/\/zettransport.com\/en\/wp-json\/wp\/v2\/users\/1"}],"replies":[{"embeddable":true,"href":"https:\/\/zettransport.com\/en\/wp-json\/wp\/v2\/comments?post=406"}],"version-history":[{"count":2,"href":"https:\/\/zettransport.com\/en\/wp-json\/wp\/v2\/pages\/406\/revisions"}],"predecessor-version":[{"id":803,"href":"https:\/\/zettransport.com\/en\/wp-json\/wp\/v2\/pages\/406\/revisions\/803"}],"up":[{"embeddable":true,"href":"https:\/\/zettransport.com\/en\/wp-json\/wp\/v2\/pages\/401"}],"wp:featuredmedia":[{"embeddable":true,"href":"https:\/\/zettransport.com\/en\/wp-json\/wp\/v2\/media\/1368"}],"wp:attachment":[{"href":"https:\/\/zettransport.com\/en\/wp-json\/wp\/v2\/media?parent=406"}],"curies":[{"name":"wp","href":"https:\/\/api.w.org\/{rel}","templated":true}]}}